{"id":10519,"date":"2024-06-03T01:24:19","date_gmt":"2024-06-02T23:24:19","guid":{"rendered":"https:\/\/floranixena.it\/product\/pearly-white\/"},"modified":"2025-08-20T12:02:32","modified_gmt":"2025-08-20T10:02:32","slug":"bunch-of-carnations-and-lilies","status":"publish","type":"product","link":"https:\/\/floranixena.it\/en\/product\/bunch-of-carnations-and-lilies\/","title":{"rendered":"Pearly White"},"content":{"rendered":"<p>A breathtaking arrangement of elegant <a href=\"https:\/\/floranixena.it\/en\/prodotto\/20-roses-white\/\" target=\"_blank\" rel=\"noopener\"><strong>white roses<\/strong><\/a> and white <strong>Liliums <\/strong>with white <strong>carnations<\/strong> and decorative greenery, with the possibility of having them delivered with a vase. Send the sparkling image of eternal love into the heart of your loved one with the White Lilium and Rose Bouquet. There is no better message than that of Lilium, which represents purity and nobility, along with the desire for <strong><a href=\"https:\/\/floranixena.it\/en\/catalog\/love-and-romance\/\" target=\"_blank\" rel=\"noopener\">eternal love <\/a><\/strong>symbolized by the white rose.<\/p>\n<p>Putting these symbols together brings royalty not only to his life, but to your life together. Build the future of a noble couple by knowing each other well and intelligently. Let her know all the wonderful aspects of the future you want by sending her a beautiful <a href=\"https:\/\/floranixena.it\/en\/prodotto\/composition-of-lilies-and-roses\/\" target=\"_blank\" rel=\"noopener\"><strong>bouquet <\/strong><\/a>directly. The white <strong><a href=\"https:\/\/floranixena.it\/en\/prodotto\/a-rose-red\/\" target=\"_blank\" rel=\"noopener\">rose&#8217;s <\/a><\/strong>vision of light and the pure majesty of the white lily provide such regal elegance, with the love expressed in this gift.    Touch someone with a feeling so deep that their nobility and elegance emerge.<\/p>\n<p>This beautiful bouquet seems to derive from a dream; inhale the celestial scent that emanates from this cloud of flowers to relax in complete tranquility.<\/p>\n<p><strong>This bouquet with roses, Liliums and carnation<\/strong>s is not just a gift of flowers, but an ode to eternal beauty and endless love. Each petal represents a shared precious moment, each stem a promise of a bright future. <\/p>\n<p>Deliver this bouquet with a smile and a heart full of affection, knowing that every flower is a message of<a href=\"https:\/\/floranixena.it\/en\/prodotto\/bunch-of-roses-carnations-and-white-daisies\/\" target=\"_blank\" rel=\"noopener\"><strong> intense and lasting love.<\/strong><\/a><\/p>\n<p>May its beauty be the reflection of your union and may each petal carry with it the promise of a love that grows and is renewed every day.<\/p>\n","protected":false},"excerpt":{"rendered":"<ul>\n<li style=\"list-style-type: none;\">\n<ul>\n<li style=\"list-style-type: none;\">\n<ul>\n<li>3 white lilies<\/li>\n<li>5 White Carnations<\/li>\n<li>2 white roses<\/li>\n<li>Lisianthus whites<\/li>\n<li>Cinerea<\/li>\n<li>Decorative leaves<\/li>\n<\/ul>\n<\/li>\n<\/ul>\n<\/li>\n<\/ul>\n<p>Vase not included<\/p>\n<p><span style=\"color: #339966;\"><strong>In this product the delivery is free<\/strong><\/span><\/p>\n","protected":false},"featured_media":9958,"comment_status":"open","ping_status":"closed","template":"","meta":[],"product_brand":[],"product_cat":[2369,2432,2371,2446,2372,2462,2376,2459,2460,2456,2420,2457,2455,2415,2450,2451,2378,2362,2437,2423,2454,2458,2438,2387],"product_tag":[2822,2818,2819,2820,2821,2406,2478],"class_list":{"0":"post-10519","1":"product","2":"type-product","3":"status-publish","4":"has-post-thumbnail","6":"product_cat-1st-wedding-anniversary-cotton","7":"product_cat-25th-silver-wedding-anniversary","8":"product_cat-anniversary","9":"product_cat-carnations","10":"product_cat-congratulations","11":"product_cat-easter-occasion","12":"product_cat-flowers-for-events","13":"product_cat-for-a-co-worker-birthday","14":"product_cat-for-a-man-birthday","15":"product_cat-for-grandparents","16":"product_cat-for-mom","17":"product_cat-for-the-sister","18":"product_cat-for-uncles","19":"product_cat-friendship","20":"product_cat-lilium-en","21":"product_cat-lisianthus-en","22":"product_cat-name-day","23":"product_cat-roses","24":"product_cat-spring-flowers","25":"product_cat-summer-flowers","26":"product_cat-thank-you","27":"product_cat-to-a-friend","28":"product_cat-wedding","29":"product_cat-womens-day","30":"product_tag-bouquet-of-white-flowers","31":"product_tag-cinerea-en","32":"product_tag-cinerea-en-2","33":"product_tag-garofani-bianchi-en","34":"product_tag-gerbere-bianche-en","35":"product_tag-lilium-en","36":"product_tag-lisianthus-en","38":"first","39":"instock","40":"shipping-taxable","41":"purchasable","42":"product-type-simple"},"yoast_head":"<!-- This site is optimized with the Yoast SEO Premium plugin v27.5 (Yoast SEO v27.5) - https:\/\/yoast.com\/product\/yoast-seo-premium-wordpress\/ -->\n<title>Bouquet of Liliums and Carnations - FloraNixena - flower and plant delivery<\/title>\n<meta name=\"description\" content=\"Composition of Lilium, online flower gift to a relative, friend, colleague, for thanks, with same-day home shipping.\" \/>\n<meta name=\"robots\" content=\"index, follow, max-snippet:-1, max-image-preview:large, max-video-preview:-1\" \/>\n<link rel=\"canonical\" href=\"https:\/\/floranixena.it\/en\/product\/bunch-of-carnations-and-lilies\/\" \/>\n<meta property=\"og:locale\" content=\"en_US\" \/>\n<meta property=\"og:type\" content=\"article\" \/>\n<meta property=\"og:title\" content=\"Pearly White\" \/>\n<meta property=\"og:description\" content=\"3 white lilies  5 White Carnations  2 white roses  Lisianthus whites  Cinerea  Decorative leaves   Vase not included In this product the delivery is free\" \/>\n<meta property=\"og:url\" content=\"https:\/\/floranixena.it\/en\/product\/bunch-of-carnations-and-lilies\/\" \/>\n<meta property=\"og:site_name\" content=\"FloraNixena - flower and plant delivery\" \/>\n<meta property=\"article:publisher\" content=\"https:\/\/www.facebook.com\/FloraNixena\/\" \/>\n<meta property=\"article:modified_time\" content=\"2025-08-20T10:02:32+00:00\" \/>\n<meta property=\"og:image\" content=\"https:\/\/floranixena.it\/wp-content\/uploads\/2019\/06\/composizione_di_lilium_e_garofani_e-_rose_regalo_fiori_online_ad_un_parente_amico_collega_per_ringraziamento_scuse_con_spedizione_a_domicilio_in_giornata.jpg\" \/>\n\t<meta property=\"og:image:width\" content=\"800\" \/>\n\t<meta property=\"og:image:height\" content=\"800\" \/>\n\t<meta property=\"og:image:type\" content=\"image\/jpeg\" \/>\n<meta name=\"twitter:card\" content=\"summary_large_image\" \/>\n<meta name=\"twitter:label1\" content=\"Est. reading time\" \/>\n\t<meta name=\"twitter:data1\" content=\"1 minute\" \/>\n<script type=\"application\/ld+json\" class=\"yoast-schema-graph\">{\"@context\":\"https:\\\/\\\/schema.org\",\"@graph\":[{\"@type\":\"WebPage\",\"@id\":\"https:\\\/\\\/floranixena.it\\\/en\\\/product\\\/bunch-of-carnations-and-lilies\\\/\",\"url\":\"https:\\\/\\\/floranixena.it\\\/en\\\/product\\\/bunch-of-carnations-and-lilies\\\/\",\"name\":\"Bouquet of Liliums and Carnations - FloraNixena - flower and plant delivery\",\"isPartOf\":{\"@id\":\"https:\\\/\\\/floranixena.it\\\/en\\\/#website\"},\"primaryImageOfPage\":{\"@id\":\"https:\\\/\\\/floranixena.it\\\/en\\\/product\\\/bunch-of-carnations-and-lilies\\\/#primaryimage\"},\"image\":{\"@id\":\"https:\\\/\\\/floranixena.it\\\/en\\\/product\\\/bunch-of-carnations-and-lilies\\\/#primaryimage\"},\"thumbnailUrl\":\"https:\\\/\\\/floranixena.it\\\/wp-content\\\/uploads\\\/2019\\\/06\\\/composizione_di_lilium_e_garofani_e-_rose_regalo_fiori_online_ad_un_parente_amico_collega_per_ringraziamento_scuse_con_spedizione_a_domicilio_in_giornata.jpg\",\"datePublished\":\"2024-06-02T23:24:19+00:00\",\"dateModified\":\"2025-08-20T10:02:32+00:00\",\"description\":\"Composition of Lilium, online flower gift to a relative, friend, colleague, for thanks, with same-day home shipping.\",\"breadcrumb\":{\"@id\":\"https:\\\/\\\/floranixena.it\\\/en\\\/product\\\/bunch-of-carnations-and-lilies\\\/#breadcrumb\"},\"inLanguage\":\"en-US\",\"potentialAction\":[{\"@type\":\"ReadAction\",\"target\":[\"https:\\\/\\\/floranixena.it\\\/en\\\/product\\\/bunch-of-carnations-and-lilies\\\/\"]}]},{\"@type\":\"ImageObject\",\"inLanguage\":\"en-US\",\"@id\":\"https:\\\/\\\/floranixena.it\\\/en\\\/product\\\/bunch-of-carnations-and-lilies\\\/#primaryimage\",\"url\":\"https:\\\/\\\/floranixena.it\\\/wp-content\\\/uploads\\\/2019\\\/06\\\/composizione_di_lilium_e_garofani_e-_rose_regalo_fiori_online_ad_un_parente_amico_collega_per_ringraziamento_scuse_con_spedizione_a_domicilio_in_giornata.jpg\",\"contentUrl\":\"https:\\\/\\\/floranixena.it\\\/wp-content\\\/uploads\\\/2019\\\/06\\\/composizione_di_lilium_e_garofani_e-_rose_regalo_fiori_online_ad_un_parente_amico_collega_per_ringraziamento_scuse_con_spedizione_a_domicilio_in_giornata.jpg\",\"width\":800,\"height\":800,\"caption\":\"Un equilibrio perfetto tra delicatezza e intensit\u00e0: fiori bianchi in vaso blu per un tocco di classe senza tempo.\"},{\"@type\":\"BreadcrumbList\",\"@id\":\"https:\\\/\\\/floranixena.it\\\/en\\\/product\\\/bunch-of-carnations-and-lilies\\\/#breadcrumb\",\"itemListElement\":[{\"@type\":\"ListItem\",\"position\":1,\"name\":\"Home\",\"item\":\"https:\\\/\\\/floranixena.it\\\/en\\\/\"},{\"@type\":\"ListItem\",\"position\":2,\"name\":\"Shop\",\"item\":\"https:\\\/\\\/floranixena.it\\\/en\\\/shop\\\/\"},{\"@type\":\"ListItem\",\"position\":3,\"name\":\"Pearly White\"}]},{\"@type\":\"WebSite\",\"@id\":\"https:\\\/\\\/floranixena.it\\\/en\\\/#website\",\"url\":\"https:\\\/\\\/floranixena.it\\\/en\\\/\",\"name\":\"FloraNixena - Consegna fiori a domicilio in Italia\",\"description\":\"Invia fiori che raccontano storie\",\"publisher\":{\"@id\":\"https:\\\/\\\/floranixena.it\\\/en\\\/#organization\"},\"alternateName\":\"FloraNixena.it\",\"potentialAction\":[{\"@type\":\"SearchAction\",\"target\":{\"@type\":\"EntryPoint\",\"urlTemplate\":\"https:\\\/\\\/floranixena.it\\\/en\\\/?s={search_term_string}\"},\"query-input\":{\"@type\":\"PropertyValueSpecification\",\"valueRequired\":true,\"valueName\":\"search_term_string\"}}],\"inLanguage\":\"en-US\"},{\"@type\":\"Organization\",\"@id\":\"https:\\\/\\\/floranixena.it\\\/en\\\/#organization\",\"name\":\"FloraNixena.it - Consegna mazzi di fiori, bouquet e piante a domicilio\",\"url\":\"https:\\\/\\\/floranixena.it\\\/en\\\/\",\"logo\":{\"@type\":\"ImageObject\",\"inLanguage\":\"en-US\",\"@id\":\"https:\\\/\\\/floranixena.it\\\/en\\\/#\\\/schema\\\/logo\\\/image\\\/\",\"url\":\"https:\\\/\\\/floranixena.it\\\/wp-content\\\/uploads\\\/2018\\\/11\\\/logo-fucsia.png\",\"contentUrl\":\"https:\\\/\\\/floranixena.it\\\/wp-content\\\/uploads\\\/2018\\\/11\\\/logo-fucsia.png\",\"width\":315,\"height\":81,\"caption\":\"FloraNixena.it - Consegna mazzi di fiori, bouquet e piante a domicilio\"},\"image\":{\"@id\":\"https:\\\/\\\/floranixena.it\\\/en\\\/#\\\/schema\\\/logo\\\/image\\\/\"},\"sameAs\":[\"https:\\\/\\\/www.facebook.com\\\/FloraNixena\\\/\",\"https:\\\/\\\/www.instagram.com\\\/floranixena.it\\\/\",\"https:\\\/\\\/www.youtube.com\\\/channel\\\/UCAfCWXMBezO96jgPjiUgpkA\"],\"description\":\"Chi Siamo? FloraNixena \u00e8 il partner di fiducia per la consegna di fiori freschi a domicilio. Con anni di esperienza nel settore floreale, siamo dedicati a portare la bellezza e la freschezza dei fiori direttamente alla vostra porta. La Nostra Missione La nostra missione \u00e8 trasformare ogni occasione in un momento speciale attraverso la magia dei fiori. Crediamo che un bouquet possa dire pi\u00f9 di mille parole e lavoriamo instancabilmente per assicurarci che ogni consegna porti gioia, amore e bellezza. Cosa Offriamo? Fiori Freschi: Collaboriamo con i migliori fornitori locali per garantire che i nostri fiori siano sempre freschi e di alta qualit\u00e0. Consegna Rapida e Puntuale: Offriamo un servizio di consegna rapido e affidabile, con la possibilit\u00e0 di scegliere la fascia oraria che pi\u00f9 vi conviene. Ampia Selezione: Dalle rose classiche ai bouquet personalizzati, abbiamo una vasta gamma di opzioni per soddisfare ogni gusto e occasione. Assistenza Clienti: Il nostro team \u00e8 sempre a disposizione per assistervi nella scelta del bouquet perfetto e per garantire un'esperienza di acquisto senza intoppi. Perch\u00e9 Sceglierci? Qualit\u00e0 Garantita: Ogni bouquet \u00e8 realizzato con cura dai nostri esperti fioristi, garantendo che ogni composizione sia un'opera d'arte. Servizio Personalizzato: Che sia per un anniversario, un compleanno, una celebrazione o un momento di condoglianza, personalizziamo ogni ordine per rispondere alle vostre esigenze specifiche. Soddisfazione del Cliente: La vostra soddisfazione \u00e8 la nostra priorit\u00e0 assoluta. Facciamo tutto il possibile per assicurarci che ogni consegna superi le vostre aspettative.\",\"email\":\"amministrazione@floranixena.it\",\"telephone\":\"3806342394\",\"legalName\":\"Gaetano Votadoro\"}]}<\/script>\n<!-- \/ Yoast SEO Premium plugin. -->","yoast_head_json":{"title":"Bouquet of Liliums and Carnations - FloraNixena - flower and plant delivery","description":"Composition of Lilium, online flower gift to a relative, friend, colleague, for thanks, with same-day home shipping.","robots":{"index":"index","follow":"follow","max-snippet":"max-snippet:-1","max-image-preview":"max-image-preview:large","max-video-preview":"max-video-preview:-1"},"canonical":"https:\/\/floranixena.it\/en\/product\/bunch-of-carnations-and-lilies\/","og_locale":"en_US","og_type":"article","og_title":"Pearly White","og_description":"3 white lilies  5 White Carnations  2 white roses  Lisianthus whites  Cinerea  Decorative leaves   Vase not included In this product the delivery is free","og_url":"https:\/\/floranixena.it\/en\/product\/bunch-of-carnations-and-lilies\/","og_site_name":"FloraNixena - flower and plant delivery","article_publisher":"https:\/\/www.facebook.com\/FloraNixena\/","article_modified_time":"2025-08-20T10:02:32+00:00","og_image":[{"width":800,"height":800,"url":"https:\/\/floranixena.it\/wp-content\/uploads\/2019\/06\/composizione_di_lilium_e_garofani_e-_rose_regalo_fiori_online_ad_un_parente_amico_collega_per_ringraziamento_scuse_con_spedizione_a_domicilio_in_giornata.jpg","type":"image\/jpeg"}],"twitter_card":"summary_large_image","twitter_misc":{"Est. reading time":"1 minute"},"schema":{"@context":"https:\/\/schema.org","@graph":[{"@type":"WebPage","@id":"https:\/\/floranixena.it\/en\/product\/bunch-of-carnations-and-lilies\/","url":"https:\/\/floranixena.it\/en\/product\/bunch-of-carnations-and-lilies\/","name":"Bouquet of Liliums and Carnations - FloraNixena - flower and plant delivery","isPartOf":{"@id":"https:\/\/floranixena.it\/en\/#website"},"primaryImageOfPage":{"@id":"https:\/\/floranixena.it\/en\/product\/bunch-of-carnations-and-lilies\/#primaryimage"},"image":{"@id":"https:\/\/floranixena.it\/en\/product\/bunch-of-carnations-and-lilies\/#primaryimage"},"thumbnailUrl":"https:\/\/floranixena.it\/wp-content\/uploads\/2019\/06\/composizione_di_lilium_e_garofani_e-_rose_regalo_fiori_online_ad_un_parente_amico_collega_per_ringraziamento_scuse_con_spedizione_a_domicilio_in_giornata.jpg","datePublished":"2024-06-02T23:24:19+00:00","dateModified":"2025-08-20T10:02:32+00:00","description":"Composition of Lilium, online flower gift to a relative, friend, colleague, for thanks, with same-day home shipping.","breadcrumb":{"@id":"https:\/\/floranixena.it\/en\/product\/bunch-of-carnations-and-lilies\/#breadcrumb"},"inLanguage":"en-US","potentialAction":[{"@type":"ReadAction","target":["https:\/\/floranixena.it\/en\/product\/bunch-of-carnations-and-lilies\/"]}]},{"@type":"ImageObject","inLanguage":"en-US","@id":"https:\/\/floranixena.it\/en\/product\/bunch-of-carnations-and-lilies\/#primaryimage","url":"https:\/\/floranixena.it\/wp-content\/uploads\/2019\/06\/composizione_di_lilium_e_garofani_e-_rose_regalo_fiori_online_ad_un_parente_amico_collega_per_ringraziamento_scuse_con_spedizione_a_domicilio_in_giornata.jpg","contentUrl":"https:\/\/floranixena.it\/wp-content\/uploads\/2019\/06\/composizione_di_lilium_e_garofani_e-_rose_regalo_fiori_online_ad_un_parente_amico_collega_per_ringraziamento_scuse_con_spedizione_a_domicilio_in_giornata.jpg","width":800,"height":800,"caption":"Un equilibrio perfetto tra delicatezza e intensit\u00e0: fiori bianchi in vaso blu per un tocco di classe senza tempo."},{"@type":"BreadcrumbList","@id":"https:\/\/floranixena.it\/en\/product\/bunch-of-carnations-and-lilies\/#breadcrumb","itemListElement":[{"@type":"ListItem","position":1,"name":"Home","item":"https:\/\/floranixena.it\/en\/"},{"@type":"ListItem","position":2,"name":"Shop","item":"https:\/\/floranixena.it\/en\/shop\/"},{"@type":"ListItem","position":3,"name":"Pearly White"}]},{"@type":"WebSite","@id":"https:\/\/floranixena.it\/en\/#website","url":"https:\/\/floranixena.it\/en\/","name":"FloraNixena - Consegna fiori a domicilio in Italia","description":"Invia fiori che raccontano storie","publisher":{"@id":"https:\/\/floranixena.it\/en\/#organization"},"alternateName":"FloraNixena.it","potentialAction":[{"@type":"SearchAction","target":{"@type":"EntryPoint","urlTemplate":"https:\/\/floranixena.it\/en\/?s={search_term_string}"},"query-input":{"@type":"PropertyValueSpecification","valueRequired":true,"valueName":"search_term_string"}}],"inLanguage":"en-US"},{"@type":"Organization","@id":"https:\/\/floranixena.it\/en\/#organization","name":"FloraNixena.it - Consegna mazzi di fiori, bouquet e piante a domicilio","url":"https:\/\/floranixena.it\/en\/","logo":{"@type":"ImageObject","inLanguage":"en-US","@id":"https:\/\/floranixena.it\/en\/#\/schema\/logo\/image\/","url":"https:\/\/floranixena.it\/wp-content\/uploads\/2018\/11\/logo-fucsia.png","contentUrl":"https:\/\/floranixena.it\/wp-content\/uploads\/2018\/11\/logo-fucsia.png","width":315,"height":81,"caption":"FloraNixena.it - Consegna mazzi di fiori, bouquet e piante a domicilio"},"image":{"@id":"https:\/\/floranixena.it\/en\/#\/schema\/logo\/image\/"},"sameAs":["https:\/\/www.facebook.com\/FloraNixena\/","https:\/\/www.instagram.com\/floranixena.it\/","https:\/\/www.youtube.com\/channel\/UCAfCWXMBezO96jgPjiUgpkA"],"description":"Chi Siamo? FloraNixena \u00e8 il partner di fiducia per la consegna di fiori freschi a domicilio. Con anni di esperienza nel settore floreale, siamo dedicati a portare la bellezza e la freschezza dei fiori direttamente alla vostra porta. La Nostra Missione La nostra missione \u00e8 trasformare ogni occasione in un momento speciale attraverso la magia dei fiori. Crediamo che un bouquet possa dire pi\u00f9 di mille parole e lavoriamo instancabilmente per assicurarci che ogni consegna porti gioia, amore e bellezza. Cosa Offriamo? Fiori Freschi: Collaboriamo con i migliori fornitori locali per garantire che i nostri fiori siano sempre freschi e di alta qualit\u00e0. Consegna Rapida e Puntuale: Offriamo un servizio di consegna rapido e affidabile, con la possibilit\u00e0 di scegliere la fascia oraria che pi\u00f9 vi conviene. Ampia Selezione: Dalle rose classiche ai bouquet personalizzati, abbiamo una vasta gamma di opzioni per soddisfare ogni gusto e occasione. Assistenza Clienti: Il nostro team \u00e8 sempre a disposizione per assistervi nella scelta del bouquet perfetto e per garantire un'esperienza di acquisto senza intoppi. Perch\u00e9 Sceglierci? Qualit\u00e0 Garantita: Ogni bouquet \u00e8 realizzato con cura dai nostri esperti fioristi, garantendo che ogni composizione sia un'opera d'arte. Servizio Personalizzato: Che sia per un anniversario, un compleanno, una celebrazione o un momento di condoglianza, personalizziamo ogni ordine per rispondere alle vostre esigenze specifiche. Soddisfazione del Cliente: La vostra soddisfazione \u00e8 la nostra priorit\u00e0 assoluta. Facciamo tutto il possibile per assicurarci che ogni consegna superi le vostre aspettative.","email":"amministrazione@floranixena.it","telephone":"3806342394","legalName":"Gaetano Votadoro"}]}},"_links":{"self":[{"href":"https:\/\/floranixena.it\/en\/wp-json\/wp\/v2\/product\/10519","targetHints":{"allow":["GET"]}}],"collection":[{"href":"https:\/\/floranixena.it\/en\/wp-json\/wp\/v2\/product"}],"about":[{"href":"https:\/\/floranixena.it\/en\/wp-json\/wp\/v2\/types\/product"}],"replies":[{"embeddable":true,"href":"https:\/\/floranixena.it\/en\/wp-json\/wp\/v2\/comments?post=10519"}],"wp:featuredmedia":[{"embeddable":true,"href":"https:\/\/floranixena.it\/en\/wp-json\/wp\/v2\/media\/9958"}],"wp:attachment":[{"href":"https:\/\/floranixena.it\/en\/wp-json\/wp\/v2\/media?parent=10519"}],"wp:term":[{"taxonomy":"product_brand","embeddable":true,"href":"https:\/\/floranixena.it\/en\/wp-json\/wp\/v2\/product_brand?post=10519"},{"taxonomy":"product_cat","embeddable":true,"href":"https:\/\/floranixena.it\/en\/wp-json\/wp\/v2\/product_cat?post=10519"},{"taxonomy":"product_tag","embeddable":true,"href":"https:\/\/floranixena.it\/en\/wp-json\/wp\/v2\/product_tag?post=10519"}],"curies":[{"name":"wp","href":"https:\/\/api.w.org\/{rel}","templated":true}]}}