{"id":10490,"date":"2025-08-20T11:20:45","date_gmt":"2025-08-20T09:20:45","guid":{"rendered":"https:\/\/floranixena.it\/product\/dozen-of-red-and-pink-roses\/"},"modified":"2025-08-21T09:04:24","modified_gmt":"2025-08-21T07:04:24","slug":"dozen-red-and-pink-roses","status":"publish","type":"product","link":"https:\/\/floranixena.it\/en\/product\/dozen-red-and-pink-roses\/","title":{"rendered":"Twelve red and pink roses"},"content":{"rendered":"<h1>Composition of pink and red roses<\/h1>\n<p>What could be more romantic? Celebrate love perfectly by mixing<a href=\"https:\/\/floranixena.it\/en\/prodotto\/bouquet-of-12-red-roses\/\"> red and pink roses<\/a> in an &#8220;Eternal Passion&#8221; bouquet of mixed-color flowers. Each bouquet is made up of 6<a href=\"https:\/\/floranixena.it\/en\/catalog\/valentines-day\/\" target=\"_blank\" rel=\"noopener\"><strong> red roses<\/strong><\/a> and 6 pink roses, creating a fascinating and romantic mix. <\/p>\n<p>To complete your <a href=\"https:\/\/floranixena.it\/en\/prodotto\/bear-of-red-roses\/\">gift<\/a>, choose a vase that fits your style. From the classic red vase to the romantic vase, you will find the perfect option to enhance the beauty of your roses. <\/p>\n<p><strong>Customize Your Bouquet for a Special Touch<\/strong><\/p>\n<p>Make your <a href=\"https:\/\/floranixena.it\/en\/prodotto\/heart-of-red-roses\/\">gift even more special<\/a> by personalizing the bouquet with unique details. Add a greeting card with a romantic dedication, a<a href=\"https:\/\/floranixena.it\/en\/prodotto\/teddy-bear\/\" target=\"_blank\" rel=\"noopener\"><strong> soft plush <\/strong><\/a>or a box of chocolates to complete the surprise. Every detail will help create a memorable experience and show your affection in a unique way.  <\/p>\n<p><strong>The Quality You Deserve<\/strong><\/p>\n<p>Each <a href=\"https:\/\/floranixena.it\/en\/prodotto\/bouquet-of-12-red-roses\/\" target=\"_blank\" rel=\"noopener\"><strong>rose <\/strong><\/a>in our bouquet is carefully selected to ensure long-lasting freshness and beauty. The color red symbolizes love and passion, while pink represents admiration and gratitude. Together, they create a perfect love message for your <a href=\"https:\/\/floranixena.it\/en\/catalog\/valentines-day\/\" target=\"_blank\" rel=\"noopener\"><strong>Valentine&#8217;s Day.<\/strong><\/a>  <\/p>\n<p><strong>Order Now and Surprise Your Love<\/strong><\/p>\n<p>Don&#8217;t wait until the last minute! Order your <a href=\"https:\/\/floranixena.it\/en\/prodotto\/bouquet-of-red-roses-and-white-lisianthus\/\" target=\"_blank\" rel=\"noopener\"><strong>bouquet of roses<\/strong><\/a> now and prepare to surprise your love with a romantic and unforgettable gesture. Visit our website and discover the vast selection of bouquets and customization options available.  <\/p>\n<p><strong>fast and reliable delivery<\/strong><\/p>\n<p>No need to worry about delivery. We offer a fast and reliable delivery service to make sure your bouquet arrives in perfect condition, just in time for the celebration. You can choose the delivery date and time you prefer, to surprise your <a href=\"https:\/\/floranixena.it\/en\/catalog\/love-and-romance\/for-the-wife-or-girlfriend\/\" target=\"_blank\" rel=\"noopener\"><strong>loved <\/strong><\/a>one at the perfect time.  <\/p>\n","protected":false},"excerpt":{"rendered":"<ul>\n<li>6 red roses<\/li>\n<li>6 pink roses<\/li>\n<li>Decorative green<\/li>\n<li>Wrapped in Cellophane&lt; &lt;\/li&gt;<\/li>\n<li><span style=\"color: #339966;\"><strong>Shipping is free in this bouquet<\/strong><\/span><\/li>\n<\/ul>\n<p>Vase not included<\/p>\n","protected":false},"featured_media":10488,"comment_status":"open","ping_status":"closed","template":"","meta":[],"product_brand":[],"product_cat":[2371,2379,2418,2356,2340,2376,2420,2361,2359,2355,2417,2378,2362,2437,2423,2377,2353,2438,2375],"product_tag":[2381,2707,2783,2367,2385],"class_list":{"0":"post-10490","1":"product","2":"type-product","3":"status-publish","4":"has-post-thumbnail","6":"product_cat-anniversary","7":"product_cat-apologies","8":"product_cat-autumn-flowers","9":"product_cat-birthday","10":"product_cat-christmas","11":"product_cat-flowers-for-events","12":"product_cat-for-mom","13":"product_cat-for-new-revelations","14":"product_cat-for-wife-or-girlfriend","15":"product_cat-love-and-romance","16":"product_cat-mothers-day","17":"product_cat-name-day","18":"product_cat-roses","19":"product_cat-spring-flowers","20":"product_cat-summer-flowers","21":"product_cat-university-degree","22":"product_cat-valentines-day","23":"product_cat-wedding","24":"product_cat-winter-flowers","25":"product_tag-bouquet-of-red-roses","26":"product_tag-gypsophila-and-red-roses","27":"product_tag-pink-roses","28":"product_tag-red-roses","29":"product_tag-saint-valentine","31":"first","32":"instock","33":"shipping-taxable","34":"purchasable","35":"product-type-simple"},"yoast_head":"<!-- This site is optimized with the Yoast SEO Premium plugin v27.5 (Yoast SEO v27.5) - https:\/\/yoast.com\/product\/yoast-seo-premium-wordpress\/ -->\n<title>Bouquet of twelve pink and red roses - FloraNixena Flower Delivery<\/title>\n<meta name=\"description\" content=\"The bouquet of flowers to celebrate love and Valentine&#039;s Day, with 12 red and pink roses, hand-groomed to give to your heart: Eternal Passion.\" \/>\n<meta name=\"robots\" content=\"index, follow, max-snippet:-1, max-image-preview:large, max-video-preview:-1\" \/>\n<link rel=\"canonical\" href=\"https:\/\/floranixena.it\/en\/product\/dozen-red-and-pink-roses\/\" \/>\n<meta property=\"og:locale\" content=\"en_US\" \/>\n<meta property=\"og:type\" content=\"article\" \/>\n<meta property=\"og:title\" content=\"Twelve red and pink roses\" \/>\n<meta property=\"og:description\" content=\"6 red roses  6 pink roses  Decorative green  Wrapped in Cellophane&lt; &lt;\/li&gt;  Shipping is free in this bouquet Vase not included\" \/>\n<meta property=\"og:url\" content=\"https:\/\/floranixena.it\/en\/product\/dozen-red-and-pink-roses\/\" \/>\n<meta property=\"og:site_name\" content=\"FloraNixena - flower and plant delivery\" \/>\n<meta property=\"article:publisher\" content=\"https:\/\/www.facebook.com\/FloraNixena\/\" \/>\n<meta property=\"article:modified_time\" content=\"2025-08-21T07:04:24+00:00\" \/>\n<meta property=\"og:image\" content=\"https:\/\/floranixena.it\/wp-content\/uploads\/2020\/07\/dozzina-di-rose-rosse-e-rosa.webp\" \/>\n\t<meta property=\"og:image:width\" content=\"800\" \/>\n\t<meta property=\"og:image:height\" content=\"800\" \/>\n\t<meta property=\"og:image:type\" content=\"image\/webp\" \/>\n<meta name=\"twitter:card\" content=\"summary_large_image\" \/>\n<meta name=\"twitter:label1\" content=\"Est. reading time\" \/>\n\t<meta name=\"twitter:data1\" content=\"1 minute\" \/>\n<script type=\"application\/ld+json\" class=\"yoast-schema-graph\">{\"@context\":\"https:\\\/\\\/schema.org\",\"@graph\":[{\"@type\":\"WebPage\",\"@id\":\"https:\\\/\\\/floranixena.it\\\/en\\\/product\\\/dozen-red-and-pink-roses\\\/\",\"url\":\"https:\\\/\\\/floranixena.it\\\/en\\\/product\\\/dozen-red-and-pink-roses\\\/\",\"name\":\"Bouquet of twelve pink and red roses - FloraNixena Flower Delivery\",\"isPartOf\":{\"@id\":\"https:\\\/\\\/floranixena.it\\\/en\\\/#website\"},\"primaryImageOfPage\":{\"@id\":\"https:\\\/\\\/floranixena.it\\\/en\\\/product\\\/dozen-red-and-pink-roses\\\/#primaryimage\"},\"image\":{\"@id\":\"https:\\\/\\\/floranixena.it\\\/en\\\/product\\\/dozen-red-and-pink-roses\\\/#primaryimage\"},\"thumbnailUrl\":\"https:\\\/\\\/floranixena.it\\\/wp-content\\\/uploads\\\/2020\\\/07\\\/dozzina-di-rose-rosse-e-rosa.webp\",\"datePublished\":\"2025-08-20T09:20:45+00:00\",\"dateModified\":\"2025-08-21T07:04:24+00:00\",\"description\":\"The bouquet of flowers to celebrate love and Valentine's Day, with 12 red and pink roses, hand-groomed to give to your heart: Eternal Passion.\",\"breadcrumb\":{\"@id\":\"https:\\\/\\\/floranixena.it\\\/en\\\/product\\\/dozen-red-and-pink-roses\\\/#breadcrumb\"},\"inLanguage\":\"en-US\",\"potentialAction\":[{\"@type\":\"ReadAction\",\"target\":[\"https:\\\/\\\/floranixena.it\\\/en\\\/product\\\/dozen-red-and-pink-roses\\\/\"]}]},{\"@type\":\"ImageObject\",\"inLanguage\":\"en-US\",\"@id\":\"https:\\\/\\\/floranixena.it\\\/en\\\/product\\\/dozen-red-and-pink-roses\\\/#primaryimage\",\"url\":\"https:\\\/\\\/floranixena.it\\\/wp-content\\\/uploads\\\/2020\\\/07\\\/dozzina-di-rose-rosse-e-rosa.webp\",\"contentUrl\":\"https:\\\/\\\/floranixena.it\\\/wp-content\\\/uploads\\\/2020\\\/07\\\/dozzina-di-rose-rosse-e-rosa.webp\",\"width\":800,\"height\":800,\"caption\":\"Dodici rose, dodici promesse: un bouquet che parla d\u2019amore con eleganza e intensit\u00e0.\"},{\"@type\":\"BreadcrumbList\",\"@id\":\"https:\\\/\\\/floranixena.it\\\/en\\\/product\\\/dozen-red-and-pink-roses\\\/#breadcrumb\",\"itemListElement\":[{\"@type\":\"ListItem\",\"position\":1,\"name\":\"Home\",\"item\":\"https:\\\/\\\/floranixena.it\\\/en\\\/\"},{\"@type\":\"ListItem\",\"position\":2,\"name\":\"Shop\",\"item\":\"https:\\\/\\\/floranixena.it\\\/en\\\/shop\\\/\"},{\"@type\":\"ListItem\",\"position\":3,\"name\":\"Twelve red and pink roses\"}]},{\"@type\":\"WebSite\",\"@id\":\"https:\\\/\\\/floranixena.it\\\/en\\\/#website\",\"url\":\"https:\\\/\\\/floranixena.it\\\/en\\\/\",\"name\":\"FloraNixena - Consegna fiori a domicilio in Italia\",\"description\":\"Invia fiori che raccontano storie\",\"publisher\":{\"@id\":\"https:\\\/\\\/floranixena.it\\\/en\\\/#organization\"},\"alternateName\":\"FloraNixena.it\",\"potentialAction\":[{\"@type\":\"SearchAction\",\"target\":{\"@type\":\"EntryPoint\",\"urlTemplate\":\"https:\\\/\\\/floranixena.it\\\/en\\\/?s={search_term_string}\"},\"query-input\":{\"@type\":\"PropertyValueSpecification\",\"valueRequired\":true,\"valueName\":\"search_term_string\"}}],\"inLanguage\":\"en-US\"},{\"@type\":\"Organization\",\"@id\":\"https:\\\/\\\/floranixena.it\\\/en\\\/#organization\",\"name\":\"FloraNixena.it - Consegna mazzi di fiori, bouquet e piante a domicilio\",\"url\":\"https:\\\/\\\/floranixena.it\\\/en\\\/\",\"logo\":{\"@type\":\"ImageObject\",\"inLanguage\":\"en-US\",\"@id\":\"https:\\\/\\\/floranixena.it\\\/en\\\/#\\\/schema\\\/logo\\\/image\\\/\",\"url\":\"https:\\\/\\\/floranixena.it\\\/wp-content\\\/uploads\\\/2018\\\/11\\\/logo-fucsia.png\",\"contentUrl\":\"https:\\\/\\\/floranixena.it\\\/wp-content\\\/uploads\\\/2018\\\/11\\\/logo-fucsia.png\",\"width\":315,\"height\":81,\"caption\":\"FloraNixena.it - Consegna mazzi di fiori, bouquet e piante a domicilio\"},\"image\":{\"@id\":\"https:\\\/\\\/floranixena.it\\\/en\\\/#\\\/schema\\\/logo\\\/image\\\/\"},\"sameAs\":[\"https:\\\/\\\/www.facebook.com\\\/FloraNixena\\\/\",\"https:\\\/\\\/www.instagram.com\\\/floranixena.it\\\/\",\"https:\\\/\\\/www.youtube.com\\\/channel\\\/UCAfCWXMBezO96jgPjiUgpkA\"],\"description\":\"Chi Siamo? FloraNixena \u00e8 il partner di fiducia per la consegna di fiori freschi a domicilio. Con anni di esperienza nel settore floreale, siamo dedicati a portare la bellezza e la freschezza dei fiori direttamente alla vostra porta. La Nostra Missione La nostra missione \u00e8 trasformare ogni occasione in un momento speciale attraverso la magia dei fiori. Crediamo che un bouquet possa dire pi\u00f9 di mille parole e lavoriamo instancabilmente per assicurarci che ogni consegna porti gioia, amore e bellezza. Cosa Offriamo? Fiori Freschi: Collaboriamo con i migliori fornitori locali per garantire che i nostri fiori siano sempre freschi e di alta qualit\u00e0. Consegna Rapida e Puntuale: Offriamo un servizio di consegna rapido e affidabile, con la possibilit\u00e0 di scegliere la fascia oraria che pi\u00f9 vi conviene. Ampia Selezione: Dalle rose classiche ai bouquet personalizzati, abbiamo una vasta gamma di opzioni per soddisfare ogni gusto e occasione. Assistenza Clienti: Il nostro team \u00e8 sempre a disposizione per assistervi nella scelta del bouquet perfetto e per garantire un'esperienza di acquisto senza intoppi. Perch\u00e9 Sceglierci? Qualit\u00e0 Garantita: Ogni bouquet \u00e8 realizzato con cura dai nostri esperti fioristi, garantendo che ogni composizione sia un'opera d'arte. Servizio Personalizzato: Che sia per un anniversario, un compleanno, una celebrazione o un momento di condoglianza, personalizziamo ogni ordine per rispondere alle vostre esigenze specifiche. Soddisfazione del Cliente: La vostra soddisfazione \u00e8 la nostra priorit\u00e0 assoluta. Facciamo tutto il possibile per assicurarci che ogni consegna superi le vostre aspettative.\",\"email\":\"amministrazione@floranixena.it\",\"telephone\":\"3806342394\",\"legalName\":\"Gaetano Votadoro\"}]}<\/script>\n<!-- \/ Yoast SEO Premium plugin. -->","yoast_head_json":{"title":"Bouquet of twelve pink and red roses - FloraNixena Flower Delivery","description":"The bouquet of flowers to celebrate love and Valentine's Day, with 12 red and pink roses, hand-groomed to give to your heart: Eternal Passion.","robots":{"index":"index","follow":"follow","max-snippet":"max-snippet:-1","max-image-preview":"max-image-preview:large","max-video-preview":"max-video-preview:-1"},"canonical":"https:\/\/floranixena.it\/en\/product\/dozen-red-and-pink-roses\/","og_locale":"en_US","og_type":"article","og_title":"Twelve red and pink roses","og_description":"6 red roses  6 pink roses  Decorative green  Wrapped in Cellophane&lt; &lt;\/li&gt;  Shipping is free in this bouquet Vase not included","og_url":"https:\/\/floranixena.it\/en\/product\/dozen-red-and-pink-roses\/","og_site_name":"FloraNixena - flower and plant delivery","article_publisher":"https:\/\/www.facebook.com\/FloraNixena\/","article_modified_time":"2025-08-21T07:04:24+00:00","og_image":[{"width":800,"height":800,"url":"https:\/\/floranixena.it\/wp-content\/uploads\/2020\/07\/dozzina-di-rose-rosse-e-rosa.webp","type":"image\/webp"}],"twitter_card":"summary_large_image","twitter_misc":{"Est. reading time":"1 minute"},"schema":{"@context":"https:\/\/schema.org","@graph":[{"@type":"WebPage","@id":"https:\/\/floranixena.it\/en\/product\/dozen-red-and-pink-roses\/","url":"https:\/\/floranixena.it\/en\/product\/dozen-red-and-pink-roses\/","name":"Bouquet of twelve pink and red roses - FloraNixena Flower Delivery","isPartOf":{"@id":"https:\/\/floranixena.it\/en\/#website"},"primaryImageOfPage":{"@id":"https:\/\/floranixena.it\/en\/product\/dozen-red-and-pink-roses\/#primaryimage"},"image":{"@id":"https:\/\/floranixena.it\/en\/product\/dozen-red-and-pink-roses\/#primaryimage"},"thumbnailUrl":"https:\/\/floranixena.it\/wp-content\/uploads\/2020\/07\/dozzina-di-rose-rosse-e-rosa.webp","datePublished":"2025-08-20T09:20:45+00:00","dateModified":"2025-08-21T07:04:24+00:00","description":"The bouquet of flowers to celebrate love and Valentine's Day, with 12 red and pink roses, hand-groomed to give to your heart: Eternal Passion.","breadcrumb":{"@id":"https:\/\/floranixena.it\/en\/product\/dozen-red-and-pink-roses\/#breadcrumb"},"inLanguage":"en-US","potentialAction":[{"@type":"ReadAction","target":["https:\/\/floranixena.it\/en\/product\/dozen-red-and-pink-roses\/"]}]},{"@type":"ImageObject","inLanguage":"en-US","@id":"https:\/\/floranixena.it\/en\/product\/dozen-red-and-pink-roses\/#primaryimage","url":"https:\/\/floranixena.it\/wp-content\/uploads\/2020\/07\/dozzina-di-rose-rosse-e-rosa.webp","contentUrl":"https:\/\/floranixena.it\/wp-content\/uploads\/2020\/07\/dozzina-di-rose-rosse-e-rosa.webp","width":800,"height":800,"caption":"Dodici rose, dodici promesse: un bouquet che parla d\u2019amore con eleganza e intensit\u00e0."},{"@type":"BreadcrumbList","@id":"https:\/\/floranixena.it\/en\/product\/dozen-red-and-pink-roses\/#breadcrumb","itemListElement":[{"@type":"ListItem","position":1,"name":"Home","item":"https:\/\/floranixena.it\/en\/"},{"@type":"ListItem","position":2,"name":"Shop","item":"https:\/\/floranixena.it\/en\/shop\/"},{"@type":"ListItem","position":3,"name":"Twelve red and pink roses"}]},{"@type":"WebSite","@id":"https:\/\/floranixena.it\/en\/#website","url":"https:\/\/floranixena.it\/en\/","name":"FloraNixena - Consegna fiori a domicilio in Italia","description":"Invia fiori che raccontano storie","publisher":{"@id":"https:\/\/floranixena.it\/en\/#organization"},"alternateName":"FloraNixena.it","potentialAction":[{"@type":"SearchAction","target":{"@type":"EntryPoint","urlTemplate":"https:\/\/floranixena.it\/en\/?s={search_term_string}"},"query-input":{"@type":"PropertyValueSpecification","valueRequired":true,"valueName":"search_term_string"}}],"inLanguage":"en-US"},{"@type":"Organization","@id":"https:\/\/floranixena.it\/en\/#organization","name":"FloraNixena.it - Consegna mazzi di fiori, bouquet e piante a domicilio","url":"https:\/\/floranixena.it\/en\/","logo":{"@type":"ImageObject","inLanguage":"en-US","@id":"https:\/\/floranixena.it\/en\/#\/schema\/logo\/image\/","url":"https:\/\/floranixena.it\/wp-content\/uploads\/2018\/11\/logo-fucsia.png","contentUrl":"https:\/\/floranixena.it\/wp-content\/uploads\/2018\/11\/logo-fucsia.png","width":315,"height":81,"caption":"FloraNixena.it - Consegna mazzi di fiori, bouquet e piante a domicilio"},"image":{"@id":"https:\/\/floranixena.it\/en\/#\/schema\/logo\/image\/"},"sameAs":["https:\/\/www.facebook.com\/FloraNixena\/","https:\/\/www.instagram.com\/floranixena.it\/","https:\/\/www.youtube.com\/channel\/UCAfCWXMBezO96jgPjiUgpkA"],"description":"Chi Siamo? FloraNixena \u00e8 il partner di fiducia per la consegna di fiori freschi a domicilio. Con anni di esperienza nel settore floreale, siamo dedicati a portare la bellezza e la freschezza dei fiori direttamente alla vostra porta. La Nostra Missione La nostra missione \u00e8 trasformare ogni occasione in un momento speciale attraverso la magia dei fiori. Crediamo che un bouquet possa dire pi\u00f9 di mille parole e lavoriamo instancabilmente per assicurarci che ogni consegna porti gioia, amore e bellezza. Cosa Offriamo? Fiori Freschi: Collaboriamo con i migliori fornitori locali per garantire che i nostri fiori siano sempre freschi e di alta qualit\u00e0. Consegna Rapida e Puntuale: Offriamo un servizio di consegna rapido e affidabile, con la possibilit\u00e0 di scegliere la fascia oraria che pi\u00f9 vi conviene. Ampia Selezione: Dalle rose classiche ai bouquet personalizzati, abbiamo una vasta gamma di opzioni per soddisfare ogni gusto e occasione. Assistenza Clienti: Il nostro team \u00e8 sempre a disposizione per assistervi nella scelta del bouquet perfetto e per garantire un'esperienza di acquisto senza intoppi. Perch\u00e9 Sceglierci? Qualit\u00e0 Garantita: Ogni bouquet \u00e8 realizzato con cura dai nostri esperti fioristi, garantendo che ogni composizione sia un'opera d'arte. Servizio Personalizzato: Che sia per un anniversario, un compleanno, una celebrazione o un momento di condoglianza, personalizziamo ogni ordine per rispondere alle vostre esigenze specifiche. Soddisfazione del Cliente: La vostra soddisfazione \u00e8 la nostra priorit\u00e0 assoluta. Facciamo tutto il possibile per assicurarci che ogni consegna superi le vostre aspettative.","email":"amministrazione@floranixena.it","telephone":"3806342394","legalName":"Gaetano Votadoro"}]}},"_links":{"self":[{"href":"https:\/\/floranixena.it\/en\/wp-json\/wp\/v2\/product\/10490","targetHints":{"allow":["GET"]}}],"collection":[{"href":"https:\/\/floranixena.it\/en\/wp-json\/wp\/v2\/product"}],"about":[{"href":"https:\/\/floranixena.it\/en\/wp-json\/wp\/v2\/types\/product"}],"replies":[{"embeddable":true,"href":"https:\/\/floranixena.it\/en\/wp-json\/wp\/v2\/comments?post=10490"}],"wp:featuredmedia":[{"embeddable":true,"href":"https:\/\/floranixena.it\/en\/wp-json\/wp\/v2\/media\/10488"}],"wp:attachment":[{"href":"https:\/\/floranixena.it\/en\/wp-json\/wp\/v2\/media?parent=10490"}],"wp:term":[{"taxonomy":"product_brand","embeddable":true,"href":"https:\/\/floranixena.it\/en\/wp-json\/wp\/v2\/product_brand?post=10490"},{"taxonomy":"product_cat","embeddable":true,"href":"https:\/\/floranixena.it\/en\/wp-json\/wp\/v2\/product_cat?post=10490"},{"taxonomy":"product_tag","embeddable":true,"href":"https:\/\/floranixena.it\/en\/wp-json\/wp\/v2\/product_tag?post=10490"}],"curies":[{"name":"wp","href":"https:\/\/api.w.org\/{rel}","templated":true}]}}