{"id":10481,"date":"2025-08-13T11:10:37","date_gmt":"2025-08-13T09:10:37","guid":{"rendered":"https:\/\/floranixena.it\/product\/pure-love\/"},"modified":"2025-08-19T09:09:28","modified_gmt":"2025-08-19T07:09:28","slug":"bouquet-of-red-and-white-roses-with-gypsophila","status":"publish","type":"product","link":"https:\/\/floranixena.it\/en\/product\/bouquet-of-red-and-white-roses-with-gypsophila\/","title":{"rendered":"Pure Love"},"content":{"rendered":"<h1><strong>Gorgeous bouquet of red and white roses<\/strong><\/h1>\n<p>Pure love has what&#8217;s right for you. We offer a<a href=\"https:\/\/floranixena.it\/en\/prodotto\/blue-roses-of-your-choice\/\"> beautiful selection of red <\/a>and white roses, along with gypsophila and decorative leaves to create a breathtaking <a href=\"https:\/\/floranixena.it\/en\/catalog\/vases-and-gifts\/\">gift <\/a>composition for any occasion. Order now and show your love with Pure Love!  <\/p>\n<p style=\"text-align: justify;\"><strong><a href=\"https:\/\/floranixena.it\/en\/tag\/white-rose\/\">Red <\/a>and white roses<\/strong> will fit someone who is as precious as a diamond and makes your heart sigh with affection. Offer them something beautiful and exquisite just in time for a birthday party, to send your deep love or <strong>wish a happy Valentine&#8217;s Day, and valid as a gift.<\/strong> <\/p>\n<p style=\"text-align: justify;\"><strong>Red and white rose bouquet<\/strong>s are the classic choice of<a href=\"https:\/\/floranixena.it\/en\/catalog\/flowers-for-events\/birthday\/for-wife-or-girlfriend\/\"> flowers to show love<\/a> to someone who means something to you. From an<a href=\"https:\/\/floranixena.it\/en\/prodotto\/bouquet-of-gerberas-roses-and-red-hypericum\/\"> anniversary gift<\/a> to a special birthday gift, our roses are a wonderful way to surprise your significant other.<\/p>\n<p>When <strong>sending <a href=\"https:\/\/floranixena.it\/en\/prodotto\/bouquet-of-liliums-pink-and-roses-red\/\">red roses to your girlfriend,<\/a><\/strong> it may be a good idea to send a bouquet that mixes red roses with other roses of other colors, whether pink or white roses. So this is a wonderful mixed bouquet of red and white roses for a girl&#8217;s birthday or the anniversary of the first kiss.<\/p>\n<p><a href=\"https:\/\/floranixena.it\/en\/catalog\/love-and-romance\/for-the-wife-or-girlfriend\/\"><strong><strong>Red roses for a wife<\/strong><\/strong><\/a> There is no one who is adored like a wife. The years you spent together, the things you went through make her your number one forever. When choosing a bouquet of<strong> red roses<\/strong> for your wife, choose something that will make her sentimental. This means that you can choose a <a href=\"https:\/\/floranixena.it\/en\/prodotto\/bouquet-of-roses-and-lysianthus-and-hypericum\/\">bouquet <\/a>that mixes your wedding flowers with <a href=\"https:\/\/floranixena.it\/en\/catalog\/flowers-by-species\/roses\/\"><strong>roses <\/strong><\/a>reds, or perhaps only flowers in her favorite colors are highlighted in the design.<\/p>\n","protected":false},"excerpt":{"rendered":"<ul>\n<li>Red roses<\/li>\n<li>White roses<\/li>\n<li>Gypsophila (on request)<\/li>\n<li>Decorative green.<\/li>\n<\/ul>\n<p>Choose the size from the drop-down menu.<\/p>\n<p><span style=\"color: #339966;\"><strong>Shipping is free in this bouquet<\/strong><\/span><\/p>\n<p>&nbsp;<\/p>\n<ul>\n<li>Vase not included<\/li>\n<\/ul>\n","protected":false},"featured_media":9925,"comment_status":"open","ping_status":"closed","template":"","meta":[],"product_brand":[],"product_cat":[2371,2379,2418,2356,2340,2376,2361,2359,2355,2378,2362,2437,2423,2353,2438,2375],"product_tag":[2381,2383,2814,2707,2367,2385],"class_list":{"0":"post-10481","1":"product","2":"type-product","3":"status-publish","4":"has-post-thumbnail","6":"product_cat-anniversary","7":"product_cat-apologies","8":"product_cat-autumn-flowers","9":"product_cat-birthday","10":"product_cat-christmas","11":"product_cat-flowers-for-events","12":"product_cat-for-new-revelations","13":"product_cat-for-wife-or-girlfriend","14":"product_cat-love-and-romance","15":"product_cat-name-day","16":"product_cat-roses","17":"product_cat-spring-flowers","18":"product_cat-summer-flowers","19":"product_cat-valentines-day","20":"product_cat-wedding","21":"product_cat-winter-flowers","22":"product_tag-bouquet-of-red-roses","23":"product_tag-bouquet-of-red-roses-en","24":"product_tag-bouquet-of-white-roses","25":"product_tag-gypsophila-and-red-roses","26":"product_tag-red-roses","27":"product_tag-saint-valentine","29":"first","30":"instock","31":"shipping-taxable","32":"purchasable","33":"product-type-variable","34":"has-default-attributes"},"yoast_head":"<!-- This site is optimized with the Yoast SEO Premium plugin v27.4 (Yoast SEO v27.4) - https:\/\/yoast.com\/product\/yoast-seo-premium-wordpress\/ -->\n<title>Bouquet of Red and White Roses FloraNixena - flower and plant delivery<\/title>\n<meta name=\"description\" content=\"Valentine&#039;s Day, and more, this fantastic bouquet of red and white roses of red roses is perfect for celebrating love on any occasion\" \/>\n<meta name=\"robots\" content=\"index, follow, max-snippet:-1, max-image-preview:large, max-video-preview:-1\" \/>\n<link rel=\"canonical\" href=\"https:\/\/floranixena.it\/en\/product\/bouquet-of-red-and-white-roses-with-gypsophila\/\" \/>\n<meta property=\"og:locale\" content=\"en_US\" \/>\n<meta property=\"og:type\" content=\"article\" \/>\n<meta property=\"og:title\" content=\"Pure Love\" \/>\n<meta property=\"og:description\" content=\"Red roses  White roses  Gypsophila (on request)  Decorative green. Choose the size from the drop-down menu. Shipping is free in this bouquet &nbsp;  Vase not included\" \/>\n<meta property=\"og:url\" content=\"https:\/\/floranixena.it\/en\/product\/bouquet-of-red-and-white-roses-with-gypsophila\/\" \/>\n<meta property=\"og:site_name\" content=\"FloraNixena - flower and plant delivery\" \/>\n<meta property=\"article:publisher\" content=\"https:\/\/www.facebook.com\/FloraNixena\/\" \/>\n<meta property=\"article:modified_time\" content=\"2025-08-19T07:09:28+00:00\" \/>\n<meta property=\"og:image\" content=\"https:\/\/floranixena.it\/wp-content\/uploads\/2020\/02\/Bouquet-per-san-valentino-con-Rose-bianche-e-rose-rosse-con-gypsophila-da-consegnare-a-domicilio-in-Italia.jpg\" \/>\n\t<meta property=\"og:image:width\" content=\"800\" \/>\n\t<meta property=\"og:image:height\" content=\"800\" \/>\n\t<meta property=\"og:image:type\" content=\"image\/jpeg\" \/>\n<meta name=\"twitter:card\" content=\"summary_large_image\" \/>\n<meta name=\"twitter:label1\" content=\"Est. reading time\" \/>\n\t<meta name=\"twitter:data1\" content=\"2 minutes\" \/>\n<script type=\"application\/ld+json\" class=\"yoast-schema-graph\">{\"@context\":\"https:\\\/\\\/schema.org\",\"@graph\":[{\"@type\":\"WebPage\",\"@id\":\"https:\\\/\\\/floranixena.it\\\/en\\\/product\\\/bouquet-of-red-and-white-roses-with-gypsophila\\\/\",\"url\":\"https:\\\/\\\/floranixena.it\\\/en\\\/product\\\/bouquet-of-red-and-white-roses-with-gypsophila\\\/\",\"name\":\"Bouquet of Red and White Roses FloraNixena - flower and plant delivery\",\"isPartOf\":{\"@id\":\"https:\\\/\\\/floranixena.it\\\/en\\\/#website\"},\"primaryImageOfPage\":{\"@id\":\"https:\\\/\\\/floranixena.it\\\/en\\\/product\\\/bouquet-of-red-and-white-roses-with-gypsophila\\\/#primaryimage\"},\"image\":{\"@id\":\"https:\\\/\\\/floranixena.it\\\/en\\\/product\\\/bouquet-of-red-and-white-roses-with-gypsophila\\\/#primaryimage\"},\"thumbnailUrl\":\"https:\\\/\\\/floranixena.it\\\/wp-content\\\/uploads\\\/2020\\\/02\\\/Bouquet-per-san-valentino-con-Rose-bianche-e-rose-rosse-con-gypsophila-da-consegnare-a-domicilio-in-Italia.jpg\",\"datePublished\":\"2025-08-13T09:10:37+00:00\",\"dateModified\":\"2025-08-19T07:09:28+00:00\",\"description\":\"Valentine's Day, and more, this fantastic bouquet of red and white roses of red roses is perfect for celebrating love on any occasion\",\"breadcrumb\":{\"@id\":\"https:\\\/\\\/floranixena.it\\\/en\\\/product\\\/bouquet-of-red-and-white-roses-with-gypsophila\\\/#breadcrumb\"},\"inLanguage\":\"en-US\",\"potentialAction\":[{\"@type\":\"ReadAction\",\"target\":[\"https:\\\/\\\/floranixena.it\\\/en\\\/product\\\/bouquet-of-red-and-white-roses-with-gypsophila\\\/\"]}]},{\"@type\":\"ImageObject\",\"inLanguage\":\"en-US\",\"@id\":\"https:\\\/\\\/floranixena.it\\\/en\\\/product\\\/bouquet-of-red-and-white-roses-with-gypsophila\\\/#primaryimage\",\"url\":\"https:\\\/\\\/floranixena.it\\\/wp-content\\\/uploads\\\/2020\\\/02\\\/Bouquet-per-san-valentino-con-Rose-bianche-e-rose-rosse-con-gypsophila-da-consegnare-a-domicilio-in-Italia.jpg\",\"contentUrl\":\"https:\\\/\\\/floranixena.it\\\/wp-content\\\/uploads\\\/2020\\\/02\\\/Bouquet-per-san-valentino-con-Rose-bianche-e-rose-rosse-con-gypsophila-da-consegnare-a-domicilio-in-Italia.jpg\",\"width\":800,\"height\":800,\"caption\":\"Un abbraccio di emozioni: il rosso dell\u2019amore, il bianco della sincerit\u00e0.\"},{\"@type\":\"BreadcrumbList\",\"@id\":\"https:\\\/\\\/floranixena.it\\\/en\\\/product\\\/bouquet-of-red-and-white-roses-with-gypsophila\\\/#breadcrumb\",\"itemListElement\":[{\"@type\":\"ListItem\",\"position\":1,\"name\":\"Home\",\"item\":\"https:\\\/\\\/floranixena.it\\\/en\\\/\"},{\"@type\":\"ListItem\",\"position\":2,\"name\":\"Shop\",\"item\":\"https:\\\/\\\/floranixena.it\\\/en\\\/shop\\\/\"},{\"@type\":\"ListItem\",\"position\":3,\"name\":\"Pure Love\"}]},{\"@type\":\"WebSite\",\"@id\":\"https:\\\/\\\/floranixena.it\\\/en\\\/#website\",\"url\":\"https:\\\/\\\/floranixena.it\\\/en\\\/\",\"name\":\"FloraNixena - Consegna fiori a domicilio in Italia\",\"description\":\"Invia fiori che raccontano storie\",\"publisher\":{\"@id\":\"https:\\\/\\\/floranixena.it\\\/en\\\/#organization\"},\"alternateName\":\"FloraNixena.it\",\"potentialAction\":[{\"@type\":\"SearchAction\",\"target\":{\"@type\":\"EntryPoint\",\"urlTemplate\":\"https:\\\/\\\/floranixena.it\\\/en\\\/?s={search_term_string}\"},\"query-input\":{\"@type\":\"PropertyValueSpecification\",\"valueRequired\":true,\"valueName\":\"search_term_string\"}}],\"inLanguage\":\"en-US\"},{\"@type\":\"Organization\",\"@id\":\"https:\\\/\\\/floranixena.it\\\/en\\\/#organization\",\"name\":\"FloraNixena.it - Consegna mazzi di fiori, bouquet e piante a domicilio\",\"url\":\"https:\\\/\\\/floranixena.it\\\/en\\\/\",\"logo\":{\"@type\":\"ImageObject\",\"inLanguage\":\"en-US\",\"@id\":\"https:\\\/\\\/floranixena.it\\\/en\\\/#\\\/schema\\\/logo\\\/image\\\/\",\"url\":\"https:\\\/\\\/floranixena.it\\\/wp-content\\\/uploads\\\/2018\\\/11\\\/logo-fucsia.png\",\"contentUrl\":\"https:\\\/\\\/floranixena.it\\\/wp-content\\\/uploads\\\/2018\\\/11\\\/logo-fucsia.png\",\"width\":315,\"height\":81,\"caption\":\"FloraNixena.it - Consegna mazzi di fiori, bouquet e piante a domicilio\"},\"image\":{\"@id\":\"https:\\\/\\\/floranixena.it\\\/en\\\/#\\\/schema\\\/logo\\\/image\\\/\"},\"sameAs\":[\"https:\\\/\\\/www.facebook.com\\\/FloraNixena\\\/\",\"https:\\\/\\\/www.instagram.com\\\/floranixena.it\\\/\",\"https:\\\/\\\/www.youtube.com\\\/channel\\\/UCAfCWXMBezO96jgPjiUgpkA\"],\"description\":\"Chi Siamo? FloraNixena \u00e8 il partner di fiducia per la consegna di fiori freschi a domicilio. Con anni di esperienza nel settore floreale, siamo dedicati a portare la bellezza e la freschezza dei fiori direttamente alla vostra porta. La Nostra Missione La nostra missione \u00e8 trasformare ogni occasione in un momento speciale attraverso la magia dei fiori. Crediamo che un bouquet possa dire pi\u00f9 di mille parole e lavoriamo instancabilmente per assicurarci che ogni consegna porti gioia, amore e bellezza. Cosa Offriamo? Fiori Freschi: Collaboriamo con i migliori fornitori locali per garantire che i nostri fiori siano sempre freschi e di alta qualit\u00e0. Consegna Rapida e Puntuale: Offriamo un servizio di consegna rapido e affidabile, con la possibilit\u00e0 di scegliere la fascia oraria che pi\u00f9 vi conviene. Ampia Selezione: Dalle rose classiche ai bouquet personalizzati, abbiamo una vasta gamma di opzioni per soddisfare ogni gusto e occasione. Assistenza Clienti: Il nostro team \u00e8 sempre a disposizione per assistervi nella scelta del bouquet perfetto e per garantire un'esperienza di acquisto senza intoppi. Perch\u00e9 Sceglierci? Qualit\u00e0 Garantita: Ogni bouquet \u00e8 realizzato con cura dai nostri esperti fioristi, garantendo che ogni composizione sia un'opera d'arte. Servizio Personalizzato: Che sia per un anniversario, un compleanno, una celebrazione o un momento di condoglianza, personalizziamo ogni ordine per rispondere alle vostre esigenze specifiche. Soddisfazione del Cliente: La vostra soddisfazione \u00e8 la nostra priorit\u00e0 assoluta. Facciamo tutto il possibile per assicurarci che ogni consegna superi le vostre aspettative.\",\"email\":\"amministrazione@floranixena.it\",\"telephone\":\"3806342394\",\"legalName\":\"Gaetano Votadoro\"}]}<\/script>\n<!-- \/ Yoast SEO Premium plugin. -->","yoast_head_json":{"title":"Bouquet of Red and White Roses FloraNixena - flower and plant delivery","description":"Valentine's Day, and more, this fantastic bouquet of red and white roses of red roses is perfect for celebrating love on any occasion","robots":{"index":"index","follow":"follow","max-snippet":"max-snippet:-1","max-image-preview":"max-image-preview:large","max-video-preview":"max-video-preview:-1"},"canonical":"https:\/\/floranixena.it\/en\/product\/bouquet-of-red-and-white-roses-with-gypsophila\/","og_locale":"en_US","og_type":"article","og_title":"Pure Love","og_description":"Red roses  White roses  Gypsophila (on request)  Decorative green. Choose the size from the drop-down menu. Shipping is free in this bouquet &nbsp;  Vase not included","og_url":"https:\/\/floranixena.it\/en\/product\/bouquet-of-red-and-white-roses-with-gypsophila\/","og_site_name":"FloraNixena - flower and plant delivery","article_publisher":"https:\/\/www.facebook.com\/FloraNixena\/","article_modified_time":"2025-08-19T07:09:28+00:00","og_image":[{"width":800,"height":800,"url":"https:\/\/floranixena.it\/wp-content\/uploads\/2020\/02\/Bouquet-per-san-valentino-con-Rose-bianche-e-rose-rosse-con-gypsophila-da-consegnare-a-domicilio-in-Italia.jpg","type":"image\/jpeg"}],"twitter_card":"summary_large_image","twitter_misc":{"Est. reading time":"2 minutes"},"schema":{"@context":"https:\/\/schema.org","@graph":[{"@type":"WebPage","@id":"https:\/\/floranixena.it\/en\/product\/bouquet-of-red-and-white-roses-with-gypsophila\/","url":"https:\/\/floranixena.it\/en\/product\/bouquet-of-red-and-white-roses-with-gypsophila\/","name":"Bouquet of Red and White Roses FloraNixena - flower and plant delivery","isPartOf":{"@id":"https:\/\/floranixena.it\/en\/#website"},"primaryImageOfPage":{"@id":"https:\/\/floranixena.it\/en\/product\/bouquet-of-red-and-white-roses-with-gypsophila\/#primaryimage"},"image":{"@id":"https:\/\/floranixena.it\/en\/product\/bouquet-of-red-and-white-roses-with-gypsophila\/#primaryimage"},"thumbnailUrl":"https:\/\/floranixena.it\/wp-content\/uploads\/2020\/02\/Bouquet-per-san-valentino-con-Rose-bianche-e-rose-rosse-con-gypsophila-da-consegnare-a-domicilio-in-Italia.jpg","datePublished":"2025-08-13T09:10:37+00:00","dateModified":"2025-08-19T07:09:28+00:00","description":"Valentine's Day, and more, this fantastic bouquet of red and white roses of red roses is perfect for celebrating love on any occasion","breadcrumb":{"@id":"https:\/\/floranixena.it\/en\/product\/bouquet-of-red-and-white-roses-with-gypsophila\/#breadcrumb"},"inLanguage":"en-US","potentialAction":[{"@type":"ReadAction","target":["https:\/\/floranixena.it\/en\/product\/bouquet-of-red-and-white-roses-with-gypsophila\/"]}]},{"@type":"ImageObject","inLanguage":"en-US","@id":"https:\/\/floranixena.it\/en\/product\/bouquet-of-red-and-white-roses-with-gypsophila\/#primaryimage","url":"https:\/\/floranixena.it\/wp-content\/uploads\/2020\/02\/Bouquet-per-san-valentino-con-Rose-bianche-e-rose-rosse-con-gypsophila-da-consegnare-a-domicilio-in-Italia.jpg","contentUrl":"https:\/\/floranixena.it\/wp-content\/uploads\/2020\/02\/Bouquet-per-san-valentino-con-Rose-bianche-e-rose-rosse-con-gypsophila-da-consegnare-a-domicilio-in-Italia.jpg","width":800,"height":800,"caption":"Un abbraccio di emozioni: il rosso dell\u2019amore, il bianco della sincerit\u00e0."},{"@type":"BreadcrumbList","@id":"https:\/\/floranixena.it\/en\/product\/bouquet-of-red-and-white-roses-with-gypsophila\/#breadcrumb","itemListElement":[{"@type":"ListItem","position":1,"name":"Home","item":"https:\/\/floranixena.it\/en\/"},{"@type":"ListItem","position":2,"name":"Shop","item":"https:\/\/floranixena.it\/en\/shop\/"},{"@type":"ListItem","position":3,"name":"Pure Love"}]},{"@type":"WebSite","@id":"https:\/\/floranixena.it\/en\/#website","url":"https:\/\/floranixena.it\/en\/","name":"FloraNixena - Consegna fiori a domicilio in Italia","description":"Invia fiori che raccontano storie","publisher":{"@id":"https:\/\/floranixena.it\/en\/#organization"},"alternateName":"FloraNixena.it","potentialAction":[{"@type":"SearchAction","target":{"@type":"EntryPoint","urlTemplate":"https:\/\/floranixena.it\/en\/?s={search_term_string}"},"query-input":{"@type":"PropertyValueSpecification","valueRequired":true,"valueName":"search_term_string"}}],"inLanguage":"en-US"},{"@type":"Organization","@id":"https:\/\/floranixena.it\/en\/#organization","name":"FloraNixena.it - Consegna mazzi di fiori, bouquet e piante a domicilio","url":"https:\/\/floranixena.it\/en\/","logo":{"@type":"ImageObject","inLanguage":"en-US","@id":"https:\/\/floranixena.it\/en\/#\/schema\/logo\/image\/","url":"https:\/\/floranixena.it\/wp-content\/uploads\/2018\/11\/logo-fucsia.png","contentUrl":"https:\/\/floranixena.it\/wp-content\/uploads\/2018\/11\/logo-fucsia.png","width":315,"height":81,"caption":"FloraNixena.it - Consegna mazzi di fiori, bouquet e piante a domicilio"},"image":{"@id":"https:\/\/floranixena.it\/en\/#\/schema\/logo\/image\/"},"sameAs":["https:\/\/www.facebook.com\/FloraNixena\/","https:\/\/www.instagram.com\/floranixena.it\/","https:\/\/www.youtube.com\/channel\/UCAfCWXMBezO96jgPjiUgpkA"],"description":"Chi Siamo? FloraNixena \u00e8 il partner di fiducia per la consegna di fiori freschi a domicilio. Con anni di esperienza nel settore floreale, siamo dedicati a portare la bellezza e la freschezza dei fiori direttamente alla vostra porta. La Nostra Missione La nostra missione \u00e8 trasformare ogni occasione in un momento speciale attraverso la magia dei fiori. Crediamo che un bouquet possa dire pi\u00f9 di mille parole e lavoriamo instancabilmente per assicurarci che ogni consegna porti gioia, amore e bellezza. Cosa Offriamo? Fiori Freschi: Collaboriamo con i migliori fornitori locali per garantire che i nostri fiori siano sempre freschi e di alta qualit\u00e0. Consegna Rapida e Puntuale: Offriamo un servizio di consegna rapido e affidabile, con la possibilit\u00e0 di scegliere la fascia oraria che pi\u00f9 vi conviene. Ampia Selezione: Dalle rose classiche ai bouquet personalizzati, abbiamo una vasta gamma di opzioni per soddisfare ogni gusto e occasione. Assistenza Clienti: Il nostro team \u00e8 sempre a disposizione per assistervi nella scelta del bouquet perfetto e per garantire un'esperienza di acquisto senza intoppi. Perch\u00e9 Sceglierci? Qualit\u00e0 Garantita: Ogni bouquet \u00e8 realizzato con cura dai nostri esperti fioristi, garantendo che ogni composizione sia un'opera d'arte. Servizio Personalizzato: Che sia per un anniversario, un compleanno, una celebrazione o un momento di condoglianza, personalizziamo ogni ordine per rispondere alle vostre esigenze specifiche. Soddisfazione del Cliente: La vostra soddisfazione \u00e8 la nostra priorit\u00e0 assoluta. Facciamo tutto il possibile per assicurarci che ogni consegna superi le vostre aspettative.","email":"amministrazione@floranixena.it","telephone":"3806342394","legalName":"Gaetano Votadoro"}]}},"_links":{"self":[{"href":"https:\/\/floranixena.it\/en\/wp-json\/wp\/v2\/product\/10481","targetHints":{"allow":["GET"]}}],"collection":[{"href":"https:\/\/floranixena.it\/en\/wp-json\/wp\/v2\/product"}],"about":[{"href":"https:\/\/floranixena.it\/en\/wp-json\/wp\/v2\/types\/product"}],"replies":[{"embeddable":true,"href":"https:\/\/floranixena.it\/en\/wp-json\/wp\/v2\/comments?post=10481"}],"wp:featuredmedia":[{"embeddable":true,"href":"https:\/\/floranixena.it\/en\/wp-json\/wp\/v2\/media\/9925"}],"wp:attachment":[{"href":"https:\/\/floranixena.it\/en\/wp-json\/wp\/v2\/media?parent=10481"}],"wp:term":[{"taxonomy":"product_brand","embeddable":true,"href":"https:\/\/floranixena.it\/en\/wp-json\/wp\/v2\/product_brand?post=10481"},{"taxonomy":"product_cat","embeddable":true,"href":"https:\/\/floranixena.it\/en\/wp-json\/wp\/v2\/product_cat?post=10481"},{"taxonomy":"product_tag","embeddable":true,"href":"https:\/\/floranixena.it\/en\/wp-json\/wp\/v2\/product_tag?post=10481"}],"curies":[{"name":"wp","href":"https:\/\/api.w.org\/{rel}","templated":true}]}}