{"id":10478,"date":"2025-08-04T12:22:43","date_gmt":"2025-08-04T10:22:43","guid":{"rendered":"https:\/\/floranixena.it\/product\/bouquet-12-red-roses\/"},"modified":"2025-08-13T09:06:03","modified_gmt":"2025-08-13T07:06:03","slug":"bouquet-of-12-red-roses","status":"publish","type":"product","link":"https:\/\/floranixena.it\/en\/product\/bouquet-of-12-red-roses\/","title":{"rendered":"Bouquet 12 Red Roses"},"content":{"rendered":"<h1>Bouquet 12 Red Roses<\/h1>\n<p>long-stemmed with white bilges, or alternatively, classic, chic and elegant Gypshophila. The gift of a true <a href=\"https:\/\/floranixena.it\/en\/catalog\/love-and-romance\/for-the-wife-or-girlfriend\/\">romantic<\/a>.<\/p>\n<p>If you are looking for a gift for your partner on the occasion of your anniversary, <strong>FloraNixena.it<\/strong> has the perfect solution for you. We offer a wide range of high quality flowers, including our<strong> bouquet of 12 red roses <\/strong>available for delivery throughout Italy. <\/p>\n<p>Our red roses are a romantic and chic gift, perfect for showing your partner how much you love them. Each <a href=\"https:\/\/floranixena.it\/en\/catalog\/flowers-for-events\/birthday\/to-a-friend\/\">bouquet <\/a>is carefully packaged and wrapped in TNT or cellophane, to ensure your gift arrives in perfect condition. <\/p>\n<p>Send our<a href=\"https:\/\/floranixena.it\/en\/prodotto\/dozen-red-and-pink-roses\/\"><strong> 12 red roses <\/strong><\/a>to celebrate your <a href=\"https:\/\/floranixena.it\/en\/catalog\/flowers-for-events\/anniversary\/30th-wedding-anniversary-of-pearls\/\">anniversary <\/a>or Valentine&#8217;s Day and make the day unforgettable. With our free standard next day delivery, you don&#8217;t have to worry about scheduling your romantic surprise in advance. <\/p>\n<p>Our local florists choose only the freshest and highest quality flowers, so we always offer the best products to our customers. Our red roses are suitable for all occasions, not only for<a href=\"https:\/\/floranixena.it\/en\/catalog\/valentines-day\/\"><strong> Valentine&#8217;s Day<\/strong><\/a> or <a href=\"https:\/\/floranixena.it\/en\/catalog\/flowers-for-events\/anniversary\/40th-wedding-anniversary-emerald\/\">anniversary<\/a>, but also to celebrate a birthday or to say &#8220;I love you&#8221;. <\/p>\n<p>Choose <strong>FloraNixena.it<\/strong> to send flowers to your home throughout Italy in a simple and economical way. Don&#8217;t miss the opportunity to express your feelings with a romantic, high-quality gift. Order our <strong>12 red roses <\/strong>now and make your special someone happy with an unforgettable romantic gesture.  <\/p>\n","protected":false},"excerpt":{"rendered":"<ul>\n<li>12 red roses<\/li>\n<li>Little white chrysanthemums (Gypsophila alternative)<\/li>\n<li>Decorative green<\/li>\n<li>Wrapped in TNT or Cellophane<\/li>\n<\/ul>\n<p><span style=\"letter-spacing: 0.5px; font-size: 13px;\">Vase not included<\/span><\/p>\n<p><span style=\"color: #339966;\"><strong>In this bouquet the DELIVERY is free<\/strong><\/span><\/p>\n","protected":false},"featured_media":10476,"comment_status":"open","ping_status":"closed","template":"","meta":[],"product_brand":[],"product_cat":[2371,2379,2373,2418,2356,2340,2357,2374,2376,2420,2361,2360,2359,2355,2417,2378,2362,2437,2423,2377,2353,2438,2375,2387],"product_tag":[2381,2383,2367,2812,2385,2813],"class_list":{"0":"post-10478","1":"product","2":"type-product","3":"status-publish","4":"has-post-thumbnail","6":"product_cat-anniversary","7":"product_cat-apologies","8":"product_cat-as-a-secret-fan","9":"product_cat-autumn-flowers","10":"product_cat-birthday","11":"product_cat-christmas","12":"product_cat-classic-and-romantic-flowers","13":"product_cat-eighteenth-birthday","14":"product_cat-flowers-for-events","15":"product_cat-for-mom","16":"product_cat-for-new-revelations","17":"product_cat-for-the-wife-or-girlfriend","18":"product_cat-for-wife-or-girlfriend","19":"product_cat-love-and-romance","20":"product_cat-mothers-day","21":"product_cat-name-day","22":"product_cat-roses","23":"product_cat-spring-flowers","24":"product_cat-summer-flowers","25":"product_cat-university-degree","26":"product_cat-valentines-day","27":"product_cat-wedding","28":"product_cat-winter-flowers","29":"product_cat-womens-day","30":"product_tag-bouquet-of-red-roses","31":"product_tag-bouquet-of-red-roses-en","32":"product_tag-red-roses","33":"product_tag-romantic-bouquet","34":"product_tag-saint-valentine","35":"product_tag-sentini-bianchi-en","37":"first","38":"instock","39":"shipping-taxable","40":"purchasable","41":"product-type-simple"},"yoast_head":"<!-- This site is optimized with the Yoast SEO Premium plugin v27.5 (Yoast SEO v27.5) - https:\/\/yoast.com\/product\/yoast-seo-premium-wordpress\/ -->\n<title>Bouquet of 12 red roses - FloraNixena flowers at home<\/title>\n<meta name=\"description\" content=\"Bouquet of 12 red roses, bouquet of excellence to celebrate love and Valentine&#039;s Day, a fantastic hand-crafted bouquet of roses to give as a gift.\" \/>\n<meta name=\"robots\" content=\"index, follow, max-snippet:-1, max-image-preview:large, max-video-preview:-1\" \/>\n<link rel=\"canonical\" href=\"https:\/\/floranixena.it\/en\/product\/bouquet-of-12-red-roses\/\" \/>\n<meta property=\"og:locale\" content=\"en_US\" \/>\n<meta property=\"og:type\" content=\"article\" \/>\n<meta property=\"og:title\" content=\"Bouquet 12 Red Roses\" \/>\n<meta property=\"og:description\" content=\"12 red roses  Little white chrysanthemums (Gypsophila alternative)  Decorative green  Wrapped in TNT or Cellophane Vase not included In this bouquet the DELIVERY is free\" \/>\n<meta property=\"og:url\" content=\"https:\/\/floranixena.it\/en\/product\/bouquet-of-12-red-roses\/\" \/>\n<meta property=\"og:site_name\" content=\"FloraNixena - flower and plant delivery\" \/>\n<meta property=\"article:publisher\" content=\"https:\/\/www.facebook.com\/FloraNixena\/\" \/>\n<meta property=\"article:modified_time\" content=\"2025-08-13T07:06:03+00:00\" \/>\n<meta property=\"og:image\" content=\"https:\/\/floranixena.it\/wp-content\/uploads\/2019\/06\/bouquet-di-dodici-rose-rosse.webp\" \/>\n\t<meta property=\"og:image:width\" content=\"800\" \/>\n\t<meta property=\"og:image:height\" content=\"800\" \/>\n\t<meta property=\"og:image:type\" content=\"image\/webp\" \/>\n<meta name=\"twitter:card\" content=\"summary_large_image\" \/>\n<meta name=\"twitter:label1\" content=\"Est. reading time\" \/>\n\t<meta name=\"twitter:data1\" content=\"1 minute\" \/>\n<script type=\"application\/ld+json\" class=\"yoast-schema-graph\">{\"@context\":\"https:\\\/\\\/schema.org\",\"@graph\":[{\"@type\":\"WebPage\",\"@id\":\"https:\\\/\\\/floranixena.it\\\/en\\\/product\\\/bouquet-of-12-red-roses\\\/\",\"url\":\"https:\\\/\\\/floranixena.it\\\/en\\\/product\\\/bouquet-of-12-red-roses\\\/\",\"name\":\"Bouquet of 12 red roses - FloraNixena flowers at home\",\"isPartOf\":{\"@id\":\"https:\\\/\\\/floranixena.it\\\/en\\\/#website\"},\"primaryImageOfPage\":{\"@id\":\"https:\\\/\\\/floranixena.it\\\/en\\\/product\\\/bouquet-of-12-red-roses\\\/#primaryimage\"},\"image\":{\"@id\":\"https:\\\/\\\/floranixena.it\\\/en\\\/product\\\/bouquet-of-12-red-roses\\\/#primaryimage\"},\"thumbnailUrl\":\"https:\\\/\\\/floranixena.it\\\/wp-content\\\/uploads\\\/2019\\\/06\\\/bouquet-di-dodici-rose-rosse.webp\",\"datePublished\":\"2025-08-04T10:22:43+00:00\",\"dateModified\":\"2025-08-13T07:06:03+00:00\",\"description\":\"Bouquet of 12 red roses, bouquet of excellence to celebrate love and Valentine's Day, a fantastic hand-crafted bouquet of roses to give as a gift.\",\"breadcrumb\":{\"@id\":\"https:\\\/\\\/floranixena.it\\\/en\\\/product\\\/bouquet-of-12-red-roses\\\/#breadcrumb\"},\"inLanguage\":\"en-US\",\"potentialAction\":[{\"@type\":\"ReadAction\",\"target\":[\"https:\\\/\\\/floranixena.it\\\/en\\\/product\\\/bouquet-of-12-red-roses\\\/\"]}]},{\"@type\":\"ImageObject\",\"inLanguage\":\"en-US\",\"@id\":\"https:\\\/\\\/floranixena.it\\\/en\\\/product\\\/bouquet-of-12-red-roses\\\/#primaryimage\",\"url\":\"https:\\\/\\\/floranixena.it\\\/wp-content\\\/uploads\\\/2019\\\/06\\\/bouquet-di-dodici-rose-rosse.webp\",\"contentUrl\":\"https:\\\/\\\/floranixena.it\\\/wp-content\\\/uploads\\\/2019\\\/06\\\/bouquet-di-dodici-rose-rosse.webp\",\"width\":800,\"height\":800,\"caption\":\"Dodici rose, dodici promesse: un bouquet che parla d\u2019amore con eleganza e intensit\u00e0.\"},{\"@type\":\"BreadcrumbList\",\"@id\":\"https:\\\/\\\/floranixena.it\\\/en\\\/product\\\/bouquet-of-12-red-roses\\\/#breadcrumb\",\"itemListElement\":[{\"@type\":\"ListItem\",\"position\":1,\"name\":\"Home\",\"item\":\"https:\\\/\\\/floranixena.it\\\/en\\\/\"},{\"@type\":\"ListItem\",\"position\":2,\"name\":\"Shop\",\"item\":\"https:\\\/\\\/floranixena.it\\\/en\\\/shop\\\/\"},{\"@type\":\"ListItem\",\"position\":3,\"name\":\"Bouquet 12 Red Roses\"}]},{\"@type\":\"WebSite\",\"@id\":\"https:\\\/\\\/floranixena.it\\\/en\\\/#website\",\"url\":\"https:\\\/\\\/floranixena.it\\\/en\\\/\",\"name\":\"FloraNixena - Consegna fiori a domicilio in Italia\",\"description\":\"Invia fiori che raccontano storie\",\"publisher\":{\"@id\":\"https:\\\/\\\/floranixena.it\\\/en\\\/#organization\"},\"alternateName\":\"FloraNixena.it\",\"potentialAction\":[{\"@type\":\"SearchAction\",\"target\":{\"@type\":\"EntryPoint\",\"urlTemplate\":\"https:\\\/\\\/floranixena.it\\\/en\\\/?s={search_term_string}\"},\"query-input\":{\"@type\":\"PropertyValueSpecification\",\"valueRequired\":true,\"valueName\":\"search_term_string\"}}],\"inLanguage\":\"en-US\"},{\"@type\":\"Organization\",\"@id\":\"https:\\\/\\\/floranixena.it\\\/en\\\/#organization\",\"name\":\"FloraNixena.it - Consegna mazzi di fiori, bouquet e piante a domicilio\",\"url\":\"https:\\\/\\\/floranixena.it\\\/en\\\/\",\"logo\":{\"@type\":\"ImageObject\",\"inLanguage\":\"en-US\",\"@id\":\"https:\\\/\\\/floranixena.it\\\/en\\\/#\\\/schema\\\/logo\\\/image\\\/\",\"url\":\"https:\\\/\\\/floranixena.it\\\/wp-content\\\/uploads\\\/2018\\\/11\\\/logo-fucsia.png\",\"contentUrl\":\"https:\\\/\\\/floranixena.it\\\/wp-content\\\/uploads\\\/2018\\\/11\\\/logo-fucsia.png\",\"width\":315,\"height\":81,\"caption\":\"FloraNixena.it - Consegna mazzi di fiori, bouquet e piante a domicilio\"},\"image\":{\"@id\":\"https:\\\/\\\/floranixena.it\\\/en\\\/#\\\/schema\\\/logo\\\/image\\\/\"},\"sameAs\":[\"https:\\\/\\\/www.facebook.com\\\/FloraNixena\\\/\",\"https:\\\/\\\/www.instagram.com\\\/floranixena.it\\\/\",\"https:\\\/\\\/www.youtube.com\\\/channel\\\/UCAfCWXMBezO96jgPjiUgpkA\"],\"description\":\"Chi Siamo? FloraNixena \u00e8 il partner di fiducia per la consegna di fiori freschi a domicilio. Con anni di esperienza nel settore floreale, siamo dedicati a portare la bellezza e la freschezza dei fiori direttamente alla vostra porta. La Nostra Missione La nostra missione \u00e8 trasformare ogni occasione in un momento speciale attraverso la magia dei fiori. Crediamo che un bouquet possa dire pi\u00f9 di mille parole e lavoriamo instancabilmente per assicurarci che ogni consegna porti gioia, amore e bellezza. Cosa Offriamo? Fiori Freschi: Collaboriamo con i migliori fornitori locali per garantire che i nostri fiori siano sempre freschi e di alta qualit\u00e0. Consegna Rapida e Puntuale: Offriamo un servizio di consegna rapido e affidabile, con la possibilit\u00e0 di scegliere la fascia oraria che pi\u00f9 vi conviene. Ampia Selezione: Dalle rose classiche ai bouquet personalizzati, abbiamo una vasta gamma di opzioni per soddisfare ogni gusto e occasione. Assistenza Clienti: Il nostro team \u00e8 sempre a disposizione per assistervi nella scelta del bouquet perfetto e per garantire un'esperienza di acquisto senza intoppi. Perch\u00e9 Sceglierci? Qualit\u00e0 Garantita: Ogni bouquet \u00e8 realizzato con cura dai nostri esperti fioristi, garantendo che ogni composizione sia un'opera d'arte. Servizio Personalizzato: Che sia per un anniversario, un compleanno, una celebrazione o un momento di condoglianza, personalizziamo ogni ordine per rispondere alle vostre esigenze specifiche. Soddisfazione del Cliente: La vostra soddisfazione \u00e8 la nostra priorit\u00e0 assoluta. Facciamo tutto il possibile per assicurarci che ogni consegna superi le vostre aspettative.\",\"email\":\"amministrazione@floranixena.it\",\"telephone\":\"3806342394\",\"legalName\":\"Gaetano Votadoro\"}]}<\/script>\n<!-- \/ Yoast SEO Premium plugin. -->","yoast_head_json":{"title":"Bouquet of 12 red roses - FloraNixena flowers at home","description":"Bouquet of 12 red roses, bouquet of excellence to celebrate love and Valentine's Day, a fantastic hand-crafted bouquet of roses to give as a gift.","robots":{"index":"index","follow":"follow","max-snippet":"max-snippet:-1","max-image-preview":"max-image-preview:large","max-video-preview":"max-video-preview:-1"},"canonical":"https:\/\/floranixena.it\/en\/product\/bouquet-of-12-red-roses\/","og_locale":"en_US","og_type":"article","og_title":"Bouquet 12 Red Roses","og_description":"12 red roses  Little white chrysanthemums (Gypsophila alternative)  Decorative green  Wrapped in TNT or Cellophane Vase not included In this bouquet the DELIVERY is free","og_url":"https:\/\/floranixena.it\/en\/product\/bouquet-of-12-red-roses\/","og_site_name":"FloraNixena - flower and plant delivery","article_publisher":"https:\/\/www.facebook.com\/FloraNixena\/","article_modified_time":"2025-08-13T07:06:03+00:00","og_image":[{"width":800,"height":800,"url":"https:\/\/floranixena.it\/wp-content\/uploads\/2019\/06\/bouquet-di-dodici-rose-rosse.webp","type":"image\/webp"}],"twitter_card":"summary_large_image","twitter_misc":{"Est. reading time":"1 minute"},"schema":{"@context":"https:\/\/schema.org","@graph":[{"@type":"WebPage","@id":"https:\/\/floranixena.it\/en\/product\/bouquet-of-12-red-roses\/","url":"https:\/\/floranixena.it\/en\/product\/bouquet-of-12-red-roses\/","name":"Bouquet of 12 red roses - FloraNixena flowers at home","isPartOf":{"@id":"https:\/\/floranixena.it\/en\/#website"},"primaryImageOfPage":{"@id":"https:\/\/floranixena.it\/en\/product\/bouquet-of-12-red-roses\/#primaryimage"},"image":{"@id":"https:\/\/floranixena.it\/en\/product\/bouquet-of-12-red-roses\/#primaryimage"},"thumbnailUrl":"https:\/\/floranixena.it\/wp-content\/uploads\/2019\/06\/bouquet-di-dodici-rose-rosse.webp","datePublished":"2025-08-04T10:22:43+00:00","dateModified":"2025-08-13T07:06:03+00:00","description":"Bouquet of 12 red roses, bouquet of excellence to celebrate love and Valentine's Day, a fantastic hand-crafted bouquet of roses to give as a gift.","breadcrumb":{"@id":"https:\/\/floranixena.it\/en\/product\/bouquet-of-12-red-roses\/#breadcrumb"},"inLanguage":"en-US","potentialAction":[{"@type":"ReadAction","target":["https:\/\/floranixena.it\/en\/product\/bouquet-of-12-red-roses\/"]}]},{"@type":"ImageObject","inLanguage":"en-US","@id":"https:\/\/floranixena.it\/en\/product\/bouquet-of-12-red-roses\/#primaryimage","url":"https:\/\/floranixena.it\/wp-content\/uploads\/2019\/06\/bouquet-di-dodici-rose-rosse.webp","contentUrl":"https:\/\/floranixena.it\/wp-content\/uploads\/2019\/06\/bouquet-di-dodici-rose-rosse.webp","width":800,"height":800,"caption":"Dodici rose, dodici promesse: un bouquet che parla d\u2019amore con eleganza e intensit\u00e0."},{"@type":"BreadcrumbList","@id":"https:\/\/floranixena.it\/en\/product\/bouquet-of-12-red-roses\/#breadcrumb","itemListElement":[{"@type":"ListItem","position":1,"name":"Home","item":"https:\/\/floranixena.it\/en\/"},{"@type":"ListItem","position":2,"name":"Shop","item":"https:\/\/floranixena.it\/en\/shop\/"},{"@type":"ListItem","position":3,"name":"Bouquet 12 Red Roses"}]},{"@type":"WebSite","@id":"https:\/\/floranixena.it\/en\/#website","url":"https:\/\/floranixena.it\/en\/","name":"FloraNixena - Consegna fiori a domicilio in Italia","description":"Invia fiori che raccontano storie","publisher":{"@id":"https:\/\/floranixena.it\/en\/#organization"},"alternateName":"FloraNixena.it","potentialAction":[{"@type":"SearchAction","target":{"@type":"EntryPoint","urlTemplate":"https:\/\/floranixena.it\/en\/?s={search_term_string}"},"query-input":{"@type":"PropertyValueSpecification","valueRequired":true,"valueName":"search_term_string"}}],"inLanguage":"en-US"},{"@type":"Organization","@id":"https:\/\/floranixena.it\/en\/#organization","name":"FloraNixena.it - Consegna mazzi di fiori, bouquet e piante a domicilio","url":"https:\/\/floranixena.it\/en\/","logo":{"@type":"ImageObject","inLanguage":"en-US","@id":"https:\/\/floranixena.it\/en\/#\/schema\/logo\/image\/","url":"https:\/\/floranixena.it\/wp-content\/uploads\/2018\/11\/logo-fucsia.png","contentUrl":"https:\/\/floranixena.it\/wp-content\/uploads\/2018\/11\/logo-fucsia.png","width":315,"height":81,"caption":"FloraNixena.it - Consegna mazzi di fiori, bouquet e piante a domicilio"},"image":{"@id":"https:\/\/floranixena.it\/en\/#\/schema\/logo\/image\/"},"sameAs":["https:\/\/www.facebook.com\/FloraNixena\/","https:\/\/www.instagram.com\/floranixena.it\/","https:\/\/www.youtube.com\/channel\/UCAfCWXMBezO96jgPjiUgpkA"],"description":"Chi Siamo? FloraNixena \u00e8 il partner di fiducia per la consegna di fiori freschi a domicilio. Con anni di esperienza nel settore floreale, siamo dedicati a portare la bellezza e la freschezza dei fiori direttamente alla vostra porta. La Nostra Missione La nostra missione \u00e8 trasformare ogni occasione in un momento speciale attraverso la magia dei fiori. Crediamo che un bouquet possa dire pi\u00f9 di mille parole e lavoriamo instancabilmente per assicurarci che ogni consegna porti gioia, amore e bellezza. Cosa Offriamo? Fiori Freschi: Collaboriamo con i migliori fornitori locali per garantire che i nostri fiori siano sempre freschi e di alta qualit\u00e0. Consegna Rapida e Puntuale: Offriamo un servizio di consegna rapido e affidabile, con la possibilit\u00e0 di scegliere la fascia oraria che pi\u00f9 vi conviene. Ampia Selezione: Dalle rose classiche ai bouquet personalizzati, abbiamo una vasta gamma di opzioni per soddisfare ogni gusto e occasione. Assistenza Clienti: Il nostro team \u00e8 sempre a disposizione per assistervi nella scelta del bouquet perfetto e per garantire un'esperienza di acquisto senza intoppi. Perch\u00e9 Sceglierci? Qualit\u00e0 Garantita: Ogni bouquet \u00e8 realizzato con cura dai nostri esperti fioristi, garantendo che ogni composizione sia un'opera d'arte. Servizio Personalizzato: Che sia per un anniversario, un compleanno, una celebrazione o un momento di condoglianza, personalizziamo ogni ordine per rispondere alle vostre esigenze specifiche. Soddisfazione del Cliente: La vostra soddisfazione \u00e8 la nostra priorit\u00e0 assoluta. Facciamo tutto il possibile per assicurarci che ogni consegna superi le vostre aspettative.","email":"amministrazione@floranixena.it","telephone":"3806342394","legalName":"Gaetano Votadoro"}]}},"_links":{"self":[{"href":"https:\/\/floranixena.it\/en\/wp-json\/wp\/v2\/product\/10478","targetHints":{"allow":["GET"]}}],"collection":[{"href":"https:\/\/floranixena.it\/en\/wp-json\/wp\/v2\/product"}],"about":[{"href":"https:\/\/floranixena.it\/en\/wp-json\/wp\/v2\/types\/product"}],"replies":[{"embeddable":true,"href":"https:\/\/floranixena.it\/en\/wp-json\/wp\/v2\/comments?post=10478"}],"wp:featuredmedia":[{"embeddable":true,"href":"https:\/\/floranixena.it\/en\/wp-json\/wp\/v2\/media\/10476"}],"wp:attachment":[{"href":"https:\/\/floranixena.it\/en\/wp-json\/wp\/v2\/media?parent=10478"}],"wp:term":[{"taxonomy":"product_brand","embeddable":true,"href":"https:\/\/floranixena.it\/en\/wp-json\/wp\/v2\/product_brand?post=10478"},{"taxonomy":"product_cat","embeddable":true,"href":"https:\/\/floranixena.it\/en\/wp-json\/wp\/v2\/product_cat?post=10478"},{"taxonomy":"product_tag","embeddable":true,"href":"https:\/\/floranixena.it\/en\/wp-json\/wp\/v2\/product_tag?post=10478"}],"curies":[{"name":"wp","href":"https:\/\/api.w.org\/{rel}","templated":true}]}}