{"id":10434,"date":"2025-08-11T10:30:13","date_gmt":"2025-08-11T08:30:13","guid":{"rendered":"https:\/\/floranixena.it\/product\/bouquet-of-roses-and-berries\/"},"modified":"2025-08-12T11:36:55","modified_gmt":"2025-08-12T09:36:55","slug":"bouquet-of-roses-and-lysianthus-and-hypericum","status":"publish","type":"product","link":"https:\/\/floranixena.it\/en\/product\/bouquet-of-roses-and-lysianthus-and-hypericum\/","title":{"rendered":"Bouquet of roses and berries"},"content":{"rendered":"<h1 dir=\"auto\" data-pm-slice=\"1 1 []\">Bouquet with berries and red roses<\/h1>\n<p>Surprise those you love with a<a href=\"https:\/\/floranixena.it\/en\/send-flowers-and-plants-to-italy\/\"> romantic bouquet of red roses, <\/a>white lisianthus and hypericum berries, designed to convey deep emotions and refinement. This elegant flower arrangement includes<a href=\"https:\/\/floranixena.it\/en\/catalog\/flowers-for-events\/occasion\/\"> 5 vibrant red roses,<\/a> 5 branches of delicate white lisianthus and red hypericum, enhanced by decorative leaves that complement the ensemble in harmony. <\/p>\n<p>Perfect for anniversaries, Valentine&#8217;s Day, birthdays or special occasions, this <a href=\"https:\/\/floranixena.it\/en\/prodotto\/bouquet-of-gerberas-roses-and-red-hypericum\/\">bouquet of flowers with roses <\/a>and berries is a gesture of love that leaves its mark. Home flower delivery is available throughout Italy, guaranteeing freshness and punctuality. <\/p>\n<p>Choose the <a href=\"https:\/\/floranixena.it\/en\/catalog\/love-and-romance\/classic-and-romantic-flowers\/\">bouquet with red roses and lisianthus<\/a> to express affection, passion and style in an unforgettable way.<\/p>\n<p dir=\"auto\" data-pm-slice=\"1 1 []\">Show your love and appreciation in the most beautiful way possible with this gorgeous bouquet of roses and berries! Our unique composition of five vibrant red roses, five branches of white lisianthus, St. John&#8217;s wort and red berries, perfectly paired with decorative leaves, will make every special occasion a truly unforgettable moment that you will treasure forever! <\/p>\n<p>To add even more enchantment to the extraordinary beauty of roses, we have created an eye-catching bouquet that includes an extraordinary Hypericum. The combination of these two elements creates an <a href=\"https:\/\/floranixena.it\/en\/prodotto\/bouquet-of-red-and-white-roses-with-gypsophila\/\">elegant and charming looking bouquet, <\/a>which is sure to leave a lasting impression! Place your order now and receive it conveniently for delivery anywhere in Italy.  <\/p>\n<p>This beautiful bouquet of gorgeous festive berries, gorgeous red roses and delicate white lisianthus is the perfect gift for Christmas! We also offer convenient home delivery for your <a href=\"https:\/\/floranixena.it\/en\/prodotto\/christmas-star-plant\/\"><strong>Christmas <\/strong><\/a>gifts. <\/p>\n","protected":false},"excerpt":{"rendered":"<ul>\n<li>5 red roses<\/li>\n<li>White Lisianthus branches<\/li>\n<li>Hypericum or red berries<\/li>\n<li>Decorative leaves<\/li>\n<\/ul>\n<p>Vase not included<\/p>\n<p><span style=\"color: #339966;\"><strong>In this product the delivery is free<\/strong><\/span><\/p>\n","protected":false},"featured_media":10433,"comment_status":"open","ping_status":"closed","template":"","meta":[],"product_brand":[],"product_cat":[2371,2379,2340,2372,2462,2456,2420,2361,2455,2359,2415,2436,2451,2355,2417,2378,2362,2419,2437,2454,2431,2377,2353,2387],"product_tag":[2796,2393,2405,2367,2797],"class_list":{"0":"post-10434","1":"product","2":"type-product","3":"status-publish","4":"has-post-thumbnail","6":"product_cat-anniversary","7":"product_cat-apologies","8":"product_cat-christmas","9":"product_cat-congratulations","10":"product_cat-easter-occasion","11":"product_cat-for-grandparents","12":"product_cat-for-mom","13":"product_cat-for-new-revelations","14":"product_cat-for-uncles","15":"product_cat-for-wife-or-girlfriend","16":"product_cat-friendship","17":"product_cat-its-a-girl","18":"product_cat-lisianthus-en","19":"product_cat-love-and-romance","20":"product_cat-mothers-day","21":"product_cat-name-day","22":"product_cat-roses","23":"product_cat-seasonal-flowers","24":"product_cat-spring-flowers","25":"product_cat-thank-you","26":"product_cat-they-are-twins","27":"product_cat-university-degree","28":"product_cat-valentines-day","29":"product_cat-womens-day","30":"product_tag-berries","31":"product_tag-bouquet-of-lisianthus-and-red-roses","32":"product_tag-hypericum-en","33":"product_tag-red-roses","34":"product_tag-roses-and-berries","36":"first","37":"instock","38":"shipping-taxable","39":"purchasable","40":"product-type-simple"},"yoast_head":"<!-- This site is optimized with the Yoast SEO Premium plugin v27.4 (Yoast SEO v27.4) - https:\/\/yoast.com\/product\/yoast-seo-premium-wordpress\/ -->\n<title>Red berries and roses - FloraNixena flowers at home<\/title>\n<meta name=\"description\" content=\"Bouquet of berries and red roses online sale of flowers, home delivery throughout Italy for any special occasion.\" \/>\n<meta name=\"robots\" content=\"index, follow, max-snippet:-1, max-image-preview:large, max-video-preview:-1\" \/>\n<link rel=\"canonical\" href=\"https:\/\/floranixena.it\/en\/product\/bouquet-of-roses-and-lysianthus-and-hypericum\/\" \/>\n<meta property=\"og:locale\" content=\"en_US\" \/>\n<meta property=\"og:type\" content=\"article\" \/>\n<meta property=\"og:title\" content=\"Bouquet of roses and berries\" \/>\n<meta property=\"og:description\" content=\"5 red roses  White Lisianthus branches  Hypericum or red berries  Decorative leaves Vase not included In this product the delivery is free\" \/>\n<meta property=\"og:url\" content=\"https:\/\/floranixena.it\/en\/product\/bouquet-of-roses-and-lysianthus-and-hypericum\/\" \/>\n<meta property=\"og:site_name\" content=\"FloraNixena - flower and plant delivery\" \/>\n<meta property=\"article:publisher\" content=\"https:\/\/www.facebook.com\/FloraNixena\/\" \/>\n<meta property=\"article:modified_time\" content=\"2025-08-12T09:36:55+00:00\" \/>\n<meta property=\"og:image\" content=\"https:\/\/floranixena.it\/wp-content\/uploads\/2019\/06\/bouquet-di-rose-rose-bacche.webp\" \/>\n\t<meta property=\"og:image:width\" content=\"800\" \/>\n\t<meta property=\"og:image:height\" content=\"800\" \/>\n\t<meta property=\"og:image:type\" content=\"image\/webp\" \/>\n<meta name=\"twitter:card\" content=\"summary_large_image\" \/>\n<meta name=\"twitter:label1\" content=\"Est. reading time\" \/>\n\t<meta name=\"twitter:data1\" content=\"1 minute\" \/>\n<script type=\"application\/ld+json\" class=\"yoast-schema-graph\">{\"@context\":\"https:\\\/\\\/schema.org\",\"@graph\":[{\"@type\":\"WebPage\",\"@id\":\"https:\\\/\\\/floranixena.it\\\/en\\\/product\\\/bouquet-of-roses-and-lysianthus-and-hypericum\\\/\",\"url\":\"https:\\\/\\\/floranixena.it\\\/en\\\/product\\\/bouquet-of-roses-and-lysianthus-and-hypericum\\\/\",\"name\":\"Red berries and roses - FloraNixena flowers at home\",\"isPartOf\":{\"@id\":\"https:\\\/\\\/floranixena.it\\\/en\\\/#website\"},\"primaryImageOfPage\":{\"@id\":\"https:\\\/\\\/floranixena.it\\\/en\\\/product\\\/bouquet-of-roses-and-lysianthus-and-hypericum\\\/#primaryimage\"},\"image\":{\"@id\":\"https:\\\/\\\/floranixena.it\\\/en\\\/product\\\/bouquet-of-roses-and-lysianthus-and-hypericum\\\/#primaryimage\"},\"thumbnailUrl\":\"https:\\\/\\\/floranixena.it\\\/wp-content\\\/uploads\\\/2019\\\/06\\\/bouquet-di-rose-rose-bacche.webp\",\"datePublished\":\"2025-08-11T08:30:13+00:00\",\"dateModified\":\"2025-08-12T09:36:55+00:00\",\"description\":\"Bouquet of berries and red roses online sale of flowers, home delivery throughout Italy for any special occasion.\",\"breadcrumb\":{\"@id\":\"https:\\\/\\\/floranixena.it\\\/en\\\/product\\\/bouquet-of-roses-and-lysianthus-and-hypericum\\\/#breadcrumb\"},\"inLanguage\":\"en-US\",\"potentialAction\":[{\"@type\":\"ReadAction\",\"target\":[\"https:\\\/\\\/floranixena.it\\\/en\\\/product\\\/bouquet-of-roses-and-lysianthus-and-hypericum\\\/\"]}]},{\"@type\":\"ImageObject\",\"inLanguage\":\"en-US\",\"@id\":\"https:\\\/\\\/floranixena.it\\\/en\\\/product\\\/bouquet-of-roses-and-lysianthus-and-hypericum\\\/#primaryimage\",\"url\":\"https:\\\/\\\/floranixena.it\\\/wp-content\\\/uploads\\\/2019\\\/06\\\/bouquet-di-rose-rose-bacche.webp\",\"contentUrl\":\"https:\\\/\\\/floranixena.it\\\/wp-content\\\/uploads\\\/2019\\\/06\\\/bouquet-di-rose-rose-bacche.webp\",\"width\":800,\"height\":800,\"caption\":\"Un bouquet che celebra l\u2019amore e la raffinatezza: fiori e bacche in armonia perfetta per emozionare con stile.\"},{\"@type\":\"BreadcrumbList\",\"@id\":\"https:\\\/\\\/floranixena.it\\\/en\\\/product\\\/bouquet-of-roses-and-lysianthus-and-hypericum\\\/#breadcrumb\",\"itemListElement\":[{\"@type\":\"ListItem\",\"position\":1,\"name\":\"Home\",\"item\":\"https:\\\/\\\/floranixena.it\\\/en\\\/\"},{\"@type\":\"ListItem\",\"position\":2,\"name\":\"Shop\",\"item\":\"https:\\\/\\\/floranixena.it\\\/en\\\/shop\\\/\"},{\"@type\":\"ListItem\",\"position\":3,\"name\":\"Bouquet of roses and berries\"}]},{\"@type\":\"WebSite\",\"@id\":\"https:\\\/\\\/floranixena.it\\\/en\\\/#website\",\"url\":\"https:\\\/\\\/floranixena.it\\\/en\\\/\",\"name\":\"FloraNixena - Consegna fiori a domicilio in Italia\",\"description\":\"Invia fiori che raccontano storie\",\"publisher\":{\"@id\":\"https:\\\/\\\/floranixena.it\\\/en\\\/#organization\"},\"alternateName\":\"FloraNixena.it\",\"potentialAction\":[{\"@type\":\"SearchAction\",\"target\":{\"@type\":\"EntryPoint\",\"urlTemplate\":\"https:\\\/\\\/floranixena.it\\\/en\\\/?s={search_term_string}\"},\"query-input\":{\"@type\":\"PropertyValueSpecification\",\"valueRequired\":true,\"valueName\":\"search_term_string\"}}],\"inLanguage\":\"en-US\"},{\"@type\":\"Organization\",\"@id\":\"https:\\\/\\\/floranixena.it\\\/en\\\/#organization\",\"name\":\"FloraNixena.it - Consegna mazzi di fiori, bouquet e piante a domicilio\",\"url\":\"https:\\\/\\\/floranixena.it\\\/en\\\/\",\"logo\":{\"@type\":\"ImageObject\",\"inLanguage\":\"en-US\",\"@id\":\"https:\\\/\\\/floranixena.it\\\/en\\\/#\\\/schema\\\/logo\\\/image\\\/\",\"url\":\"https:\\\/\\\/floranixena.it\\\/wp-content\\\/uploads\\\/2018\\\/11\\\/logo-fucsia.png\",\"contentUrl\":\"https:\\\/\\\/floranixena.it\\\/wp-content\\\/uploads\\\/2018\\\/11\\\/logo-fucsia.png\",\"width\":315,\"height\":81,\"caption\":\"FloraNixena.it - Consegna mazzi di fiori, bouquet e piante a domicilio\"},\"image\":{\"@id\":\"https:\\\/\\\/floranixena.it\\\/en\\\/#\\\/schema\\\/logo\\\/image\\\/\"},\"sameAs\":[\"https:\\\/\\\/www.facebook.com\\\/FloraNixena\\\/\",\"https:\\\/\\\/www.instagram.com\\\/floranixena.it\\\/\",\"https:\\\/\\\/www.youtube.com\\\/channel\\\/UCAfCWXMBezO96jgPjiUgpkA\"],\"description\":\"Chi Siamo? FloraNixena \u00e8 il partner di fiducia per la consegna di fiori freschi a domicilio. Con anni di esperienza nel settore floreale, siamo dedicati a portare la bellezza e la freschezza dei fiori direttamente alla vostra porta. La Nostra Missione La nostra missione \u00e8 trasformare ogni occasione in un momento speciale attraverso la magia dei fiori. Crediamo che un bouquet possa dire pi\u00f9 di mille parole e lavoriamo instancabilmente per assicurarci che ogni consegna porti gioia, amore e bellezza. Cosa Offriamo? Fiori Freschi: Collaboriamo con i migliori fornitori locali per garantire che i nostri fiori siano sempre freschi e di alta qualit\u00e0. Consegna Rapida e Puntuale: Offriamo un servizio di consegna rapido e affidabile, con la possibilit\u00e0 di scegliere la fascia oraria che pi\u00f9 vi conviene. Ampia Selezione: Dalle rose classiche ai bouquet personalizzati, abbiamo una vasta gamma di opzioni per soddisfare ogni gusto e occasione. Assistenza Clienti: Il nostro team \u00e8 sempre a disposizione per assistervi nella scelta del bouquet perfetto e per garantire un'esperienza di acquisto senza intoppi. Perch\u00e9 Sceglierci? Qualit\u00e0 Garantita: Ogni bouquet \u00e8 realizzato con cura dai nostri esperti fioristi, garantendo che ogni composizione sia un'opera d'arte. Servizio Personalizzato: Che sia per un anniversario, un compleanno, una celebrazione o un momento di condoglianza, personalizziamo ogni ordine per rispondere alle vostre esigenze specifiche. Soddisfazione del Cliente: La vostra soddisfazione \u00e8 la nostra priorit\u00e0 assoluta. Facciamo tutto il possibile per assicurarci che ogni consegna superi le vostre aspettative.\",\"email\":\"amministrazione@floranixena.it\",\"telephone\":\"3806342394\",\"legalName\":\"Gaetano Votadoro\"}]}<\/script>\n<!-- \/ Yoast SEO Premium plugin. -->","yoast_head_json":{"title":"Red berries and roses - FloraNixena flowers at home","description":"Bouquet of berries and red roses online sale of flowers, home delivery throughout Italy for any special occasion.","robots":{"index":"index","follow":"follow","max-snippet":"max-snippet:-1","max-image-preview":"max-image-preview:large","max-video-preview":"max-video-preview:-1"},"canonical":"https:\/\/floranixena.it\/en\/product\/bouquet-of-roses-and-lysianthus-and-hypericum\/","og_locale":"en_US","og_type":"article","og_title":"Bouquet of roses and berries","og_description":"5 red roses  White Lisianthus branches  Hypericum or red berries  Decorative leaves Vase not included In this product the delivery is free","og_url":"https:\/\/floranixena.it\/en\/product\/bouquet-of-roses-and-lysianthus-and-hypericum\/","og_site_name":"FloraNixena - flower and plant delivery","article_publisher":"https:\/\/www.facebook.com\/FloraNixena\/","article_modified_time":"2025-08-12T09:36:55+00:00","og_image":[{"width":800,"height":800,"url":"https:\/\/floranixena.it\/wp-content\/uploads\/2019\/06\/bouquet-di-rose-rose-bacche.webp","type":"image\/webp"}],"twitter_card":"summary_large_image","twitter_misc":{"Est. reading time":"1 minute"},"schema":{"@context":"https:\/\/schema.org","@graph":[{"@type":"WebPage","@id":"https:\/\/floranixena.it\/en\/product\/bouquet-of-roses-and-lysianthus-and-hypericum\/","url":"https:\/\/floranixena.it\/en\/product\/bouquet-of-roses-and-lysianthus-and-hypericum\/","name":"Red berries and roses - FloraNixena flowers at home","isPartOf":{"@id":"https:\/\/floranixena.it\/en\/#website"},"primaryImageOfPage":{"@id":"https:\/\/floranixena.it\/en\/product\/bouquet-of-roses-and-lysianthus-and-hypericum\/#primaryimage"},"image":{"@id":"https:\/\/floranixena.it\/en\/product\/bouquet-of-roses-and-lysianthus-and-hypericum\/#primaryimage"},"thumbnailUrl":"https:\/\/floranixena.it\/wp-content\/uploads\/2019\/06\/bouquet-di-rose-rose-bacche.webp","datePublished":"2025-08-11T08:30:13+00:00","dateModified":"2025-08-12T09:36:55+00:00","description":"Bouquet of berries and red roses online sale of flowers, home delivery throughout Italy for any special occasion.","breadcrumb":{"@id":"https:\/\/floranixena.it\/en\/product\/bouquet-of-roses-and-lysianthus-and-hypericum\/#breadcrumb"},"inLanguage":"en-US","potentialAction":[{"@type":"ReadAction","target":["https:\/\/floranixena.it\/en\/product\/bouquet-of-roses-and-lysianthus-and-hypericum\/"]}]},{"@type":"ImageObject","inLanguage":"en-US","@id":"https:\/\/floranixena.it\/en\/product\/bouquet-of-roses-and-lysianthus-and-hypericum\/#primaryimage","url":"https:\/\/floranixena.it\/wp-content\/uploads\/2019\/06\/bouquet-di-rose-rose-bacche.webp","contentUrl":"https:\/\/floranixena.it\/wp-content\/uploads\/2019\/06\/bouquet-di-rose-rose-bacche.webp","width":800,"height":800,"caption":"Un bouquet che celebra l\u2019amore e la raffinatezza: fiori e bacche in armonia perfetta per emozionare con stile."},{"@type":"BreadcrumbList","@id":"https:\/\/floranixena.it\/en\/product\/bouquet-of-roses-and-lysianthus-and-hypericum\/#breadcrumb","itemListElement":[{"@type":"ListItem","position":1,"name":"Home","item":"https:\/\/floranixena.it\/en\/"},{"@type":"ListItem","position":2,"name":"Shop","item":"https:\/\/floranixena.it\/en\/shop\/"},{"@type":"ListItem","position":3,"name":"Bouquet of roses and berries"}]},{"@type":"WebSite","@id":"https:\/\/floranixena.it\/en\/#website","url":"https:\/\/floranixena.it\/en\/","name":"FloraNixena - Consegna fiori a domicilio in Italia","description":"Invia fiori che raccontano storie","publisher":{"@id":"https:\/\/floranixena.it\/en\/#organization"},"alternateName":"FloraNixena.it","potentialAction":[{"@type":"SearchAction","target":{"@type":"EntryPoint","urlTemplate":"https:\/\/floranixena.it\/en\/?s={search_term_string}"},"query-input":{"@type":"PropertyValueSpecification","valueRequired":true,"valueName":"search_term_string"}}],"inLanguage":"en-US"},{"@type":"Organization","@id":"https:\/\/floranixena.it\/en\/#organization","name":"FloraNixena.it - Consegna mazzi di fiori, bouquet e piante a domicilio","url":"https:\/\/floranixena.it\/en\/","logo":{"@type":"ImageObject","inLanguage":"en-US","@id":"https:\/\/floranixena.it\/en\/#\/schema\/logo\/image\/","url":"https:\/\/floranixena.it\/wp-content\/uploads\/2018\/11\/logo-fucsia.png","contentUrl":"https:\/\/floranixena.it\/wp-content\/uploads\/2018\/11\/logo-fucsia.png","width":315,"height":81,"caption":"FloraNixena.it - Consegna mazzi di fiori, bouquet e piante a domicilio"},"image":{"@id":"https:\/\/floranixena.it\/en\/#\/schema\/logo\/image\/"},"sameAs":["https:\/\/www.facebook.com\/FloraNixena\/","https:\/\/www.instagram.com\/floranixena.it\/","https:\/\/www.youtube.com\/channel\/UCAfCWXMBezO96jgPjiUgpkA"],"description":"Chi Siamo? FloraNixena \u00e8 il partner di fiducia per la consegna di fiori freschi a domicilio. Con anni di esperienza nel settore floreale, siamo dedicati a portare la bellezza e la freschezza dei fiori direttamente alla vostra porta. La Nostra Missione La nostra missione \u00e8 trasformare ogni occasione in un momento speciale attraverso la magia dei fiori. Crediamo che un bouquet possa dire pi\u00f9 di mille parole e lavoriamo instancabilmente per assicurarci che ogni consegna porti gioia, amore e bellezza. Cosa Offriamo? Fiori Freschi: Collaboriamo con i migliori fornitori locali per garantire che i nostri fiori siano sempre freschi e di alta qualit\u00e0. Consegna Rapida e Puntuale: Offriamo un servizio di consegna rapido e affidabile, con la possibilit\u00e0 di scegliere la fascia oraria che pi\u00f9 vi conviene. Ampia Selezione: Dalle rose classiche ai bouquet personalizzati, abbiamo una vasta gamma di opzioni per soddisfare ogni gusto e occasione. Assistenza Clienti: Il nostro team \u00e8 sempre a disposizione per assistervi nella scelta del bouquet perfetto e per garantire un'esperienza di acquisto senza intoppi. Perch\u00e9 Sceglierci? Qualit\u00e0 Garantita: Ogni bouquet \u00e8 realizzato con cura dai nostri esperti fioristi, garantendo che ogni composizione sia un'opera d'arte. Servizio Personalizzato: Che sia per un anniversario, un compleanno, una celebrazione o un momento di condoglianza, personalizziamo ogni ordine per rispondere alle vostre esigenze specifiche. Soddisfazione del Cliente: La vostra soddisfazione \u00e8 la nostra priorit\u00e0 assoluta. Facciamo tutto il possibile per assicurarci che ogni consegna superi le vostre aspettative.","email":"amministrazione@floranixena.it","telephone":"3806342394","legalName":"Gaetano Votadoro"}]}},"_links":{"self":[{"href":"https:\/\/floranixena.it\/en\/wp-json\/wp\/v2\/product\/10434","targetHints":{"allow":["GET"]}}],"collection":[{"href":"https:\/\/floranixena.it\/en\/wp-json\/wp\/v2\/product"}],"about":[{"href":"https:\/\/floranixena.it\/en\/wp-json\/wp\/v2\/types\/product"}],"replies":[{"embeddable":true,"href":"https:\/\/floranixena.it\/en\/wp-json\/wp\/v2\/comments?post=10434"}],"wp:featuredmedia":[{"embeddable":true,"href":"https:\/\/floranixena.it\/en\/wp-json\/wp\/v2\/media\/10433"}],"wp:attachment":[{"href":"https:\/\/floranixena.it\/en\/wp-json\/wp\/v2\/media?parent=10434"}],"wp:term":[{"taxonomy":"product_brand","embeddable":true,"href":"https:\/\/floranixena.it\/en\/wp-json\/wp\/v2\/product_brand?post=10434"},{"taxonomy":"product_cat","embeddable":true,"href":"https:\/\/floranixena.it\/en\/wp-json\/wp\/v2\/product_cat?post=10434"},{"taxonomy":"product_tag","embeddable":true,"href":"https:\/\/floranixena.it\/en\/wp-json\/wp\/v2\/product_tag?post=10434"}],"curies":[{"name":"wp","href":"https:\/\/api.w.org\/{rel}","templated":true}]}}