{"id":10430,"date":"2025-12-06T11:00:01","date_gmt":"2025-12-06T10:00:01","guid":{"rendered":"https:\/\/floranixena.it\/product\/sunset\/"},"modified":"2025-08-12T11:44:44","modified_gmt":"2025-08-12T09:44:44","slug":"bouquet-of-gerbs-pink-and-red","status":"publish","type":"product","link":"https:\/\/floranixena.it\/en\/product\/bouquet-of-gerbs-pink-and-red\/","title":{"rendered":"Sunset"},"content":{"rendered":"<h1><strong>The bouquet of pink and red gerberas<\/strong><\/h1>\n<p>Sweet as you are! Surprise someone special, delivered by hand directly to your home.<\/p>\n<p>Florists and flower enthusiasts love <strong><a href=\"https:\/\/floranixena.it\/en\/catalog\/flowers-by-species\/gerberas\/\" target=\"_blank\" rel=\"noopener\">gerberas <\/a><\/strong>for their generous and universal beauty, perfect for any season and ideal to pair with <a href=\"https:\/\/floranixena.it\/en\/catalog\/flowers-for-events\/\" target=\"_blank\" rel=\"noopener\"><strong>other flowers<\/strong><\/a> and foliage. These versatile flowers can be grown and enjoyed both indoors and outdoors. The feature that makes gerberas particularly special are their bright, radiant and incredibly lively colors.  <\/p>\n<p>Each gerbera bouquet is a floral work of art that brings joy and color to any environment. Many people do not know that the color of the gerbera has a particular meaning. For this reason, we want to share the unique meanings of the various colors. For example, the <strong>red gerbera<\/strong> symbolizes love and passion, making it perfect for Valentine&#8217;s Day, anniversaries, or to show how much you care about someone special. On the other hand,<strong> pink gerbera<\/strong> represents respect and approval, ideal for sharing with a mentor or person who inspires you.    <\/p>\n<p>Surprise those you love with a bouquet of gerberas and communicate your feelings in the <a href=\"https:\/\/floranixena.it\/product\/colori-destate\/\" target=\"_blank\" rel=\"noopener\"><strong>right colors!<\/strong><\/a><\/p>\n<p>Create unforgettable moments with our bouquet. Gerberas are the perfect flowers for any occasion, from <a href=\"https:\/\/floranixena.it\/en\/catalog\/flowers-for-events\/birthday\/\" target=\"_blank\" rel=\"noopener\"><strong>birthday <\/strong><\/a>to anniversary, thanks to their bright colors and symbolic meaning. <\/p>\n<p>Order now and let our home delivery service bring a smile to the face of those you love. Each bouquet is carefully prepared by our expert florists to guarantee freshness and quality. Don&#8217;t miss the opportunity to give a special moment with our splendid gerberas!  <\/p>\n","protected":false},"excerpt":{"rendered":"<ul>\n<li>Pink Gerberas<\/li>\n<li>Red gerberas<\/li>\n<li>Decorative leaves<\/li>\n<\/ul>\n<p>Vase not included<\/p>\n","protected":false},"featured_media":10429,"comment_status":"open","ping_status":"closed","template":"","meta":[],"product_brand":[],"product_cat":[2379,2418,2356,2340,2372,2462,2376,2415,2447,2436,2417,2358,2437,2423,2454,2375],"product_tag":[2795,2792,2476,2793,2794],"class_list":{"0":"post-10430","1":"product","2":"type-product","3":"status-publish","4":"has-post-thumbnail","6":"product_cat-apologies","7":"product_cat-autumn-flowers","8":"product_cat-birthday","9":"product_cat-christmas","10":"product_cat-congratulations","11":"product_cat-easter-occasion","12":"product_cat-flowers-for-events","13":"product_cat-friendship","14":"product_cat-gerberas","15":"product_cat-its-a-girl","16":"product_cat-mothers-day","17":"product_cat-occasion","18":"product_cat-spring-flowers","19":"product_cat-summer-flowers","20":"product_cat-thank-you","21":"product_cat-winter-flowers","22":"product_tag-colorful-gerbera-mix","23":"product_tag-gerbera-bouquet","24":"product_tag-gerberas","25":"product_tag-pink-gerberas","26":"product_tag-red-gerberas","28":"first","29":"instock","30":"shipping-taxable","31":"purchasable","32":"product-type-simple"},"yoast_head":"<!-- This site is optimized with the Yoast SEO Premium plugin v27.4 (Yoast SEO v27.4) - https:\/\/yoast.com\/product\/yoast-seo-premium-wordpress\/ -->\n<title>Sunset - FloraNixena - flower and plant delivery<\/title>\n<meta name=\"description\" content=\"Cheap pink and red gerbera mix to send home for any occasion without spending a fortune. Give it to whoever you care about.\" \/>\n<meta name=\"robots\" content=\"index, follow, max-snippet:-1, max-image-preview:large, max-video-preview:-1\" \/>\n<link rel=\"canonical\" href=\"https:\/\/floranixena.it\/en\/product\/bouquet-of-gerbs-pink-and-red\/\" \/>\n<meta property=\"og:locale\" content=\"en_US\" \/>\n<meta property=\"og:type\" content=\"article\" \/>\n<meta property=\"og:title\" content=\"Sunset\" \/>\n<meta property=\"og:description\" content=\"Pink Gerberas  Red gerberas  Decorative leaves Vase not included\" \/>\n<meta property=\"og:url\" content=\"https:\/\/floranixena.it\/en\/product\/bouquet-of-gerbs-pink-and-red\/\" \/>\n<meta property=\"og:site_name\" content=\"FloraNixena - flower and plant delivery\" \/>\n<meta property=\"article:publisher\" content=\"https:\/\/www.facebook.com\/FloraNixena\/\" \/>\n<meta property=\"og:image\" content=\"https:\/\/floranixena.it\/wp-content\/uploads\/2019\/06\/bouquet-di-gerbere-rosse-e-rosa.webp\" \/>\n\t<meta property=\"og:image:width\" content=\"800\" \/>\n\t<meta property=\"og:image:height\" content=\"800\" \/>\n\t<meta property=\"og:image:type\" content=\"image\/webp\" \/>\n<meta name=\"twitter:card\" content=\"summary_large_image\" \/>\n<meta name=\"twitter:label1\" content=\"Est. reading time\" \/>\n\t<meta name=\"twitter:data1\" content=\"1 minute\" \/>\n<script type=\"application\/ld+json\" class=\"yoast-schema-graph\">{\"@context\":\"https:\\\/\\\/schema.org\",\"@graph\":[{\"@type\":\"WebPage\",\"@id\":\"https:\\\/\\\/floranixena.it\\\/en\\\/product\\\/bouquet-of-gerbs-pink-and-red\\\/\",\"url\":\"https:\\\/\\\/floranixena.it\\\/en\\\/product\\\/bouquet-of-gerbs-pink-and-red\\\/\",\"name\":\"Sunset - FloraNixena - flower and plant delivery\",\"isPartOf\":{\"@id\":\"https:\\\/\\\/floranixena.it\\\/en\\\/#website\"},\"primaryImageOfPage\":{\"@id\":\"https:\\\/\\\/floranixena.it\\\/en\\\/product\\\/bouquet-of-gerbs-pink-and-red\\\/#primaryimage\"},\"image\":{\"@id\":\"https:\\\/\\\/floranixena.it\\\/en\\\/product\\\/bouquet-of-gerbs-pink-and-red\\\/#primaryimage\"},\"thumbnailUrl\":\"https:\\\/\\\/floranixena.it\\\/wp-content\\\/uploads\\\/2019\\\/06\\\/bouquet-di-gerbere-rosse-e-rosa.webp\",\"datePublished\":\"2025-12-06T10:00:01+00:00\",\"description\":\"Cheap pink and red gerbera mix to send home for any occasion without spending a fortune. Give it to whoever you care about.\",\"breadcrumb\":{\"@id\":\"https:\\\/\\\/floranixena.it\\\/en\\\/product\\\/bouquet-of-gerbs-pink-and-red\\\/#breadcrumb\"},\"inLanguage\":\"en-US\",\"potentialAction\":[{\"@type\":\"ReadAction\",\"target\":[\"https:\\\/\\\/floranixena.it\\\/en\\\/product\\\/bouquet-of-gerbs-pink-and-red\\\/\"]}]},{\"@type\":\"ImageObject\",\"inLanguage\":\"en-US\",\"@id\":\"https:\\\/\\\/floranixena.it\\\/en\\\/product\\\/bouquet-of-gerbs-pink-and-red\\\/#primaryimage\",\"url\":\"https:\\\/\\\/floranixena.it\\\/wp-content\\\/uploads\\\/2019\\\/06\\\/bouquet-di-gerbere-rosse-e-rosa.webp\",\"contentUrl\":\"https:\\\/\\\/floranixena.it\\\/wp-content\\\/uploads\\\/2019\\\/06\\\/bouquet-di-gerbere-rosse-e-rosa.webp\",\"width\":800,\"height\":800,\"caption\":\"Un\u2019esplosione di colore e vitalit\u00e0: Gerbere rosse e rosa per regalare sorrisi e bellezza autentica.\"},{\"@type\":\"BreadcrumbList\",\"@id\":\"https:\\\/\\\/floranixena.it\\\/en\\\/product\\\/bouquet-of-gerbs-pink-and-red\\\/#breadcrumb\",\"itemListElement\":[{\"@type\":\"ListItem\",\"position\":1,\"name\":\"Home\",\"item\":\"https:\\\/\\\/floranixena.it\\\/en\\\/\"},{\"@type\":\"ListItem\",\"position\":2,\"name\":\"Shop\",\"item\":\"https:\\\/\\\/floranixena.it\\\/en\\\/shop\\\/\"},{\"@type\":\"ListItem\",\"position\":3,\"name\":\"Sunset\"}]},{\"@type\":\"WebSite\",\"@id\":\"https:\\\/\\\/floranixena.it\\\/en\\\/#website\",\"url\":\"https:\\\/\\\/floranixena.it\\\/en\\\/\",\"name\":\"FloraNixena - Consegna fiori a domicilio in Italia\",\"description\":\"Invia fiori che raccontano storie\",\"publisher\":{\"@id\":\"https:\\\/\\\/floranixena.it\\\/en\\\/#organization\"},\"alternateName\":\"FloraNixena.it\",\"potentialAction\":[{\"@type\":\"SearchAction\",\"target\":{\"@type\":\"EntryPoint\",\"urlTemplate\":\"https:\\\/\\\/floranixena.it\\\/en\\\/?s={search_term_string}\"},\"query-input\":{\"@type\":\"PropertyValueSpecification\",\"valueRequired\":true,\"valueName\":\"search_term_string\"}}],\"inLanguage\":\"en-US\"},{\"@type\":\"Organization\",\"@id\":\"https:\\\/\\\/floranixena.it\\\/en\\\/#organization\",\"name\":\"FloraNixena.it - Consegna mazzi di fiori, bouquet e piante a domicilio\",\"url\":\"https:\\\/\\\/floranixena.it\\\/en\\\/\",\"logo\":{\"@type\":\"ImageObject\",\"inLanguage\":\"en-US\",\"@id\":\"https:\\\/\\\/floranixena.it\\\/en\\\/#\\\/schema\\\/logo\\\/image\\\/\",\"url\":\"https:\\\/\\\/floranixena.it\\\/wp-content\\\/uploads\\\/2018\\\/11\\\/logo-fucsia.png\",\"contentUrl\":\"https:\\\/\\\/floranixena.it\\\/wp-content\\\/uploads\\\/2018\\\/11\\\/logo-fucsia.png\",\"width\":315,\"height\":81,\"caption\":\"FloraNixena.it - Consegna mazzi di fiori, bouquet e piante a domicilio\"},\"image\":{\"@id\":\"https:\\\/\\\/floranixena.it\\\/en\\\/#\\\/schema\\\/logo\\\/image\\\/\"},\"sameAs\":[\"https:\\\/\\\/www.facebook.com\\\/FloraNixena\\\/\",\"https:\\\/\\\/www.instagram.com\\\/floranixena.it\\\/\",\"https:\\\/\\\/www.youtube.com\\\/channel\\\/UCAfCWXMBezO96jgPjiUgpkA\"],\"description\":\"Chi Siamo? FloraNixena \u00e8 il partner di fiducia per la consegna di fiori freschi a domicilio. Con anni di esperienza nel settore floreale, siamo dedicati a portare la bellezza e la freschezza dei fiori direttamente alla vostra porta. La Nostra Missione La nostra missione \u00e8 trasformare ogni occasione in un momento speciale attraverso la magia dei fiori. Crediamo che un bouquet possa dire pi\u00f9 di mille parole e lavoriamo instancabilmente per assicurarci che ogni consegna porti gioia, amore e bellezza. Cosa Offriamo? Fiori Freschi: Collaboriamo con i migliori fornitori locali per garantire che i nostri fiori siano sempre freschi e di alta qualit\u00e0. Consegna Rapida e Puntuale: Offriamo un servizio di consegna rapido e affidabile, con la possibilit\u00e0 di scegliere la fascia oraria che pi\u00f9 vi conviene. Ampia Selezione: Dalle rose classiche ai bouquet personalizzati, abbiamo una vasta gamma di opzioni per soddisfare ogni gusto e occasione. Assistenza Clienti: Il nostro team \u00e8 sempre a disposizione per assistervi nella scelta del bouquet perfetto e per garantire un'esperienza di acquisto senza intoppi. Perch\u00e9 Sceglierci? Qualit\u00e0 Garantita: Ogni bouquet \u00e8 realizzato con cura dai nostri esperti fioristi, garantendo che ogni composizione sia un'opera d'arte. Servizio Personalizzato: Che sia per un anniversario, un compleanno, una celebrazione o un momento di condoglianza, personalizziamo ogni ordine per rispondere alle vostre esigenze specifiche. Soddisfazione del Cliente: La vostra soddisfazione \u00e8 la nostra priorit\u00e0 assoluta. Facciamo tutto il possibile per assicurarci che ogni consegna superi le vostre aspettative.\",\"email\":\"amministrazione@floranixena.it\",\"telephone\":\"3806342394\",\"legalName\":\"Gaetano Votadoro\"}]}<\/script>\n<!-- \/ Yoast SEO Premium plugin. -->","yoast_head_json":{"title":"Sunset - FloraNixena - flower and plant delivery","description":"Cheap pink and red gerbera mix to send home for any occasion without spending a fortune. Give it to whoever you care about.","robots":{"index":"index","follow":"follow","max-snippet":"max-snippet:-1","max-image-preview":"max-image-preview:large","max-video-preview":"max-video-preview:-1"},"canonical":"https:\/\/floranixena.it\/en\/product\/bouquet-of-gerbs-pink-and-red\/","og_locale":"en_US","og_type":"article","og_title":"Sunset","og_description":"Pink Gerberas  Red gerberas  Decorative leaves Vase not included","og_url":"https:\/\/floranixena.it\/en\/product\/bouquet-of-gerbs-pink-and-red\/","og_site_name":"FloraNixena - flower and plant delivery","article_publisher":"https:\/\/www.facebook.com\/FloraNixena\/","og_image":[{"width":800,"height":800,"url":"https:\/\/floranixena.it\/wp-content\/uploads\/2019\/06\/bouquet-di-gerbere-rosse-e-rosa.webp","type":"image\/webp"}],"twitter_card":"summary_large_image","twitter_misc":{"Est. reading time":"1 minute"},"schema":{"@context":"https:\/\/schema.org","@graph":[{"@type":"WebPage","@id":"https:\/\/floranixena.it\/en\/product\/bouquet-of-gerbs-pink-and-red\/","url":"https:\/\/floranixena.it\/en\/product\/bouquet-of-gerbs-pink-and-red\/","name":"Sunset - FloraNixena - flower and plant delivery","isPartOf":{"@id":"https:\/\/floranixena.it\/en\/#website"},"primaryImageOfPage":{"@id":"https:\/\/floranixena.it\/en\/product\/bouquet-of-gerbs-pink-and-red\/#primaryimage"},"image":{"@id":"https:\/\/floranixena.it\/en\/product\/bouquet-of-gerbs-pink-and-red\/#primaryimage"},"thumbnailUrl":"https:\/\/floranixena.it\/wp-content\/uploads\/2019\/06\/bouquet-di-gerbere-rosse-e-rosa.webp","datePublished":"2025-12-06T10:00:01+00:00","description":"Cheap pink and red gerbera mix to send home for any occasion without spending a fortune. Give it to whoever you care about.","breadcrumb":{"@id":"https:\/\/floranixena.it\/en\/product\/bouquet-of-gerbs-pink-and-red\/#breadcrumb"},"inLanguage":"en-US","potentialAction":[{"@type":"ReadAction","target":["https:\/\/floranixena.it\/en\/product\/bouquet-of-gerbs-pink-and-red\/"]}]},{"@type":"ImageObject","inLanguage":"en-US","@id":"https:\/\/floranixena.it\/en\/product\/bouquet-of-gerbs-pink-and-red\/#primaryimage","url":"https:\/\/floranixena.it\/wp-content\/uploads\/2019\/06\/bouquet-di-gerbere-rosse-e-rosa.webp","contentUrl":"https:\/\/floranixena.it\/wp-content\/uploads\/2019\/06\/bouquet-di-gerbere-rosse-e-rosa.webp","width":800,"height":800,"caption":"Un\u2019esplosione di colore e vitalit\u00e0: Gerbere rosse e rosa per regalare sorrisi e bellezza autentica."},{"@type":"BreadcrumbList","@id":"https:\/\/floranixena.it\/en\/product\/bouquet-of-gerbs-pink-and-red\/#breadcrumb","itemListElement":[{"@type":"ListItem","position":1,"name":"Home","item":"https:\/\/floranixena.it\/en\/"},{"@type":"ListItem","position":2,"name":"Shop","item":"https:\/\/floranixena.it\/en\/shop\/"},{"@type":"ListItem","position":3,"name":"Sunset"}]},{"@type":"WebSite","@id":"https:\/\/floranixena.it\/en\/#website","url":"https:\/\/floranixena.it\/en\/","name":"FloraNixena - Consegna fiori a domicilio in Italia","description":"Invia fiori che raccontano storie","publisher":{"@id":"https:\/\/floranixena.it\/en\/#organization"},"alternateName":"FloraNixena.it","potentialAction":[{"@type":"SearchAction","target":{"@type":"EntryPoint","urlTemplate":"https:\/\/floranixena.it\/en\/?s={search_term_string}"},"query-input":{"@type":"PropertyValueSpecification","valueRequired":true,"valueName":"search_term_string"}}],"inLanguage":"en-US"},{"@type":"Organization","@id":"https:\/\/floranixena.it\/en\/#organization","name":"FloraNixena.it - Consegna mazzi di fiori, bouquet e piante a domicilio","url":"https:\/\/floranixena.it\/en\/","logo":{"@type":"ImageObject","inLanguage":"en-US","@id":"https:\/\/floranixena.it\/en\/#\/schema\/logo\/image\/","url":"https:\/\/floranixena.it\/wp-content\/uploads\/2018\/11\/logo-fucsia.png","contentUrl":"https:\/\/floranixena.it\/wp-content\/uploads\/2018\/11\/logo-fucsia.png","width":315,"height":81,"caption":"FloraNixena.it - Consegna mazzi di fiori, bouquet e piante a domicilio"},"image":{"@id":"https:\/\/floranixena.it\/en\/#\/schema\/logo\/image\/"},"sameAs":["https:\/\/www.facebook.com\/FloraNixena\/","https:\/\/www.instagram.com\/floranixena.it\/","https:\/\/www.youtube.com\/channel\/UCAfCWXMBezO96jgPjiUgpkA"],"description":"Chi Siamo? FloraNixena \u00e8 il partner di fiducia per la consegna di fiori freschi a domicilio. Con anni di esperienza nel settore floreale, siamo dedicati a portare la bellezza e la freschezza dei fiori direttamente alla vostra porta. La Nostra Missione La nostra missione \u00e8 trasformare ogni occasione in un momento speciale attraverso la magia dei fiori. Crediamo che un bouquet possa dire pi\u00f9 di mille parole e lavoriamo instancabilmente per assicurarci che ogni consegna porti gioia, amore e bellezza. Cosa Offriamo? Fiori Freschi: Collaboriamo con i migliori fornitori locali per garantire che i nostri fiori siano sempre freschi e di alta qualit\u00e0. Consegna Rapida e Puntuale: Offriamo un servizio di consegna rapido e affidabile, con la possibilit\u00e0 di scegliere la fascia oraria che pi\u00f9 vi conviene. Ampia Selezione: Dalle rose classiche ai bouquet personalizzati, abbiamo una vasta gamma di opzioni per soddisfare ogni gusto e occasione. Assistenza Clienti: Il nostro team \u00e8 sempre a disposizione per assistervi nella scelta del bouquet perfetto e per garantire un'esperienza di acquisto senza intoppi. Perch\u00e9 Sceglierci? Qualit\u00e0 Garantita: Ogni bouquet \u00e8 realizzato con cura dai nostri esperti fioristi, garantendo che ogni composizione sia un'opera d'arte. Servizio Personalizzato: Che sia per un anniversario, un compleanno, una celebrazione o un momento di condoglianza, personalizziamo ogni ordine per rispondere alle vostre esigenze specifiche. Soddisfazione del Cliente: La vostra soddisfazione \u00e8 la nostra priorit\u00e0 assoluta. Facciamo tutto il possibile per assicurarci che ogni consegna superi le vostre aspettative.","email":"amministrazione@floranixena.it","telephone":"3806342394","legalName":"Gaetano Votadoro"}]}},"_links":{"self":[{"href":"https:\/\/floranixena.it\/en\/wp-json\/wp\/v2\/product\/10430","targetHints":{"allow":["GET"]}}],"collection":[{"href":"https:\/\/floranixena.it\/en\/wp-json\/wp\/v2\/product"}],"about":[{"href":"https:\/\/floranixena.it\/en\/wp-json\/wp\/v2\/types\/product"}],"replies":[{"embeddable":true,"href":"https:\/\/floranixena.it\/en\/wp-json\/wp\/v2\/comments?post=10430"}],"wp:featuredmedia":[{"embeddable":true,"href":"https:\/\/floranixena.it\/en\/wp-json\/wp\/v2\/media\/10429"}],"wp:attachment":[{"href":"https:\/\/floranixena.it\/en\/wp-json\/wp\/v2\/media?parent=10430"}],"wp:term":[{"taxonomy":"product_brand","embeddable":true,"href":"https:\/\/floranixena.it\/en\/wp-json\/wp\/v2\/product_brand?post=10430"},{"taxonomy":"product_cat","embeddable":true,"href":"https:\/\/floranixena.it\/en\/wp-json\/wp\/v2\/product_cat?post=10430"},{"taxonomy":"product_tag","embeddable":true,"href":"https:\/\/floranixena.it\/en\/wp-json\/wp\/v2\/product_tag?post=10430"}],"curies":[{"name":"wp","href":"https:\/\/api.w.org\/{rel}","templated":true}]}}