{"id":10397,"date":"2025-08-12T10:48:10","date_gmt":"2025-08-12T08:48:10","guid":{"rendered":"https:\/\/floranixena.it\/product\/pink-azalea-plant\/"},"modified":"2025-09-12T09:24:08","modified_gmt":"2025-09-12T07:24:08","slug":"azalea-plant","status":"publish","type":"product","link":"https:\/\/floranixena.it\/en\/product\/azalea-plant\/","title":{"rendered":"Pink Azalea &#8211; Plant"},"content":{"rendered":"<h1>Azalea is a plant<\/h1>\n<p>easy to care for, perfect for giving as a gift on <strong>Mother&#8217;s or <a href=\"https:\/\/floranixena.it\/en\/catalog\/flowers-for-events\/occasion\/womens-day\/\" target=\"_blank\" rel=\"noopener\">Women&#8217;s <\/a>Day.<\/strong><\/p>\n<p>This houseplant illuminates every corner of the house with its vibrant<a href=\"https:\/\/floranixena.it\/en\/prodotto\/bouquet-lilium-rose\/\" target=\"_blank\" rel=\"noopener\"><strong> pink flowers.<\/strong><\/a><\/p>\n<p>Its blooms usually last up to two weeks and in warm climates such as those of the Deep South, some potted azaleas may bloom again later in the fall! Then you can send a flowering azalea <a href=\"https:\/\/floranixena.it\/en\/catalog\/plantes\/\" target=\"_blank\" rel=\"noopener\"><strong>plant <\/strong><\/a>to a loved one anywhere in Italy, sure that your gift will be appreciated for a long time! Many flower and plant enthusiasts wonder if they can take a floral gift and plant it in their own garden.  <\/p>\n<p>The answer is a clear &#8220;Yes!&#8221; If you receive, for example, an azalea plant as a gift, you can certainly show it in <strong><a href=\"https:\/\/floranixena.it\/piante-da-esterno\/\" target=\"_blank\" rel=\"noopener\">your backyard.<\/a><\/strong> <\/p>\n<p><strong>Azaleas <\/strong>not only add a touch of color and freshness to interiors, but are also ideal for decorating gardens and <a href=\"https:\/\/floranixena.it\/en\/catalog\/plantes\/outdoor-plants\/\" target=\"_blank\" rel=\"noopener\"><strong>outdoor <\/strong><\/a>spaces. With proper care, these plants can thrive and offer beautiful <a href=\"https:\/\/floranixena.it\/en\/prodotto\/bouquet-of-gerberas-and-chrysanthemums\/\" target=\"_blank\" rel=\"noopener\">spring blooms<\/a>. They are also perfect for those who love gardening and want to enrich their green space with a variety of lively and easy-to-care plants. Whether you&#8217;re looking for a<strong><a href=\"https:\/\/floranixena.it\/en\/catalog\/flowers-for-events\/birthday\/for-mom\/\" target=\"_blank\" rel=\"noopener\"> Mother&#8217;s Day<\/a><\/strong> gift or want to add a touch of beauty to your garden, an azalea is always a winning choice. Explore our selection of azaleas and give a touch of freshness and color that will last over time!    <\/p>\n<p style=\"text-align: left;\">Trust <a href=\"https:\/\/floranixena.it\/en\/deliveries-and-shipments\/\">FloraNixena&#8217;s home plant delivery service<\/a><\/p>\n","protected":false},"excerpt":{"rendered":"<ul>\n<li>1 Pink Azalea Plant<\/li>\n<li>Height about 25-35 cm<\/li>\n<\/ul>\n<p><span style=\"color: #339966;\"><strong>In this product the shipping is free<\/strong><\/span><\/p>\n","protected":false},"featured_media":10396,"comment_status":"open","ping_status":"closed","template":"","meta":[],"product_brand":[],"product_cat":[2379,2356,2463,2372,2415,2470,2417,2358,2469,2454],"product_tag":[2766,2482,2785,3953],"class_list":{"0":"post-10397","1":"product","2":"type-product","3":"status-publish","4":"has-post-thumbnail","6":"product_cat-apologies","7":"product_cat-birthday","8":"product_cat-gift-flowers-for-birth","9":"product_cat-congratulations","10":"product_cat-friendship","11":"product_cat-indoor-plants","12":"product_cat-mothers-day","13":"product_cat-occasion","14":"product_cat-outdoor-plants","15":"product_cat-thank-you","16":"product_tag-azalea-en-2","17":"product_tag-indoor-plant","18":"product_tag-mothers-day-plants","19":"product_tag-plants","21":"first","22":"instock","23":"sale","24":"shipping-taxable","25":"purchasable","26":"product-type-simple"},"yoast_head":"<!-- This site is optimized with the Yoast SEO Premium plugin v27.4 (Yoast SEO v27.4) - https:\/\/yoast.com\/product\/yoast-seo-premium-wordpress\/ -->\n<title>Pink Azalea - Plant - FloraNixena - flower and plant delivery<\/title>\n<meta name=\"description\" content=\"&quot;Discover the timeless beauty of the rose azalea - an elegant and vibrant plant that adds a pop of colour and serenity to your garden.\" \/>\n<meta name=\"robots\" content=\"index, follow, max-snippet:-1, max-image-preview:large, max-video-preview:-1\" \/>\n<link rel=\"canonical\" href=\"https:\/\/floranixena.it\/en\/product\/azalea-plant\/\" \/>\n<meta property=\"og:locale\" content=\"en_US\" \/>\n<meta property=\"og:type\" content=\"article\" \/>\n<meta property=\"og:title\" content=\"Pink Azalea - Plant\" \/>\n<meta property=\"og:description\" content=\"1 Pink Azalea Plant  Height about 25-35 cm In this product the shipping is free\" \/>\n<meta property=\"og:url\" content=\"https:\/\/floranixena.it\/en\/product\/azalea-plant\/\" \/>\n<meta property=\"og:site_name\" content=\"FloraNixena - flower and plant delivery\" \/>\n<meta property=\"article:publisher\" content=\"https:\/\/www.facebook.com\/FloraNixena\/\" \/>\n<meta property=\"article:modified_time\" content=\"2025-09-12T07:24:08+00:00\" \/>\n<meta property=\"og:image\" content=\"https:\/\/floranixena.it\/wp-content\/uploads\/2019\/09\/pianta-di-azalea-rosa.webp\" \/>\n\t<meta property=\"og:image:width\" content=\"800\" \/>\n\t<meta property=\"og:image:height\" content=\"800\" \/>\n\t<meta property=\"og:image:type\" content=\"image\/webp\" \/>\n<meta name=\"twitter:card\" content=\"summary_large_image\" \/>\n<meta name=\"twitter:label1\" content=\"Est. reading time\" \/>\n\t<meta name=\"twitter:data1\" content=\"1 minute\" \/>\n<script type=\"application\/ld+json\" class=\"yoast-schema-graph\">{\"@context\":\"https:\\\/\\\/schema.org\",\"@graph\":[{\"@type\":\"WebPage\",\"@id\":\"https:\\\/\\\/floranixena.it\\\/en\\\/product\\\/azalea-plant\\\/\",\"url\":\"https:\\\/\\\/floranixena.it\\\/en\\\/product\\\/azalea-plant\\\/\",\"name\":\"Pink Azalea - Plant - FloraNixena - flower and plant delivery\",\"isPartOf\":{\"@id\":\"https:\\\/\\\/floranixena.it\\\/en\\\/#website\"},\"primaryImageOfPage\":{\"@id\":\"https:\\\/\\\/floranixena.it\\\/en\\\/product\\\/azalea-plant\\\/#primaryimage\"},\"image\":{\"@id\":\"https:\\\/\\\/floranixena.it\\\/en\\\/product\\\/azalea-plant\\\/#primaryimage\"},\"thumbnailUrl\":\"https:\\\/\\\/floranixena.it\\\/wp-content\\\/uploads\\\/2019\\\/09\\\/pianta-di-azalea-rosa.webp\",\"datePublished\":\"2025-08-12T08:48:10+00:00\",\"dateModified\":\"2025-09-12T07:24:08+00:00\",\"description\":\"\\\"Discover the timeless beauty of the rose azalea - an elegant and vibrant plant that adds a pop of colour and serenity to your garden.\",\"breadcrumb\":{\"@id\":\"https:\\\/\\\/floranixena.it\\\/en\\\/product\\\/azalea-plant\\\/#breadcrumb\"},\"inLanguage\":\"en-US\",\"potentialAction\":[{\"@type\":\"ReadAction\",\"target\":[\"https:\\\/\\\/floranixena.it\\\/en\\\/product\\\/azalea-plant\\\/\"]}]},{\"@type\":\"ImageObject\",\"inLanguage\":\"en-US\",\"@id\":\"https:\\\/\\\/floranixena.it\\\/en\\\/product\\\/azalea-plant\\\/#primaryimage\",\"url\":\"https:\\\/\\\/floranixena.it\\\/wp-content\\\/uploads\\\/2019\\\/09\\\/pianta-di-azalea-rosa.webp\",\"contentUrl\":\"https:\\\/\\\/floranixena.it\\\/wp-content\\\/uploads\\\/2019\\\/09\\\/pianta-di-azalea-rosa.webp\",\"width\":800,\"height\":800,\"caption\":\"Un\u2019esplosione di colore e grazia: l\u2019azalea rosa illumina ogni ambiente con la sua fioritura generosa.\"},{\"@type\":\"BreadcrumbList\",\"@id\":\"https:\\\/\\\/floranixena.it\\\/en\\\/product\\\/azalea-plant\\\/#breadcrumb\",\"itemListElement\":[{\"@type\":\"ListItem\",\"position\":1,\"name\":\"Home\",\"item\":\"https:\\\/\\\/floranixena.it\\\/en\\\/\"},{\"@type\":\"ListItem\",\"position\":2,\"name\":\"Shop\",\"item\":\"https:\\\/\\\/floranixena.it\\\/en\\\/shop\\\/\"},{\"@type\":\"ListItem\",\"position\":3,\"name\":\"Pink Azalea &#8211; Plant\"}]},{\"@type\":\"WebSite\",\"@id\":\"https:\\\/\\\/floranixena.it\\\/en\\\/#website\",\"url\":\"https:\\\/\\\/floranixena.it\\\/en\\\/\",\"name\":\"FloraNixena - Consegna fiori a domicilio in Italia\",\"description\":\"Invia fiori che raccontano storie\",\"publisher\":{\"@id\":\"https:\\\/\\\/floranixena.it\\\/en\\\/#organization\"},\"alternateName\":\"FloraNixena.it\",\"potentialAction\":[{\"@type\":\"SearchAction\",\"target\":{\"@type\":\"EntryPoint\",\"urlTemplate\":\"https:\\\/\\\/floranixena.it\\\/en\\\/?s={search_term_string}\"},\"query-input\":{\"@type\":\"PropertyValueSpecification\",\"valueRequired\":true,\"valueName\":\"search_term_string\"}}],\"inLanguage\":\"en-US\"},{\"@type\":\"Organization\",\"@id\":\"https:\\\/\\\/floranixena.it\\\/en\\\/#organization\",\"name\":\"FloraNixena.it - Consegna mazzi di fiori, bouquet e piante a domicilio\",\"url\":\"https:\\\/\\\/floranixena.it\\\/en\\\/\",\"logo\":{\"@type\":\"ImageObject\",\"inLanguage\":\"en-US\",\"@id\":\"https:\\\/\\\/floranixena.it\\\/en\\\/#\\\/schema\\\/logo\\\/image\\\/\",\"url\":\"https:\\\/\\\/floranixena.it\\\/wp-content\\\/uploads\\\/2018\\\/11\\\/logo-fucsia.png\",\"contentUrl\":\"https:\\\/\\\/floranixena.it\\\/wp-content\\\/uploads\\\/2018\\\/11\\\/logo-fucsia.png\",\"width\":315,\"height\":81,\"caption\":\"FloraNixena.it - Consegna mazzi di fiori, bouquet e piante a domicilio\"},\"image\":{\"@id\":\"https:\\\/\\\/floranixena.it\\\/en\\\/#\\\/schema\\\/logo\\\/image\\\/\"},\"sameAs\":[\"https:\\\/\\\/www.facebook.com\\\/FloraNixena\\\/\",\"https:\\\/\\\/www.instagram.com\\\/floranixena.it\\\/\",\"https:\\\/\\\/www.youtube.com\\\/channel\\\/UCAfCWXMBezO96jgPjiUgpkA\"],\"description\":\"Chi Siamo? FloraNixena \u00e8 il partner di fiducia per la consegna di fiori freschi a domicilio. Con anni di esperienza nel settore floreale, siamo dedicati a portare la bellezza e la freschezza dei fiori direttamente alla vostra porta. La Nostra Missione La nostra missione \u00e8 trasformare ogni occasione in un momento speciale attraverso la magia dei fiori. Crediamo che un bouquet possa dire pi\u00f9 di mille parole e lavoriamo instancabilmente per assicurarci che ogni consegna porti gioia, amore e bellezza. Cosa Offriamo? Fiori Freschi: Collaboriamo con i migliori fornitori locali per garantire che i nostri fiori siano sempre freschi e di alta qualit\u00e0. Consegna Rapida e Puntuale: Offriamo un servizio di consegna rapido e affidabile, con la possibilit\u00e0 di scegliere la fascia oraria che pi\u00f9 vi conviene. Ampia Selezione: Dalle rose classiche ai bouquet personalizzati, abbiamo una vasta gamma di opzioni per soddisfare ogni gusto e occasione. Assistenza Clienti: Il nostro team \u00e8 sempre a disposizione per assistervi nella scelta del bouquet perfetto e per garantire un'esperienza di acquisto senza intoppi. Perch\u00e9 Sceglierci? Qualit\u00e0 Garantita: Ogni bouquet \u00e8 realizzato con cura dai nostri esperti fioristi, garantendo che ogni composizione sia un'opera d'arte. Servizio Personalizzato: Che sia per un anniversario, un compleanno, una celebrazione o un momento di condoglianza, personalizziamo ogni ordine per rispondere alle vostre esigenze specifiche. Soddisfazione del Cliente: La vostra soddisfazione \u00e8 la nostra priorit\u00e0 assoluta. Facciamo tutto il possibile per assicurarci che ogni consegna superi le vostre aspettative.\",\"email\":\"amministrazione@floranixena.it\",\"telephone\":\"3806342394\",\"legalName\":\"Gaetano Votadoro\"}]}<\/script>\n<!-- \/ Yoast SEO Premium plugin. -->","yoast_head_json":{"title":"Pink Azalea - Plant - FloraNixena - flower and plant delivery","description":"\"Discover the timeless beauty of the rose azalea - an elegant and vibrant plant that adds a pop of colour and serenity to your garden.","robots":{"index":"index","follow":"follow","max-snippet":"max-snippet:-1","max-image-preview":"max-image-preview:large","max-video-preview":"max-video-preview:-1"},"canonical":"https:\/\/floranixena.it\/en\/product\/azalea-plant\/","og_locale":"en_US","og_type":"article","og_title":"Pink Azalea - Plant","og_description":"1 Pink Azalea Plant  Height about 25-35 cm In this product the shipping is free","og_url":"https:\/\/floranixena.it\/en\/product\/azalea-plant\/","og_site_name":"FloraNixena - flower and plant delivery","article_publisher":"https:\/\/www.facebook.com\/FloraNixena\/","article_modified_time":"2025-09-12T07:24:08+00:00","og_image":[{"width":800,"height":800,"url":"https:\/\/floranixena.it\/wp-content\/uploads\/2019\/09\/pianta-di-azalea-rosa.webp","type":"image\/webp"}],"twitter_card":"summary_large_image","twitter_misc":{"Est. reading time":"1 minute"},"schema":{"@context":"https:\/\/schema.org","@graph":[{"@type":"WebPage","@id":"https:\/\/floranixena.it\/en\/product\/azalea-plant\/","url":"https:\/\/floranixena.it\/en\/product\/azalea-plant\/","name":"Pink Azalea - Plant - FloraNixena - flower and plant delivery","isPartOf":{"@id":"https:\/\/floranixena.it\/en\/#website"},"primaryImageOfPage":{"@id":"https:\/\/floranixena.it\/en\/product\/azalea-plant\/#primaryimage"},"image":{"@id":"https:\/\/floranixena.it\/en\/product\/azalea-plant\/#primaryimage"},"thumbnailUrl":"https:\/\/floranixena.it\/wp-content\/uploads\/2019\/09\/pianta-di-azalea-rosa.webp","datePublished":"2025-08-12T08:48:10+00:00","dateModified":"2025-09-12T07:24:08+00:00","description":"\"Discover the timeless beauty of the rose azalea - an elegant and vibrant plant that adds a pop of colour and serenity to your garden.","breadcrumb":{"@id":"https:\/\/floranixena.it\/en\/product\/azalea-plant\/#breadcrumb"},"inLanguage":"en-US","potentialAction":[{"@type":"ReadAction","target":["https:\/\/floranixena.it\/en\/product\/azalea-plant\/"]}]},{"@type":"ImageObject","inLanguage":"en-US","@id":"https:\/\/floranixena.it\/en\/product\/azalea-plant\/#primaryimage","url":"https:\/\/floranixena.it\/wp-content\/uploads\/2019\/09\/pianta-di-azalea-rosa.webp","contentUrl":"https:\/\/floranixena.it\/wp-content\/uploads\/2019\/09\/pianta-di-azalea-rosa.webp","width":800,"height":800,"caption":"Un\u2019esplosione di colore e grazia: l\u2019azalea rosa illumina ogni ambiente con la sua fioritura generosa."},{"@type":"BreadcrumbList","@id":"https:\/\/floranixena.it\/en\/product\/azalea-plant\/#breadcrumb","itemListElement":[{"@type":"ListItem","position":1,"name":"Home","item":"https:\/\/floranixena.it\/en\/"},{"@type":"ListItem","position":2,"name":"Shop","item":"https:\/\/floranixena.it\/en\/shop\/"},{"@type":"ListItem","position":3,"name":"Pink Azalea &#8211; Plant"}]},{"@type":"WebSite","@id":"https:\/\/floranixena.it\/en\/#website","url":"https:\/\/floranixena.it\/en\/","name":"FloraNixena - Consegna fiori a domicilio in Italia","description":"Invia fiori che raccontano storie","publisher":{"@id":"https:\/\/floranixena.it\/en\/#organization"},"alternateName":"FloraNixena.it","potentialAction":[{"@type":"SearchAction","target":{"@type":"EntryPoint","urlTemplate":"https:\/\/floranixena.it\/en\/?s={search_term_string}"},"query-input":{"@type":"PropertyValueSpecification","valueRequired":true,"valueName":"search_term_string"}}],"inLanguage":"en-US"},{"@type":"Organization","@id":"https:\/\/floranixena.it\/en\/#organization","name":"FloraNixena.it - Consegna mazzi di fiori, bouquet e piante a domicilio","url":"https:\/\/floranixena.it\/en\/","logo":{"@type":"ImageObject","inLanguage":"en-US","@id":"https:\/\/floranixena.it\/en\/#\/schema\/logo\/image\/","url":"https:\/\/floranixena.it\/wp-content\/uploads\/2018\/11\/logo-fucsia.png","contentUrl":"https:\/\/floranixena.it\/wp-content\/uploads\/2018\/11\/logo-fucsia.png","width":315,"height":81,"caption":"FloraNixena.it - Consegna mazzi di fiori, bouquet e piante a domicilio"},"image":{"@id":"https:\/\/floranixena.it\/en\/#\/schema\/logo\/image\/"},"sameAs":["https:\/\/www.facebook.com\/FloraNixena\/","https:\/\/www.instagram.com\/floranixena.it\/","https:\/\/www.youtube.com\/channel\/UCAfCWXMBezO96jgPjiUgpkA"],"description":"Chi Siamo? FloraNixena \u00e8 il partner di fiducia per la consegna di fiori freschi a domicilio. Con anni di esperienza nel settore floreale, siamo dedicati a portare la bellezza e la freschezza dei fiori direttamente alla vostra porta. La Nostra Missione La nostra missione \u00e8 trasformare ogni occasione in un momento speciale attraverso la magia dei fiori. Crediamo che un bouquet possa dire pi\u00f9 di mille parole e lavoriamo instancabilmente per assicurarci che ogni consegna porti gioia, amore e bellezza. Cosa Offriamo? Fiori Freschi: Collaboriamo con i migliori fornitori locali per garantire che i nostri fiori siano sempre freschi e di alta qualit\u00e0. Consegna Rapida e Puntuale: Offriamo un servizio di consegna rapido e affidabile, con la possibilit\u00e0 di scegliere la fascia oraria che pi\u00f9 vi conviene. Ampia Selezione: Dalle rose classiche ai bouquet personalizzati, abbiamo una vasta gamma di opzioni per soddisfare ogni gusto e occasione. Assistenza Clienti: Il nostro team \u00e8 sempre a disposizione per assistervi nella scelta del bouquet perfetto e per garantire un'esperienza di acquisto senza intoppi. Perch\u00e9 Sceglierci? Qualit\u00e0 Garantita: Ogni bouquet \u00e8 realizzato con cura dai nostri esperti fioristi, garantendo che ogni composizione sia un'opera d'arte. Servizio Personalizzato: Che sia per un anniversario, un compleanno, una celebrazione o un momento di condoglianza, personalizziamo ogni ordine per rispondere alle vostre esigenze specifiche. Soddisfazione del Cliente: La vostra soddisfazione \u00e8 la nostra priorit\u00e0 assoluta. Facciamo tutto il possibile per assicurarci che ogni consegna superi le vostre aspettative.","email":"amministrazione@floranixena.it","telephone":"3806342394","legalName":"Gaetano Votadoro"}]}},"_links":{"self":[{"href":"https:\/\/floranixena.it\/en\/wp-json\/wp\/v2\/product\/10397","targetHints":{"allow":["GET"]}}],"collection":[{"href":"https:\/\/floranixena.it\/en\/wp-json\/wp\/v2\/product"}],"about":[{"href":"https:\/\/floranixena.it\/en\/wp-json\/wp\/v2\/types\/product"}],"replies":[{"embeddable":true,"href":"https:\/\/floranixena.it\/en\/wp-json\/wp\/v2\/comments?post=10397"}],"wp:featuredmedia":[{"embeddable":true,"href":"https:\/\/floranixena.it\/en\/wp-json\/wp\/v2\/media\/10396"}],"wp:attachment":[{"href":"https:\/\/floranixena.it\/en\/wp-json\/wp\/v2\/media?parent=10397"}],"wp:term":[{"taxonomy":"product_brand","embeddable":true,"href":"https:\/\/floranixena.it\/en\/wp-json\/wp\/v2\/product_brand?post=10397"},{"taxonomy":"product_cat","embeddable":true,"href":"https:\/\/floranixena.it\/en\/wp-json\/wp\/v2\/product_cat?post=10397"},{"taxonomy":"product_tag","embeddable":true,"href":"https:\/\/floranixena.it\/en\/wp-json\/wp\/v2\/product_tag?post=10397"}],"curies":[{"name":"wp","href":"https:\/\/api.w.org\/{rel}","templated":true}]}}