{"id":10390,"date":"2025-09-15T10:10:05","date_gmt":"2025-09-15T08:10:05","guid":{"rendered":"https:\/\/floranixena.it\/product\/bouquet-of-25-pink-roses\/"},"modified":"2025-08-21T09:27:04","modified_gmt":"2025-08-21T07:27:04","slug":"bunch-of-25-roses-pink","status":"publish","type":"product","link":"https:\/\/floranixena.it\/en\/product\/bunch-of-25-roses-pink\/","title":{"rendered":"Bouquet of 25 Pink Roses"},"content":{"rendered":"<p>Offering a <strong>pink bouquet <\/strong>to the most important people in your life for their anniversary is a great way to express appreciation. Pink roses symbolize grace and kindness, carrying a message of happiness and light romance. <\/p>\n<p>If you are thinking of sending <strong>flowers <\/strong>to a special someone, order this <a href=\"https:\/\/floranixena.it\/en\/tag\/composition-of-roses\/\" target=\"_blank\" rel=\"noopener\"><strong>delicious quality rose composition now.<\/strong><\/a><\/p>\n<p>These beautiful flowers are also perfect for conveying admiration and gratitude towards your loved ones. <a href=\"https:\/\/floranixena.it\/en\/tag\/bouquet-of-red-roses\/\" target=\"_blank\" rel=\"noopener\"><strong>Order <\/strong><\/a>them quickly in our online store, with the possibility of same-day delivery.<\/p>\n<p>People like to feel admired or praised for their efforts, as this induces a feeling of importance for their loved ones. Sending flowers is ideal for expressing gratitude and admiration, and pink roses are unparalleled in this. <\/p>\n<p>This <strong>pink bouquet <\/strong>offers a variety of emotions such as appreciation, gratitude, grace, perfect happiness, <strong><a href=\"https:\/\/floranixena.it\/en\/catalog\/love-and-romance\/as-a-secret-fan\/\" target=\"_blank\" rel=\"noopener\">admiration<\/a><\/strong>, kindness, &#8220;please believe me&#8221;, sympathy and much more.<\/p>\n<p>Trust <strong>FloraNixena <\/strong>for impeccable delivery service and an unparalleled shopping experience. Choose the quality and elegance of our pink <a href=\"https:\/\/floranixena.it\/en\/catalog\/flowers-by-species\/roses\/\" target=\"_blank\" rel=\"noopener\"><strong>roses <\/strong><\/a>to make every occasion even more special. We also offer a variety of customization options to ensure the composition is unique and reflects your personal message.  <\/p>\n<p>Our commitment to customer satisfaction means you can order with confidence, knowing that your roses will arrive fresh and in perfect condition. FloraNixena stands for excellence in the floral industry, making every gift a perfect expression of your feelings. Choose FloraNixena and make your special moments shine with our pink roses.  <\/p>\n","protected":false},"excerpt":{"rendered":"<ul>\n<li style=\"list-style-type: none;\">\n<ul>\n<li style=\"list-style-type: none;\">\n<ul>\n<li style=\"list-style-type: none;\">\n<ul>\n<li>Bouquet of 25 Pink Roses<\/li>\n<li>Wrapped in pink TNT fabric<\/li>\n<li>Carefully packaged<\/li>\n<li>Ivory bow<\/li>\n<li>Decorative leaves\n<ul>Vase not included<\/ul>\n<\/li>\n<\/ul>\n<\/li>\n<\/ul>\n<\/li>\n<\/ul>\n<\/li>\n<\/ul>\n<p><span style=\"color: #339966;\"><strong>Shipping is free in this bouquet<\/strong><\/span><\/p>\n","protected":false},"featured_media":10389,"comment_status":"open","ping_status":"closed","template":"","meta":[],"product_brand":[],"product_cat":[2432,2435,2371,2379,2373,2418,2356,2357,2372,2462,2374,2456,2420,2457,2360,2359,2415,2436,2355,2417,2378,2362,2437,2423,2454,2377,2438,2375,2387],"product_tag":[4071,2398,2752,2784,2783,2385],"class_list":{"0":"post-10390","1":"product","2":"type-product","3":"status-publish","4":"has-post-thumbnail","6":"product_cat-25th-silver-wedding-anniversary","7":"product_cat-50th-golden-wedding-anniversary","8":"product_cat-anniversary","9":"product_cat-apologies","10":"product_cat-as-a-secret-fan","11":"product_cat-autumn-flowers","12":"product_cat-birthday","13":"product_cat-classic-and-romantic-flowers","14":"product_cat-congratulations","15":"product_cat-easter-occasion","16":"product_cat-eighteenth-birthday","17":"product_cat-for-grandparents","18":"product_cat-for-mom","19":"product_cat-for-the-sister","20":"product_cat-for-the-wife-or-girlfriend","21":"product_cat-for-wife-or-girlfriend","22":"product_cat-friendship","23":"product_cat-its-a-girl","24":"product_cat-love-and-romance","25":"product_cat-mothers-day","26":"product_cat-name-day","27":"product_cat-roses","28":"product_cat-spring-flowers","29":"product_cat-summer-flowers","30":"product_cat-thank-you","31":"product_cat-university-degree","32":"product_cat-wedding","33":"product_cat-winter-flowers","34":"product_cat-womens-day","35":"product_tag-25-roses","36":"product_tag-25-years-of-marriage","37":"product_tag-bouquet-of-pink-roses","38":"product_tag-bouquet-of-pink-roses-en","39":"product_tag-pink-roses","40":"product_tag-saint-valentine","42":"first","43":"instock","44":"shipping-taxable","45":"purchasable","46":"product-type-simple"},"yoast_head":"<!-- This site is optimized with the Yoast SEO Premium plugin v27.4 (Yoast SEO v27.4) - https:\/\/yoast.com\/product\/yoast-seo-premium-wordpress\/ -->\n<title>Bouquet of 25 Pink Roses - FloraNixena - flower and plant delivery<\/title>\n<meta name=\"description\" content=\"Order a bouquet of 25 quality pink roses from FloraNixena. Symbol of grace and kindness, for every special occasion. Fast delivery guaranteed.\" \/>\n<meta name=\"robots\" content=\"index, follow, max-snippet:-1, max-image-preview:large, max-video-preview:-1\" \/>\n<link rel=\"canonical\" href=\"https:\/\/floranixena.it\/en\/product\/bunch-of-25-roses-pink\/\" \/>\n<meta property=\"og:locale\" content=\"en_US\" \/>\n<meta property=\"og:type\" content=\"article\" \/>\n<meta property=\"og:title\" content=\"Bouquet of 25 Pink Roses\" \/>\n<meta property=\"og:description\" content=\"Bouquet of 25 Pink Roses  Wrapped in pink TNT fabric  Carefully packaged  Ivory bow  Decorative leaves Vase not included     Shipping is free in this bouquet\" \/>\n<meta property=\"og:url\" content=\"https:\/\/floranixena.it\/en\/product\/bunch-of-25-roses-pink\/\" \/>\n<meta property=\"og:site_name\" content=\"FloraNixena - flower and plant delivery\" \/>\n<meta property=\"article:publisher\" content=\"https:\/\/www.facebook.com\/FloraNixena\/\" \/>\n<meta property=\"og:image\" content=\"https:\/\/floranixena.it\/wp-content\/uploads\/2019\/06\/mazzo-di-20-rose-rosa.webp\" \/>\n\t<meta property=\"og:image:width\" content=\"800\" \/>\n\t<meta property=\"og:image:height\" content=\"800\" \/>\n\t<meta property=\"og:image:type\" content=\"image\/webp\" \/>\n<meta name=\"twitter:card\" content=\"summary_large_image\" \/>\n<meta name=\"twitter:label1\" content=\"Est. reading time\" \/>\n\t<meta name=\"twitter:data1\" content=\"1 minute\" \/>\n<script type=\"application\/ld+json\" class=\"yoast-schema-graph\">{\"@context\":\"https:\\\/\\\/schema.org\",\"@graph\":[{\"@type\":\"WebPage\",\"@id\":\"https:\\\/\\\/floranixena.it\\\/en\\\/product\\\/bunch-of-25-roses-pink\\\/\",\"url\":\"https:\\\/\\\/floranixena.it\\\/en\\\/product\\\/bunch-of-25-roses-pink\\\/\",\"name\":\"Bouquet of 25 Pink Roses - FloraNixena - flower and plant delivery\",\"isPartOf\":{\"@id\":\"https:\\\/\\\/floranixena.it\\\/en\\\/#website\"},\"primaryImageOfPage\":{\"@id\":\"https:\\\/\\\/floranixena.it\\\/en\\\/product\\\/bunch-of-25-roses-pink\\\/#primaryimage\"},\"image\":{\"@id\":\"https:\\\/\\\/floranixena.it\\\/en\\\/product\\\/bunch-of-25-roses-pink\\\/#primaryimage\"},\"thumbnailUrl\":\"https:\\\/\\\/floranixena.it\\\/wp-content\\\/uploads\\\/2019\\\/06\\\/mazzo-di-20-rose-rosa.webp\",\"datePublished\":\"2025-09-15T08:10:05+00:00\",\"description\":\"Order a bouquet of 25 quality pink roses from FloraNixena. Symbol of grace and kindness, for every special occasion. Fast delivery guaranteed.\",\"breadcrumb\":{\"@id\":\"https:\\\/\\\/floranixena.it\\\/en\\\/product\\\/bunch-of-25-roses-pink\\\/#breadcrumb\"},\"inLanguage\":\"en-US\",\"potentialAction\":[{\"@type\":\"ReadAction\",\"target\":[\"https:\\\/\\\/floranixena.it\\\/en\\\/product\\\/bunch-of-25-roses-pink\\\/\"]}]},{\"@type\":\"ImageObject\",\"inLanguage\":\"en-US\",\"@id\":\"https:\\\/\\\/floranixena.it\\\/en\\\/product\\\/bunch-of-25-roses-pink\\\/#primaryimage\",\"url\":\"https:\\\/\\\/floranixena.it\\\/wp-content\\\/uploads\\\/2019\\\/06\\\/mazzo-di-20-rose-rosa.webp\",\"contentUrl\":\"https:\\\/\\\/floranixena.it\\\/wp-content\\\/uploads\\\/2019\\\/06\\\/mazzo-di-20-rose-rosa.webp\",\"width\":800,\"height\":800,\"caption\":\"25 rose, un solo messaggio: dolcezza, eleganza e amore in ogni petalo.\"},{\"@type\":\"BreadcrumbList\",\"@id\":\"https:\\\/\\\/floranixena.it\\\/en\\\/product\\\/bunch-of-25-roses-pink\\\/#breadcrumb\",\"itemListElement\":[{\"@type\":\"ListItem\",\"position\":1,\"name\":\"Home\",\"item\":\"https:\\\/\\\/floranixena.it\\\/en\\\/\"},{\"@type\":\"ListItem\",\"position\":2,\"name\":\"Shop\",\"item\":\"https:\\\/\\\/floranixena.it\\\/en\\\/shop\\\/\"},{\"@type\":\"ListItem\",\"position\":3,\"name\":\"Bouquet of 25 Pink Roses\"}]},{\"@type\":\"WebSite\",\"@id\":\"https:\\\/\\\/floranixena.it\\\/en\\\/#website\",\"url\":\"https:\\\/\\\/floranixena.it\\\/en\\\/\",\"name\":\"FloraNixena - Consegna fiori a domicilio in Italia\",\"description\":\"Invia fiori che raccontano storie\",\"publisher\":{\"@id\":\"https:\\\/\\\/floranixena.it\\\/en\\\/#organization\"},\"alternateName\":\"FloraNixena.it\",\"potentialAction\":[{\"@type\":\"SearchAction\",\"target\":{\"@type\":\"EntryPoint\",\"urlTemplate\":\"https:\\\/\\\/floranixena.it\\\/en\\\/?s={search_term_string}\"},\"query-input\":{\"@type\":\"PropertyValueSpecification\",\"valueRequired\":true,\"valueName\":\"search_term_string\"}}],\"inLanguage\":\"en-US\"},{\"@type\":\"Organization\",\"@id\":\"https:\\\/\\\/floranixena.it\\\/en\\\/#organization\",\"name\":\"FloraNixena.it - Consegna mazzi di fiori, bouquet e piante a domicilio\",\"url\":\"https:\\\/\\\/floranixena.it\\\/en\\\/\",\"logo\":{\"@type\":\"ImageObject\",\"inLanguage\":\"en-US\",\"@id\":\"https:\\\/\\\/floranixena.it\\\/en\\\/#\\\/schema\\\/logo\\\/image\\\/\",\"url\":\"https:\\\/\\\/floranixena.it\\\/wp-content\\\/uploads\\\/2018\\\/11\\\/logo-fucsia.png\",\"contentUrl\":\"https:\\\/\\\/floranixena.it\\\/wp-content\\\/uploads\\\/2018\\\/11\\\/logo-fucsia.png\",\"width\":315,\"height\":81,\"caption\":\"FloraNixena.it - Consegna mazzi di fiori, bouquet e piante a domicilio\"},\"image\":{\"@id\":\"https:\\\/\\\/floranixena.it\\\/en\\\/#\\\/schema\\\/logo\\\/image\\\/\"},\"sameAs\":[\"https:\\\/\\\/www.facebook.com\\\/FloraNixena\\\/\",\"https:\\\/\\\/www.instagram.com\\\/floranixena.it\\\/\",\"https:\\\/\\\/www.youtube.com\\\/channel\\\/UCAfCWXMBezO96jgPjiUgpkA\"],\"description\":\"Chi Siamo? FloraNixena \u00e8 il partner di fiducia per la consegna di fiori freschi a domicilio. Con anni di esperienza nel settore floreale, siamo dedicati a portare la bellezza e la freschezza dei fiori direttamente alla vostra porta. La Nostra Missione La nostra missione \u00e8 trasformare ogni occasione in un momento speciale attraverso la magia dei fiori. Crediamo che un bouquet possa dire pi\u00f9 di mille parole e lavoriamo instancabilmente per assicurarci che ogni consegna porti gioia, amore e bellezza. Cosa Offriamo? Fiori Freschi: Collaboriamo con i migliori fornitori locali per garantire che i nostri fiori siano sempre freschi e di alta qualit\u00e0. Consegna Rapida e Puntuale: Offriamo un servizio di consegna rapido e affidabile, con la possibilit\u00e0 di scegliere la fascia oraria che pi\u00f9 vi conviene. Ampia Selezione: Dalle rose classiche ai bouquet personalizzati, abbiamo una vasta gamma di opzioni per soddisfare ogni gusto e occasione. Assistenza Clienti: Il nostro team \u00e8 sempre a disposizione per assistervi nella scelta del bouquet perfetto e per garantire un'esperienza di acquisto senza intoppi. Perch\u00e9 Sceglierci? Qualit\u00e0 Garantita: Ogni bouquet \u00e8 realizzato con cura dai nostri esperti fioristi, garantendo che ogni composizione sia un'opera d'arte. Servizio Personalizzato: Che sia per un anniversario, un compleanno, una celebrazione o un momento di condoglianza, personalizziamo ogni ordine per rispondere alle vostre esigenze specifiche. Soddisfazione del Cliente: La vostra soddisfazione \u00e8 la nostra priorit\u00e0 assoluta. Facciamo tutto il possibile per assicurarci che ogni consegna superi le vostre aspettative.\",\"email\":\"amministrazione@floranixena.it\",\"telephone\":\"3806342394\",\"legalName\":\"Gaetano Votadoro\"}]}<\/script>\n<!-- \/ Yoast SEO Premium plugin. -->","yoast_head_json":{"title":"Bouquet of 25 Pink Roses - FloraNixena - flower and plant delivery","description":"Order a bouquet of 25 quality pink roses from FloraNixena. Symbol of grace and kindness, for every special occasion. Fast delivery guaranteed.","robots":{"index":"index","follow":"follow","max-snippet":"max-snippet:-1","max-image-preview":"max-image-preview:large","max-video-preview":"max-video-preview:-1"},"canonical":"https:\/\/floranixena.it\/en\/product\/bunch-of-25-roses-pink\/","og_locale":"en_US","og_type":"article","og_title":"Bouquet of 25 Pink Roses","og_description":"Bouquet of 25 Pink Roses  Wrapped in pink TNT fabric  Carefully packaged  Ivory bow  Decorative leaves Vase not included     Shipping is free in this bouquet","og_url":"https:\/\/floranixena.it\/en\/product\/bunch-of-25-roses-pink\/","og_site_name":"FloraNixena - flower and plant delivery","article_publisher":"https:\/\/www.facebook.com\/FloraNixena\/","og_image":[{"width":800,"height":800,"url":"https:\/\/floranixena.it\/wp-content\/uploads\/2019\/06\/mazzo-di-20-rose-rosa.webp","type":"image\/webp"}],"twitter_card":"summary_large_image","twitter_misc":{"Est. reading time":"1 minute"},"schema":{"@context":"https:\/\/schema.org","@graph":[{"@type":"WebPage","@id":"https:\/\/floranixena.it\/en\/product\/bunch-of-25-roses-pink\/","url":"https:\/\/floranixena.it\/en\/product\/bunch-of-25-roses-pink\/","name":"Bouquet of 25 Pink Roses - FloraNixena - flower and plant delivery","isPartOf":{"@id":"https:\/\/floranixena.it\/en\/#website"},"primaryImageOfPage":{"@id":"https:\/\/floranixena.it\/en\/product\/bunch-of-25-roses-pink\/#primaryimage"},"image":{"@id":"https:\/\/floranixena.it\/en\/product\/bunch-of-25-roses-pink\/#primaryimage"},"thumbnailUrl":"https:\/\/floranixena.it\/wp-content\/uploads\/2019\/06\/mazzo-di-20-rose-rosa.webp","datePublished":"2025-09-15T08:10:05+00:00","description":"Order a bouquet of 25 quality pink roses from FloraNixena. Symbol of grace and kindness, for every special occasion. Fast delivery guaranteed.","breadcrumb":{"@id":"https:\/\/floranixena.it\/en\/product\/bunch-of-25-roses-pink\/#breadcrumb"},"inLanguage":"en-US","potentialAction":[{"@type":"ReadAction","target":["https:\/\/floranixena.it\/en\/product\/bunch-of-25-roses-pink\/"]}]},{"@type":"ImageObject","inLanguage":"en-US","@id":"https:\/\/floranixena.it\/en\/product\/bunch-of-25-roses-pink\/#primaryimage","url":"https:\/\/floranixena.it\/wp-content\/uploads\/2019\/06\/mazzo-di-20-rose-rosa.webp","contentUrl":"https:\/\/floranixena.it\/wp-content\/uploads\/2019\/06\/mazzo-di-20-rose-rosa.webp","width":800,"height":800,"caption":"25 rose, un solo messaggio: dolcezza, eleganza e amore in ogni petalo."},{"@type":"BreadcrumbList","@id":"https:\/\/floranixena.it\/en\/product\/bunch-of-25-roses-pink\/#breadcrumb","itemListElement":[{"@type":"ListItem","position":1,"name":"Home","item":"https:\/\/floranixena.it\/en\/"},{"@type":"ListItem","position":2,"name":"Shop","item":"https:\/\/floranixena.it\/en\/shop\/"},{"@type":"ListItem","position":3,"name":"Bouquet of 25 Pink Roses"}]},{"@type":"WebSite","@id":"https:\/\/floranixena.it\/en\/#website","url":"https:\/\/floranixena.it\/en\/","name":"FloraNixena - Consegna fiori a domicilio in Italia","description":"Invia fiori che raccontano storie","publisher":{"@id":"https:\/\/floranixena.it\/en\/#organization"},"alternateName":"FloraNixena.it","potentialAction":[{"@type":"SearchAction","target":{"@type":"EntryPoint","urlTemplate":"https:\/\/floranixena.it\/en\/?s={search_term_string}"},"query-input":{"@type":"PropertyValueSpecification","valueRequired":true,"valueName":"search_term_string"}}],"inLanguage":"en-US"},{"@type":"Organization","@id":"https:\/\/floranixena.it\/en\/#organization","name":"FloraNixena.it - Consegna mazzi di fiori, bouquet e piante a domicilio","url":"https:\/\/floranixena.it\/en\/","logo":{"@type":"ImageObject","inLanguage":"en-US","@id":"https:\/\/floranixena.it\/en\/#\/schema\/logo\/image\/","url":"https:\/\/floranixena.it\/wp-content\/uploads\/2018\/11\/logo-fucsia.png","contentUrl":"https:\/\/floranixena.it\/wp-content\/uploads\/2018\/11\/logo-fucsia.png","width":315,"height":81,"caption":"FloraNixena.it - Consegna mazzi di fiori, bouquet e piante a domicilio"},"image":{"@id":"https:\/\/floranixena.it\/en\/#\/schema\/logo\/image\/"},"sameAs":["https:\/\/www.facebook.com\/FloraNixena\/","https:\/\/www.instagram.com\/floranixena.it\/","https:\/\/www.youtube.com\/channel\/UCAfCWXMBezO96jgPjiUgpkA"],"description":"Chi Siamo? FloraNixena \u00e8 il partner di fiducia per la consegna di fiori freschi a domicilio. Con anni di esperienza nel settore floreale, siamo dedicati a portare la bellezza e la freschezza dei fiori direttamente alla vostra porta. La Nostra Missione La nostra missione \u00e8 trasformare ogni occasione in un momento speciale attraverso la magia dei fiori. Crediamo che un bouquet possa dire pi\u00f9 di mille parole e lavoriamo instancabilmente per assicurarci che ogni consegna porti gioia, amore e bellezza. Cosa Offriamo? Fiori Freschi: Collaboriamo con i migliori fornitori locali per garantire che i nostri fiori siano sempre freschi e di alta qualit\u00e0. Consegna Rapida e Puntuale: Offriamo un servizio di consegna rapido e affidabile, con la possibilit\u00e0 di scegliere la fascia oraria che pi\u00f9 vi conviene. Ampia Selezione: Dalle rose classiche ai bouquet personalizzati, abbiamo una vasta gamma di opzioni per soddisfare ogni gusto e occasione. Assistenza Clienti: Il nostro team \u00e8 sempre a disposizione per assistervi nella scelta del bouquet perfetto e per garantire un'esperienza di acquisto senza intoppi. Perch\u00e9 Sceglierci? Qualit\u00e0 Garantita: Ogni bouquet \u00e8 realizzato con cura dai nostri esperti fioristi, garantendo che ogni composizione sia un'opera d'arte. Servizio Personalizzato: Che sia per un anniversario, un compleanno, una celebrazione o un momento di condoglianza, personalizziamo ogni ordine per rispondere alle vostre esigenze specifiche. Soddisfazione del Cliente: La vostra soddisfazione \u00e8 la nostra priorit\u00e0 assoluta. Facciamo tutto il possibile per assicurarci che ogni consegna superi le vostre aspettative.","email":"amministrazione@floranixena.it","telephone":"3806342394","legalName":"Gaetano Votadoro"}]}},"_links":{"self":[{"href":"https:\/\/floranixena.it\/en\/wp-json\/wp\/v2\/product\/10390","targetHints":{"allow":["GET"]}}],"collection":[{"href":"https:\/\/floranixena.it\/en\/wp-json\/wp\/v2\/product"}],"about":[{"href":"https:\/\/floranixena.it\/en\/wp-json\/wp\/v2\/types\/product"}],"replies":[{"embeddable":true,"href":"https:\/\/floranixena.it\/en\/wp-json\/wp\/v2\/comments?post=10390"}],"wp:featuredmedia":[{"embeddable":true,"href":"https:\/\/floranixena.it\/en\/wp-json\/wp\/v2\/media\/10389"}],"wp:attachment":[{"href":"https:\/\/floranixena.it\/en\/wp-json\/wp\/v2\/media?parent=10390"}],"wp:term":[{"taxonomy":"product_brand","embeddable":true,"href":"https:\/\/floranixena.it\/en\/wp-json\/wp\/v2\/product_brand?post=10390"},{"taxonomy":"product_cat","embeddable":true,"href":"https:\/\/floranixena.it\/en\/wp-json\/wp\/v2\/product_cat?post=10390"},{"taxonomy":"product_tag","embeddable":true,"href":"https:\/\/floranixena.it\/en\/wp-json\/wp\/v2\/product_tag?post=10390"}],"curies":[{"name":"wp","href":"https:\/\/api.w.org\/{rel}","templated":true}]}}