{"id":10385,"date":"2025-09-15T10:12:46","date_gmt":"2025-09-15T08:12:46","guid":{"rendered":"https:\/\/floranixena.it\/product\/adorabile\/"},"modified":"2025-09-11T12:32:23","modified_gmt":"2025-09-11T10:32:23","slug":"bouquet-of-pinks-margeritas-and-mimosas","status":"publish","type":"product","link":"https:\/\/floranixena.it\/en\/product\/bouquet-of-pinks-margeritas-and-mimosas\/","title":{"rendered":"adorable"},"content":{"rendered":"<h1>The bouquet of pink roses and daisies<\/h1>\n<p>Bring a ray of sunshine on your loved ones&#8217; days. This <a href=\"https:\/\/floranixena.it\/en\/prodotto\/bouquet-of-red-and-white-roses-with-gypsophila\/\">enchanting mix of pink roses<\/a>, <strong><a href=\"https:\/\/floranixena.it\/en\/catalog\/flowers-by-species\/gerberas\/\" target=\"_blank\" rel=\"noopener\">gerberas <\/a><\/strong>or daisies and mimosas is ideal for brightening up any occasion. Perfect for <a href=\"https:\/\/floranixena.it\/en\/catalog\/flowers-for-events\/occasion\/womens-day\/\" target=\"_blank\" rel=\"noopener\"><strong>Women&#8217;s Day,<\/strong><\/a> our bouquet is a symbol of affection and admiration.  <\/p>\n<p><strong>Pink<\/strong>, the color of sweetness and joy, is the ideal shade to express feelings of admiration, congratulations or thanks. <strong>Pink roses<\/strong> are perfect for encouraging your loved ones to heal early or for making a nice gesture for <strong><a href=\"https:\/\/floranixena.it\/en\/catalog\/mothers-day\/\" target=\"_blank\" rel=\"noopener\">mom<\/a><\/strong>. Giving a<a href=\"https:\/\/floranixena.it\/en\/prodotto\/bouquet-of-gerberas-and-white-roses\/\"> bouquet of pink roses<\/a> is a wonderful way to let people know how much you appreciate them.  <\/p>\n<p>Whenever you want to send a message of sincere affection, <a href=\"https:\/\/floranixena.it\/en\/prodotto\/rose-pink-a-choice\/\" target=\"_blank\" rel=\"noopener\"><strong>same day delivery pink roses are the perfect choice<\/strong><\/a>. Whether you want to share a moment of joy or offer support in a time of difficulty, fast delivery ensures your gesture arrives at the right time. <\/p>\n<p><strong>FloraNixena <\/strong>is here to help you get your love as quickly and beautifully as possible. We specialize in delivering fresh, quality flowers, with a focus on detail and presentation. Our same day delivery ensures that your <a href=\"https:\/\/floranixena.it\/en\/prodotto\/bouquet-of-gerberas-roses-and-red-hypericum\/\">flowers always arrive fresh <\/a>and perfect.  <\/p>\n<p>Our <a href=\"https:\/\/floranixena.it\/en\/prodotto\/bunch-of-gerberas-and-daisies\/\"><strong>bright flower bouquets<\/strong><\/a> not only improve your mood but are also an explosion of colors and fragrances. Pink roses in particular are selected for their beauty and freshness, ensuring your gift is always appreciated. We work with the best suppliers to make sure each flower is of the highest quality.  <\/p>\n<p>For any special occasion, there is nothing better than a bouquet of fresh flowers. Whether you are celebrating a birthday, a special occasion or simply want to brighten someone&#8217;s day, our bouquets are the ideal choice. <\/p>\n<p><strong>Order today<\/strong> at <strong>FloraNixena <\/strong>and surprise your loved ones with a <a href=\"https:\/\/floranixena.it\/en\/prodotto\/bunch-of-25-roses-pink\/\" target=\"_blank\" rel=\"noopener\"><strong>bouquet of pink roses <\/strong><\/a>and other bright flowers. Our online platform is easy to use and fast delivery ensures your gift arrives on time. <\/p>\n","protected":false},"excerpt":{"rendered":"<ul>\n<li>6 pink roses<\/li>\n<li>White daisies (alt. gerberas)<\/li>\n<li>Mimosa <em>(only available for Mother&#8217;s Day)<\/em><\/li>\n<li>Decorative green<\/li>\n<\/ul>\n<p>Vase not included<\/p>\n<p><span style=\"color: #339966;\"><strong>Shipping is free in this bouquet<\/strong><\/span><\/p>\n","protected":false},"featured_media":10384,"comment_status":"open","ping_status":"closed","template":"","meta":[],"product_brand":[],"product_cat":[2371,2379,2373,2356,2357,2376,2440,2361,2360,2415,2355,2417,2358,2362,2437,2423,2377,2353],"product_tag":[2752,2781,2778,2780,2782,2783,2779],"class_list":{"0":"post-10385","1":"product","2":"type-product","3":"status-publish","4":"has-post-thumbnail","6":"product_cat-anniversary","7":"product_cat-apologies","8":"product_cat-as-a-secret-fan","9":"product_cat-birthday","10":"product_cat-classic-and-romantic-flowers","11":"product_cat-flowers-for-events","12":"product_cat-for-gay-couples","13":"product_cat-for-new-revelations","14":"product_cat-for-the-wife-or-girlfriend","15":"product_cat-friendship","16":"product_cat-love-and-romance","17":"product_cat-mothers-day","18":"product_cat-occasion","19":"product_cat-roses","20":"product_cat-spring-flowers","21":"product_cat-summer-flowers","22":"product_cat-university-degree","23":"product_cat-valentines-day","24":"product_tag-bouquet-of-pink-roses","25":"product_tag-bouquet-of-roses","26":"product_tag-bouquet-with-mimosa","27":"product_tag-daisies-en","28":"product_tag-mimosa-en","29":"product_tag-pink-roses","30":"product_tag-womens-day","32":"first","33":"instock","34":"shipping-taxable","35":"purchasable","36":"product-type-simple"},"yoast_head":"<!-- This site is optimized with the Yoast SEO Premium plugin v27.5 (Yoast SEO v27.5) - https:\/\/yoast.com\/product\/yoast-seo-premium-wordpress\/ -->\n<title>Bouquet of roses, daises and mimosa - adorable<\/title>\n<meta name=\"description\" content=\"Discover our bouquets of bright flowers, with pink roses, gerberas and mimosas. Perfect for Women&#039;s Day and any special occasion.\" \/>\n<meta name=\"robots\" content=\"index, follow, max-snippet:-1, max-image-preview:large, max-video-preview:-1\" \/>\n<link rel=\"canonical\" href=\"https:\/\/floranixena.it\/en\/product\/bouquet-of-pinks-margeritas-and-mimosas\/\" \/>\n<meta property=\"og:locale\" content=\"en_US\" \/>\n<meta property=\"og:type\" content=\"article\" \/>\n<meta property=\"og:title\" content=\"adorable\" \/>\n<meta property=\"og:description\" content=\"6 pink roses  White daisies (alt. gerberas)  Mimosa (only available for Mother&#039;s Day)  Decorative green Vase not included Shipping is free in this bouquet\" \/>\n<meta property=\"og:url\" content=\"https:\/\/floranixena.it\/en\/product\/bouquet-of-pinks-margeritas-and-mimosas\/\" \/>\n<meta property=\"og:site_name\" content=\"FloraNixena - flower and plant delivery\" \/>\n<meta property=\"article:publisher\" content=\"https:\/\/www.facebook.com\/FloraNixena\/\" \/>\n<meta property=\"og:image\" content=\"https:\/\/floranixena.it\/wp-content\/uploads\/2019\/10\/bouquet-di-rose-rosa-margherite-e-mimosa.webp\" \/>\n\t<meta property=\"og:image:width\" content=\"800\" \/>\n\t<meta property=\"og:image:height\" content=\"800\" \/>\n\t<meta property=\"og:image:type\" content=\"image\/webp\" \/>\n<meta name=\"twitter:card\" content=\"summary_large_image\" \/>\n<meta name=\"twitter:label1\" content=\"Est. reading time\" \/>\n\t<meta name=\"twitter:data1\" content=\"1 minute\" \/>\n<script type=\"application\/ld+json\" class=\"yoast-schema-graph\">{\"@context\":\"https:\\\/\\\/schema.org\",\"@graph\":[{\"@type\":\"WebPage\",\"@id\":\"https:\\\/\\\/floranixena.it\\\/en\\\/product\\\/bouquet-of-pinks-margeritas-and-mimosas\\\/\",\"url\":\"https:\\\/\\\/floranixena.it\\\/en\\\/product\\\/bouquet-of-pinks-margeritas-and-mimosas\\\/\",\"name\":\"Bouquet of roses, daises and mimosa - adorable\",\"isPartOf\":{\"@id\":\"https:\\\/\\\/floranixena.it\\\/en\\\/#website\"},\"primaryImageOfPage\":{\"@id\":\"https:\\\/\\\/floranixena.it\\\/en\\\/product\\\/bouquet-of-pinks-margeritas-and-mimosas\\\/#primaryimage\"},\"image\":{\"@id\":\"https:\\\/\\\/floranixena.it\\\/en\\\/product\\\/bouquet-of-pinks-margeritas-and-mimosas\\\/#primaryimage\"},\"thumbnailUrl\":\"https:\\\/\\\/floranixena.it\\\/wp-content\\\/uploads\\\/2019\\\/10\\\/bouquet-di-rose-rosa-margherite-e-mimosa.webp\",\"datePublished\":\"2025-09-15T08:12:46+00:00\",\"description\":\"Discover our bouquets of bright flowers, with pink roses, gerberas and mimosas. Perfect for Women's Day and any special occasion.\",\"breadcrumb\":{\"@id\":\"https:\\\/\\\/floranixena.it\\\/en\\\/product\\\/bouquet-of-pinks-margeritas-and-mimosas\\\/#breadcrumb\"},\"inLanguage\":\"en-US\",\"potentialAction\":[{\"@type\":\"ReadAction\",\"target\":[\"https:\\\/\\\/floranixena.it\\\/en\\\/product\\\/bouquet-of-pinks-margeritas-and-mimosas\\\/\"]}]},{\"@type\":\"ImageObject\",\"inLanguage\":\"en-US\",\"@id\":\"https:\\\/\\\/floranixena.it\\\/en\\\/product\\\/bouquet-of-pinks-margeritas-and-mimosas\\\/#primaryimage\",\"url\":\"https:\\\/\\\/floranixena.it\\\/wp-content\\\/uploads\\\/2019\\\/10\\\/bouquet-di-rose-rosa-margherite-e-mimosa.webp\",\"contentUrl\":\"https:\\\/\\\/floranixena.it\\\/wp-content\\\/uploads\\\/2019\\\/10\\\/bouquet-di-rose-rosa-margherite-e-mimosa.webp\",\"width\":800,\"height\":800,\"caption\":\"Un abbraccio di colori e profumi: il bouquet perfetto per celebrare la dolcezza della vita.\"},{\"@type\":\"BreadcrumbList\",\"@id\":\"https:\\\/\\\/floranixena.it\\\/en\\\/product\\\/bouquet-of-pinks-margeritas-and-mimosas\\\/#breadcrumb\",\"itemListElement\":[{\"@type\":\"ListItem\",\"position\":1,\"name\":\"Home\",\"item\":\"https:\\\/\\\/floranixena.it\\\/en\\\/\"},{\"@type\":\"ListItem\",\"position\":2,\"name\":\"Shop\",\"item\":\"https:\\\/\\\/floranixena.it\\\/en\\\/shop\\\/\"},{\"@type\":\"ListItem\",\"position\":3,\"name\":\"adorable\"}]},{\"@type\":\"WebSite\",\"@id\":\"https:\\\/\\\/floranixena.it\\\/en\\\/#website\",\"url\":\"https:\\\/\\\/floranixena.it\\\/en\\\/\",\"name\":\"FloraNixena - Consegna fiori a domicilio in Italia\",\"description\":\"Invia fiori che raccontano storie\",\"publisher\":{\"@id\":\"https:\\\/\\\/floranixena.it\\\/en\\\/#organization\"},\"alternateName\":\"FloraNixena.it\",\"potentialAction\":[{\"@type\":\"SearchAction\",\"target\":{\"@type\":\"EntryPoint\",\"urlTemplate\":\"https:\\\/\\\/floranixena.it\\\/en\\\/?s={search_term_string}\"},\"query-input\":{\"@type\":\"PropertyValueSpecification\",\"valueRequired\":true,\"valueName\":\"search_term_string\"}}],\"inLanguage\":\"en-US\"},{\"@type\":\"Organization\",\"@id\":\"https:\\\/\\\/floranixena.it\\\/en\\\/#organization\",\"name\":\"FloraNixena.it - Consegna mazzi di fiori, bouquet e piante a domicilio\",\"url\":\"https:\\\/\\\/floranixena.it\\\/en\\\/\",\"logo\":{\"@type\":\"ImageObject\",\"inLanguage\":\"en-US\",\"@id\":\"https:\\\/\\\/floranixena.it\\\/en\\\/#\\\/schema\\\/logo\\\/image\\\/\",\"url\":\"https:\\\/\\\/floranixena.it\\\/wp-content\\\/uploads\\\/2018\\\/11\\\/logo-fucsia.png\",\"contentUrl\":\"https:\\\/\\\/floranixena.it\\\/wp-content\\\/uploads\\\/2018\\\/11\\\/logo-fucsia.png\",\"width\":315,\"height\":81,\"caption\":\"FloraNixena.it - Consegna mazzi di fiori, bouquet e piante a domicilio\"},\"image\":{\"@id\":\"https:\\\/\\\/floranixena.it\\\/en\\\/#\\\/schema\\\/logo\\\/image\\\/\"},\"sameAs\":[\"https:\\\/\\\/www.facebook.com\\\/FloraNixena\\\/\",\"https:\\\/\\\/www.instagram.com\\\/floranixena.it\\\/\",\"https:\\\/\\\/www.youtube.com\\\/channel\\\/UCAfCWXMBezO96jgPjiUgpkA\"],\"description\":\"Chi Siamo? FloraNixena \u00e8 il partner di fiducia per la consegna di fiori freschi a domicilio. Con anni di esperienza nel settore floreale, siamo dedicati a portare la bellezza e la freschezza dei fiori direttamente alla vostra porta. La Nostra Missione La nostra missione \u00e8 trasformare ogni occasione in un momento speciale attraverso la magia dei fiori. Crediamo che un bouquet possa dire pi\u00f9 di mille parole e lavoriamo instancabilmente per assicurarci che ogni consegna porti gioia, amore e bellezza. Cosa Offriamo? Fiori Freschi: Collaboriamo con i migliori fornitori locali per garantire che i nostri fiori siano sempre freschi e di alta qualit\u00e0. Consegna Rapida e Puntuale: Offriamo un servizio di consegna rapido e affidabile, con la possibilit\u00e0 di scegliere la fascia oraria che pi\u00f9 vi conviene. Ampia Selezione: Dalle rose classiche ai bouquet personalizzati, abbiamo una vasta gamma di opzioni per soddisfare ogni gusto e occasione. Assistenza Clienti: Il nostro team \u00e8 sempre a disposizione per assistervi nella scelta del bouquet perfetto e per garantire un'esperienza di acquisto senza intoppi. Perch\u00e9 Sceglierci? Qualit\u00e0 Garantita: Ogni bouquet \u00e8 realizzato con cura dai nostri esperti fioristi, garantendo che ogni composizione sia un'opera d'arte. Servizio Personalizzato: Che sia per un anniversario, un compleanno, una celebrazione o un momento di condoglianza, personalizziamo ogni ordine per rispondere alle vostre esigenze specifiche. Soddisfazione del Cliente: La vostra soddisfazione \u00e8 la nostra priorit\u00e0 assoluta. Facciamo tutto il possibile per assicurarci che ogni consegna superi le vostre aspettative.\",\"email\":\"amministrazione@floranixena.it\",\"telephone\":\"3806342394\",\"legalName\":\"Gaetano Votadoro\"}]}<\/script>\n<!-- \/ Yoast SEO Premium plugin. -->","yoast_head_json":{"title":"Bouquet of roses, daises and mimosa - adorable","description":"Discover our bouquets of bright flowers, with pink roses, gerberas and mimosas. Perfect for Women's Day and any special occasion.","robots":{"index":"index","follow":"follow","max-snippet":"max-snippet:-1","max-image-preview":"max-image-preview:large","max-video-preview":"max-video-preview:-1"},"canonical":"https:\/\/floranixena.it\/en\/product\/bouquet-of-pinks-margeritas-and-mimosas\/","og_locale":"en_US","og_type":"article","og_title":"adorable","og_description":"6 pink roses  White daisies (alt. gerberas)  Mimosa (only available for Mother's Day)  Decorative green Vase not included Shipping is free in this bouquet","og_url":"https:\/\/floranixena.it\/en\/product\/bouquet-of-pinks-margeritas-and-mimosas\/","og_site_name":"FloraNixena - flower and plant delivery","article_publisher":"https:\/\/www.facebook.com\/FloraNixena\/","og_image":[{"width":800,"height":800,"url":"https:\/\/floranixena.it\/wp-content\/uploads\/2019\/10\/bouquet-di-rose-rosa-margherite-e-mimosa.webp","type":"image\/webp"}],"twitter_card":"summary_large_image","twitter_misc":{"Est. reading time":"1 minute"},"schema":{"@context":"https:\/\/schema.org","@graph":[{"@type":"WebPage","@id":"https:\/\/floranixena.it\/en\/product\/bouquet-of-pinks-margeritas-and-mimosas\/","url":"https:\/\/floranixena.it\/en\/product\/bouquet-of-pinks-margeritas-and-mimosas\/","name":"Bouquet of roses, daises and mimosa - adorable","isPartOf":{"@id":"https:\/\/floranixena.it\/en\/#website"},"primaryImageOfPage":{"@id":"https:\/\/floranixena.it\/en\/product\/bouquet-of-pinks-margeritas-and-mimosas\/#primaryimage"},"image":{"@id":"https:\/\/floranixena.it\/en\/product\/bouquet-of-pinks-margeritas-and-mimosas\/#primaryimage"},"thumbnailUrl":"https:\/\/floranixena.it\/wp-content\/uploads\/2019\/10\/bouquet-di-rose-rosa-margherite-e-mimosa.webp","datePublished":"2025-09-15T08:12:46+00:00","description":"Discover our bouquets of bright flowers, with pink roses, gerberas and mimosas. Perfect for Women's Day and any special occasion.","breadcrumb":{"@id":"https:\/\/floranixena.it\/en\/product\/bouquet-of-pinks-margeritas-and-mimosas\/#breadcrumb"},"inLanguage":"en-US","potentialAction":[{"@type":"ReadAction","target":["https:\/\/floranixena.it\/en\/product\/bouquet-of-pinks-margeritas-and-mimosas\/"]}]},{"@type":"ImageObject","inLanguage":"en-US","@id":"https:\/\/floranixena.it\/en\/product\/bouquet-of-pinks-margeritas-and-mimosas\/#primaryimage","url":"https:\/\/floranixena.it\/wp-content\/uploads\/2019\/10\/bouquet-di-rose-rosa-margherite-e-mimosa.webp","contentUrl":"https:\/\/floranixena.it\/wp-content\/uploads\/2019\/10\/bouquet-di-rose-rosa-margherite-e-mimosa.webp","width":800,"height":800,"caption":"Un abbraccio di colori e profumi: il bouquet perfetto per celebrare la dolcezza della vita."},{"@type":"BreadcrumbList","@id":"https:\/\/floranixena.it\/en\/product\/bouquet-of-pinks-margeritas-and-mimosas\/#breadcrumb","itemListElement":[{"@type":"ListItem","position":1,"name":"Home","item":"https:\/\/floranixena.it\/en\/"},{"@type":"ListItem","position":2,"name":"Shop","item":"https:\/\/floranixena.it\/en\/shop\/"},{"@type":"ListItem","position":3,"name":"adorable"}]},{"@type":"WebSite","@id":"https:\/\/floranixena.it\/en\/#website","url":"https:\/\/floranixena.it\/en\/","name":"FloraNixena - Consegna fiori a domicilio in Italia","description":"Invia fiori che raccontano storie","publisher":{"@id":"https:\/\/floranixena.it\/en\/#organization"},"alternateName":"FloraNixena.it","potentialAction":[{"@type":"SearchAction","target":{"@type":"EntryPoint","urlTemplate":"https:\/\/floranixena.it\/en\/?s={search_term_string}"},"query-input":{"@type":"PropertyValueSpecification","valueRequired":true,"valueName":"search_term_string"}}],"inLanguage":"en-US"},{"@type":"Organization","@id":"https:\/\/floranixena.it\/en\/#organization","name":"FloraNixena.it - Consegna mazzi di fiori, bouquet e piante a domicilio","url":"https:\/\/floranixena.it\/en\/","logo":{"@type":"ImageObject","inLanguage":"en-US","@id":"https:\/\/floranixena.it\/en\/#\/schema\/logo\/image\/","url":"https:\/\/floranixena.it\/wp-content\/uploads\/2018\/11\/logo-fucsia.png","contentUrl":"https:\/\/floranixena.it\/wp-content\/uploads\/2018\/11\/logo-fucsia.png","width":315,"height":81,"caption":"FloraNixena.it - Consegna mazzi di fiori, bouquet e piante a domicilio"},"image":{"@id":"https:\/\/floranixena.it\/en\/#\/schema\/logo\/image\/"},"sameAs":["https:\/\/www.facebook.com\/FloraNixena\/","https:\/\/www.instagram.com\/floranixena.it\/","https:\/\/www.youtube.com\/channel\/UCAfCWXMBezO96jgPjiUgpkA"],"description":"Chi Siamo? FloraNixena \u00e8 il partner di fiducia per la consegna di fiori freschi a domicilio. Con anni di esperienza nel settore floreale, siamo dedicati a portare la bellezza e la freschezza dei fiori direttamente alla vostra porta. La Nostra Missione La nostra missione \u00e8 trasformare ogni occasione in un momento speciale attraverso la magia dei fiori. Crediamo che un bouquet possa dire pi\u00f9 di mille parole e lavoriamo instancabilmente per assicurarci che ogni consegna porti gioia, amore e bellezza. Cosa Offriamo? Fiori Freschi: Collaboriamo con i migliori fornitori locali per garantire che i nostri fiori siano sempre freschi e di alta qualit\u00e0. Consegna Rapida e Puntuale: Offriamo un servizio di consegna rapido e affidabile, con la possibilit\u00e0 di scegliere la fascia oraria che pi\u00f9 vi conviene. Ampia Selezione: Dalle rose classiche ai bouquet personalizzati, abbiamo una vasta gamma di opzioni per soddisfare ogni gusto e occasione. Assistenza Clienti: Il nostro team \u00e8 sempre a disposizione per assistervi nella scelta del bouquet perfetto e per garantire un'esperienza di acquisto senza intoppi. Perch\u00e9 Sceglierci? Qualit\u00e0 Garantita: Ogni bouquet \u00e8 realizzato con cura dai nostri esperti fioristi, garantendo che ogni composizione sia un'opera d'arte. Servizio Personalizzato: Che sia per un anniversario, un compleanno, una celebrazione o un momento di condoglianza, personalizziamo ogni ordine per rispondere alle vostre esigenze specifiche. Soddisfazione del Cliente: La vostra soddisfazione \u00e8 la nostra priorit\u00e0 assoluta. Facciamo tutto il possibile per assicurarci che ogni consegna superi le vostre aspettative.","email":"amministrazione@floranixena.it","telephone":"3806342394","legalName":"Gaetano Votadoro"}]}},"_links":{"self":[{"href":"https:\/\/floranixena.it\/en\/wp-json\/wp\/v2\/product\/10385","targetHints":{"allow":["GET"]}}],"collection":[{"href":"https:\/\/floranixena.it\/en\/wp-json\/wp\/v2\/product"}],"about":[{"href":"https:\/\/floranixena.it\/en\/wp-json\/wp\/v2\/types\/product"}],"replies":[{"embeddable":true,"href":"https:\/\/floranixena.it\/en\/wp-json\/wp\/v2\/comments?post=10385"}],"wp:featuredmedia":[{"embeddable":true,"href":"https:\/\/floranixena.it\/en\/wp-json\/wp\/v2\/media\/10384"}],"wp:attachment":[{"href":"https:\/\/floranixena.it\/en\/wp-json\/wp\/v2\/media?parent=10385"}],"wp:term":[{"taxonomy":"product_brand","embeddable":true,"href":"https:\/\/floranixena.it\/en\/wp-json\/wp\/v2\/product_brand?post=10385"},{"taxonomy":"product_cat","embeddable":true,"href":"https:\/\/floranixena.it\/en\/wp-json\/wp\/v2\/product_cat?post=10385"},{"taxonomy":"product_tag","embeddable":true,"href":"https:\/\/floranixena.it\/en\/wp-json\/wp\/v2\/product_tag?post=10385"}],"curies":[{"name":"wp","href":"https:\/\/api.w.org\/{rel}","templated":true}]}}