{"id":10368,"date":"2025-08-13T14:00:19","date_gmt":"2025-08-13T12:00:19","guid":{"rendered":"https:\/\/floranixena.it\/product\/bouquet-of-roses-and-tulips\/"},"modified":"2025-09-11T11:08:40","modified_gmt":"2025-09-11T09:08:40","slug":"bouquet-of-roses-and-tulips","status":"publish","type":"product","link":"https:\/\/floranixena.it\/en\/product\/bouquet-of-roses-and-tulips\/","title":{"rendered":"Bouquet of roses and tulips"},"content":{"rendered":"<h1>Wonderful composition with roses and tulips<\/h1>\n<p>Spring blossoms in the hearts of those you love with our irresistible<strong><a href=\"https:\/\/floranixena.it\/en\/catalog\/flowers-for-events\/occasion\/\"> bouquet of red roses and pink tulips<\/a><\/strong>. This <a href=\"https:\/\/floranixena.it\/en\/prodotto\/confetto\/\">floral arrangement<\/a> is a feast for the senses, combining the delicacy of roses with the vibrancy of tulips in an expression of pure beauty and love. <\/p>\n<p>Each flower is carefully selected and expertly arranged to create a harmony of colors and shapes that will immediately capture the attention and heart of your recipient. The enchanting red roses and pink <a href=\"https:\/\/floranixena.it\/en\/product\/colorful-tulip-bouquet\/\">tulips <\/a>carry with them a message of passion and affection, making this bouquet perfect for conveying your deepest feelings in an elegant and refined way. <\/p>\n<p>For an added touch of class, we also offer the possibility of purchasing a glass vase, which will perfectly complement this wonderful floral arrangement and make it ready to be proudly exhibited in any environment.<\/p>\n<p>Whether you are celebrating an anniversary, a birthday or simply want to surprise and delight your special someone, our<a href=\"https:\/\/floranixena.it\/en\/catalog\/flowers-by-species\/tulips\/\"> bouquet of roses and tulips<\/a> is the ideal choice. It is a gift that will bring joy and brightness to anyone who receives it, regardless of the occasion or season. <\/p>\n<p>Order now and turn any day into a special occasion with our stunning<a href=\"https:\/\/floranixena.it\/en\/product\/arrangement-of-pink-tulips\/\"> floral bouquet.<\/a><\/p>\n<p>Delivery available in all cities, ensuring your message of love and affection arrives in a timely and effortless manner. Make your loved one&#8217;s face shine with the timeless beauty of our roses and <a href=\"https:\/\/floranixena.it\/en\/?post_type=product&#038;p=17683\">tulips <\/a>and leave an indelible impression that will be fondly remembered for a long time to come.&#8221; <\/p>\n","protected":false},"excerpt":{"rendered":"<ul>\n<li>5 Red Roses<\/li>\n<li>10 Pink Tulips*<\/li>\n<\/ul>\n<p>*tulips are available from October to May. In case of unavailability they will be replaced with other flowers <\/p>\n<p>Vase not included<br \/>\n<span style=\"color: #008000;\"><strong>Free delivery on this product<\/strong><\/span><\/p>\n","protected":false},"featured_media":10367,"comment_status":"open","ping_status":"closed","template":"","meta":[],"product_brand":[],"product_cat":[2369,2354,2379,2373,2356,2340,2357,2372,2462,2440,2361,2360,2415,2436,2355,2417,2378,2358,2362,2437,2454,2431,2388,2377,2353,2375,2387],"product_tag":[4019,2789,4018,2367,2366,2385,2389],"class_list":{"0":"post-10368","1":"product","2":"type-product","3":"status-publish","4":"has-post-thumbnail","6":"product_cat-1st-wedding-anniversary-cotton","7":"product_cat-5th-anniversary-wedding-of-silk","8":"product_cat-apologies","9":"product_cat-as-a-secret-fan","10":"product_cat-birthday","11":"product_cat-christmas","12":"product_cat-classic-and-romantic-flowers","13":"product_cat-congratulations","14":"product_cat-easter-occasion","15":"product_cat-for-gay-couples","16":"product_cat-for-new-revelations","17":"product_cat-for-the-wife-or-girlfriend","18":"product_cat-friendship","19":"product_cat-its-a-girl","20":"product_cat-love-and-romance","21":"product_cat-mothers-day","22":"product_cat-name-day","23":"product_cat-occasion","24":"product_cat-roses","25":"product_cat-spring-flowers","26":"product_cat-thank-you","27":"product_cat-they-are-twins","28":"product_cat-tulips","29":"product_cat-university-degree","30":"product_cat-valentines-day","31":"product_cat-winter-flowers","32":"product_cat-womens-day","33":"product_tag-floral-bouquet","34":"product_tag-love","35":"product_tag-pink-tulips","36":"product_tag-red-roses","37":"product_tag-romantic","38":"product_tag-saint-valentine","39":"product_tag-tulips","41":"first","42":"instock","43":"shipping-taxable","44":"purchasable","45":"product-type-simple"},"yoast_head":"<!-- This site is optimized with the Yoast SEO Premium plugin v27.5 (Yoast SEO v27.5) - https:\/\/yoast.com\/product\/yoast-seo-premium-wordpress\/ -->\n<title>Bouquet of Roses and Tulips - FloraNixena - flower and plant delivery<\/title>\n<meta name=\"description\" content=\"Bouquet of red roses and tulips, send flowers for home gift to wish for quick recovery, graduation, love or a happy valentine&#039;s day.\" \/>\n<meta name=\"robots\" content=\"index, follow, max-snippet:-1, max-image-preview:large, max-video-preview:-1\" \/>\n<link rel=\"canonical\" href=\"https:\/\/floranixena.it\/en\/product\/bouquet-of-roses-and-tulips\/\" \/>\n<meta property=\"og:locale\" content=\"en_US\" \/>\n<meta property=\"og:type\" content=\"article\" \/>\n<meta property=\"og:title\" content=\"Bouquet of roses and tulips\" \/>\n<meta property=\"og:description\" content=\"5 Red Roses  10 Pink Tulips* *tulips are available from October to May. In case of unavailability they will be replaced with other flowers  Vase not included Free delivery on this product\" \/>\n<meta property=\"og:url\" content=\"https:\/\/floranixena.it\/en\/product\/bouquet-of-roses-and-tulips\/\" \/>\n<meta property=\"og:site_name\" content=\"FloraNixena - flower and plant delivery\" \/>\n<meta property=\"article:publisher\" content=\"https:\/\/www.facebook.com\/FloraNixena\/\" \/>\n<meta property=\"article:modified_time\" content=\"2025-09-11T09:08:40+00:00\" \/>\n<meta property=\"og:image\" content=\"https:\/\/floranixena.it\/wp-content\/uploads\/2020\/02\/bouquet-di-Rose-rosse-e-tulipani-rosa.webp\" \/>\n\t<meta property=\"og:image:width\" content=\"800\" \/>\n\t<meta property=\"og:image:height\" content=\"800\" \/>\n\t<meta property=\"og:image:type\" content=\"image\/webp\" \/>\n<meta name=\"twitter:card\" content=\"summary_large_image\" \/>\n<meta name=\"twitter:label1\" content=\"Est. reading time\" \/>\n\t<meta name=\"twitter:data1\" content=\"1 minute\" \/>\n<script type=\"application\/ld+json\" class=\"yoast-schema-graph\">{\"@context\":\"https:\\\/\\\/schema.org\",\"@graph\":[{\"@type\":\"WebPage\",\"@id\":\"https:\\\/\\\/floranixena.it\\\/en\\\/product\\\/bouquet-of-roses-and-tulips\\\/\",\"url\":\"https:\\\/\\\/floranixena.it\\\/en\\\/product\\\/bouquet-of-roses-and-tulips\\\/\",\"name\":\"Bouquet of Roses and Tulips - FloraNixena - flower and plant delivery\",\"isPartOf\":{\"@id\":\"https:\\\/\\\/floranixena.it\\\/en\\\/#website\"},\"primaryImageOfPage\":{\"@id\":\"https:\\\/\\\/floranixena.it\\\/en\\\/product\\\/bouquet-of-roses-and-tulips\\\/#primaryimage\"},\"image\":{\"@id\":\"https:\\\/\\\/floranixena.it\\\/en\\\/product\\\/bouquet-of-roses-and-tulips\\\/#primaryimage\"},\"thumbnailUrl\":\"https:\\\/\\\/floranixena.it\\\/wp-content\\\/uploads\\\/2020\\\/02\\\/bouquet-di-Rose-rosse-e-tulipani-rosa.webp\",\"datePublished\":\"2025-08-13T12:00:19+00:00\",\"dateModified\":\"2025-09-11T09:08:40+00:00\",\"description\":\"Bouquet of red roses and tulips, send flowers for home gift to wish for quick recovery, graduation, love or a happy valentine's day.\",\"breadcrumb\":{\"@id\":\"https:\\\/\\\/floranixena.it\\\/en\\\/product\\\/bouquet-of-roses-and-tulips\\\/#breadcrumb\"},\"inLanguage\":\"en-US\",\"potentialAction\":[{\"@type\":\"ReadAction\",\"target\":[\"https:\\\/\\\/floranixena.it\\\/en\\\/product\\\/bouquet-of-roses-and-tulips\\\/\"]}]},{\"@type\":\"ImageObject\",\"inLanguage\":\"en-US\",\"@id\":\"https:\\\/\\\/floranixena.it\\\/en\\\/product\\\/bouquet-of-roses-and-tulips\\\/#primaryimage\",\"url\":\"https:\\\/\\\/floranixena.it\\\/wp-content\\\/uploads\\\/2020\\\/02\\\/bouquet-di-Rose-rosse-e-tulipani-rosa.webp\",\"contentUrl\":\"https:\\\/\\\/floranixena.it\\\/wp-content\\\/uploads\\\/2020\\\/02\\\/bouquet-di-Rose-rosse-e-tulipani-rosa.webp\",\"width\":800,\"height\":800,\"caption\":\"Un dialogo tra passione e dolcezza: rose rosse e tulipani rosa per emozionare con grazia.\"},{\"@type\":\"BreadcrumbList\",\"@id\":\"https:\\\/\\\/floranixena.it\\\/en\\\/product\\\/bouquet-of-roses-and-tulips\\\/#breadcrumb\",\"itemListElement\":[{\"@type\":\"ListItem\",\"position\":1,\"name\":\"Home\",\"item\":\"https:\\\/\\\/floranixena.it\\\/en\\\/\"},{\"@type\":\"ListItem\",\"position\":2,\"name\":\"Shop\",\"item\":\"https:\\\/\\\/floranixena.it\\\/en\\\/shop\\\/\"},{\"@type\":\"ListItem\",\"position\":3,\"name\":\"Bouquet of roses and tulips\"}]},{\"@type\":\"WebSite\",\"@id\":\"https:\\\/\\\/floranixena.it\\\/en\\\/#website\",\"url\":\"https:\\\/\\\/floranixena.it\\\/en\\\/\",\"name\":\"FloraNixena - Consegna fiori a domicilio in Italia\",\"description\":\"Invia fiori che raccontano storie\",\"publisher\":{\"@id\":\"https:\\\/\\\/floranixena.it\\\/en\\\/#organization\"},\"alternateName\":\"FloraNixena.it\",\"potentialAction\":[{\"@type\":\"SearchAction\",\"target\":{\"@type\":\"EntryPoint\",\"urlTemplate\":\"https:\\\/\\\/floranixena.it\\\/en\\\/?s={search_term_string}\"},\"query-input\":{\"@type\":\"PropertyValueSpecification\",\"valueRequired\":true,\"valueName\":\"search_term_string\"}}],\"inLanguage\":\"en-US\"},{\"@type\":\"Organization\",\"@id\":\"https:\\\/\\\/floranixena.it\\\/en\\\/#organization\",\"name\":\"FloraNixena.it - Consegna mazzi di fiori, bouquet e piante a domicilio\",\"url\":\"https:\\\/\\\/floranixena.it\\\/en\\\/\",\"logo\":{\"@type\":\"ImageObject\",\"inLanguage\":\"en-US\",\"@id\":\"https:\\\/\\\/floranixena.it\\\/en\\\/#\\\/schema\\\/logo\\\/image\\\/\",\"url\":\"https:\\\/\\\/floranixena.it\\\/wp-content\\\/uploads\\\/2018\\\/11\\\/logo-fucsia.png\",\"contentUrl\":\"https:\\\/\\\/floranixena.it\\\/wp-content\\\/uploads\\\/2018\\\/11\\\/logo-fucsia.png\",\"width\":315,\"height\":81,\"caption\":\"FloraNixena.it - Consegna mazzi di fiori, bouquet e piante a domicilio\"},\"image\":{\"@id\":\"https:\\\/\\\/floranixena.it\\\/en\\\/#\\\/schema\\\/logo\\\/image\\\/\"},\"sameAs\":[\"https:\\\/\\\/www.facebook.com\\\/FloraNixena\\\/\",\"https:\\\/\\\/www.instagram.com\\\/floranixena.it\\\/\",\"https:\\\/\\\/www.youtube.com\\\/channel\\\/UCAfCWXMBezO96jgPjiUgpkA\"],\"description\":\"Chi Siamo? FloraNixena \u00e8 il partner di fiducia per la consegna di fiori freschi a domicilio. Con anni di esperienza nel settore floreale, siamo dedicati a portare la bellezza e la freschezza dei fiori direttamente alla vostra porta. La Nostra Missione La nostra missione \u00e8 trasformare ogni occasione in un momento speciale attraverso la magia dei fiori. Crediamo che un bouquet possa dire pi\u00f9 di mille parole e lavoriamo instancabilmente per assicurarci che ogni consegna porti gioia, amore e bellezza. Cosa Offriamo? Fiori Freschi: Collaboriamo con i migliori fornitori locali per garantire che i nostri fiori siano sempre freschi e di alta qualit\u00e0. Consegna Rapida e Puntuale: Offriamo un servizio di consegna rapido e affidabile, con la possibilit\u00e0 di scegliere la fascia oraria che pi\u00f9 vi conviene. Ampia Selezione: Dalle rose classiche ai bouquet personalizzati, abbiamo una vasta gamma di opzioni per soddisfare ogni gusto e occasione. Assistenza Clienti: Il nostro team \u00e8 sempre a disposizione per assistervi nella scelta del bouquet perfetto e per garantire un'esperienza di acquisto senza intoppi. Perch\u00e9 Sceglierci? Qualit\u00e0 Garantita: Ogni bouquet \u00e8 realizzato con cura dai nostri esperti fioristi, garantendo che ogni composizione sia un'opera d'arte. Servizio Personalizzato: Che sia per un anniversario, un compleanno, una celebrazione o un momento di condoglianza, personalizziamo ogni ordine per rispondere alle vostre esigenze specifiche. Soddisfazione del Cliente: La vostra soddisfazione \u00e8 la nostra priorit\u00e0 assoluta. Facciamo tutto il possibile per assicurarci che ogni consegna superi le vostre aspettative.\",\"email\":\"amministrazione@floranixena.it\",\"telephone\":\"3806342394\",\"legalName\":\"Gaetano Votadoro\"}]}<\/script>\n<!-- \/ Yoast SEO Premium plugin. -->","yoast_head_json":{"title":"Bouquet of Roses and Tulips - FloraNixena - flower and plant delivery","description":"Bouquet of red roses and tulips, send flowers for home gift to wish for quick recovery, graduation, love or a happy valentine's day.","robots":{"index":"index","follow":"follow","max-snippet":"max-snippet:-1","max-image-preview":"max-image-preview:large","max-video-preview":"max-video-preview:-1"},"canonical":"https:\/\/floranixena.it\/en\/product\/bouquet-of-roses-and-tulips\/","og_locale":"en_US","og_type":"article","og_title":"Bouquet of roses and tulips","og_description":"5 Red Roses  10 Pink Tulips* *tulips are available from October to May. In case of unavailability they will be replaced with other flowers  Vase not included Free delivery on this product","og_url":"https:\/\/floranixena.it\/en\/product\/bouquet-of-roses-and-tulips\/","og_site_name":"FloraNixena - flower and plant delivery","article_publisher":"https:\/\/www.facebook.com\/FloraNixena\/","article_modified_time":"2025-09-11T09:08:40+00:00","og_image":[{"width":800,"height":800,"url":"https:\/\/floranixena.it\/wp-content\/uploads\/2020\/02\/bouquet-di-Rose-rosse-e-tulipani-rosa.webp","type":"image\/webp"}],"twitter_card":"summary_large_image","twitter_misc":{"Est. reading time":"1 minute"},"schema":{"@context":"https:\/\/schema.org","@graph":[{"@type":"WebPage","@id":"https:\/\/floranixena.it\/en\/product\/bouquet-of-roses-and-tulips\/","url":"https:\/\/floranixena.it\/en\/product\/bouquet-of-roses-and-tulips\/","name":"Bouquet of Roses and Tulips - FloraNixena - flower and plant delivery","isPartOf":{"@id":"https:\/\/floranixena.it\/en\/#website"},"primaryImageOfPage":{"@id":"https:\/\/floranixena.it\/en\/product\/bouquet-of-roses-and-tulips\/#primaryimage"},"image":{"@id":"https:\/\/floranixena.it\/en\/product\/bouquet-of-roses-and-tulips\/#primaryimage"},"thumbnailUrl":"https:\/\/floranixena.it\/wp-content\/uploads\/2020\/02\/bouquet-di-Rose-rosse-e-tulipani-rosa.webp","datePublished":"2025-08-13T12:00:19+00:00","dateModified":"2025-09-11T09:08:40+00:00","description":"Bouquet of red roses and tulips, send flowers for home gift to wish for quick recovery, graduation, love or a happy valentine's day.","breadcrumb":{"@id":"https:\/\/floranixena.it\/en\/product\/bouquet-of-roses-and-tulips\/#breadcrumb"},"inLanguage":"en-US","potentialAction":[{"@type":"ReadAction","target":["https:\/\/floranixena.it\/en\/product\/bouquet-of-roses-and-tulips\/"]}]},{"@type":"ImageObject","inLanguage":"en-US","@id":"https:\/\/floranixena.it\/en\/product\/bouquet-of-roses-and-tulips\/#primaryimage","url":"https:\/\/floranixena.it\/wp-content\/uploads\/2020\/02\/bouquet-di-Rose-rosse-e-tulipani-rosa.webp","contentUrl":"https:\/\/floranixena.it\/wp-content\/uploads\/2020\/02\/bouquet-di-Rose-rosse-e-tulipani-rosa.webp","width":800,"height":800,"caption":"Un dialogo tra passione e dolcezza: rose rosse e tulipani rosa per emozionare con grazia."},{"@type":"BreadcrumbList","@id":"https:\/\/floranixena.it\/en\/product\/bouquet-of-roses-and-tulips\/#breadcrumb","itemListElement":[{"@type":"ListItem","position":1,"name":"Home","item":"https:\/\/floranixena.it\/en\/"},{"@type":"ListItem","position":2,"name":"Shop","item":"https:\/\/floranixena.it\/en\/shop\/"},{"@type":"ListItem","position":3,"name":"Bouquet of roses and tulips"}]},{"@type":"WebSite","@id":"https:\/\/floranixena.it\/en\/#website","url":"https:\/\/floranixena.it\/en\/","name":"FloraNixena - Consegna fiori a domicilio in Italia","description":"Invia fiori che raccontano storie","publisher":{"@id":"https:\/\/floranixena.it\/en\/#organization"},"alternateName":"FloraNixena.it","potentialAction":[{"@type":"SearchAction","target":{"@type":"EntryPoint","urlTemplate":"https:\/\/floranixena.it\/en\/?s={search_term_string}"},"query-input":{"@type":"PropertyValueSpecification","valueRequired":true,"valueName":"search_term_string"}}],"inLanguage":"en-US"},{"@type":"Organization","@id":"https:\/\/floranixena.it\/en\/#organization","name":"FloraNixena.it - Consegna mazzi di fiori, bouquet e piante a domicilio","url":"https:\/\/floranixena.it\/en\/","logo":{"@type":"ImageObject","inLanguage":"en-US","@id":"https:\/\/floranixena.it\/en\/#\/schema\/logo\/image\/","url":"https:\/\/floranixena.it\/wp-content\/uploads\/2018\/11\/logo-fucsia.png","contentUrl":"https:\/\/floranixena.it\/wp-content\/uploads\/2018\/11\/logo-fucsia.png","width":315,"height":81,"caption":"FloraNixena.it - Consegna mazzi di fiori, bouquet e piante a domicilio"},"image":{"@id":"https:\/\/floranixena.it\/en\/#\/schema\/logo\/image\/"},"sameAs":["https:\/\/www.facebook.com\/FloraNixena\/","https:\/\/www.instagram.com\/floranixena.it\/","https:\/\/www.youtube.com\/channel\/UCAfCWXMBezO96jgPjiUgpkA"],"description":"Chi Siamo? FloraNixena \u00e8 il partner di fiducia per la consegna di fiori freschi a domicilio. Con anni di esperienza nel settore floreale, siamo dedicati a portare la bellezza e la freschezza dei fiori direttamente alla vostra porta. La Nostra Missione La nostra missione \u00e8 trasformare ogni occasione in un momento speciale attraverso la magia dei fiori. Crediamo che un bouquet possa dire pi\u00f9 di mille parole e lavoriamo instancabilmente per assicurarci che ogni consegna porti gioia, amore e bellezza. Cosa Offriamo? Fiori Freschi: Collaboriamo con i migliori fornitori locali per garantire che i nostri fiori siano sempre freschi e di alta qualit\u00e0. Consegna Rapida e Puntuale: Offriamo un servizio di consegna rapido e affidabile, con la possibilit\u00e0 di scegliere la fascia oraria che pi\u00f9 vi conviene. Ampia Selezione: Dalle rose classiche ai bouquet personalizzati, abbiamo una vasta gamma di opzioni per soddisfare ogni gusto e occasione. Assistenza Clienti: Il nostro team \u00e8 sempre a disposizione per assistervi nella scelta del bouquet perfetto e per garantire un'esperienza di acquisto senza intoppi. Perch\u00e9 Sceglierci? Qualit\u00e0 Garantita: Ogni bouquet \u00e8 realizzato con cura dai nostri esperti fioristi, garantendo che ogni composizione sia un'opera d'arte. Servizio Personalizzato: Che sia per un anniversario, un compleanno, una celebrazione o un momento di condoglianza, personalizziamo ogni ordine per rispondere alle vostre esigenze specifiche. Soddisfazione del Cliente: La vostra soddisfazione \u00e8 la nostra priorit\u00e0 assoluta. Facciamo tutto il possibile per assicurarci che ogni consegna superi le vostre aspettative.","email":"amministrazione@floranixena.it","telephone":"3806342394","legalName":"Gaetano Votadoro"}]}},"_links":{"self":[{"href":"https:\/\/floranixena.it\/en\/wp-json\/wp\/v2\/product\/10368","targetHints":{"allow":["GET"]}}],"collection":[{"href":"https:\/\/floranixena.it\/en\/wp-json\/wp\/v2\/product"}],"about":[{"href":"https:\/\/floranixena.it\/en\/wp-json\/wp\/v2\/types\/product"}],"replies":[{"embeddable":true,"href":"https:\/\/floranixena.it\/en\/wp-json\/wp\/v2\/comments?post=10368"}],"wp:featuredmedia":[{"embeddable":true,"href":"https:\/\/floranixena.it\/en\/wp-json\/wp\/v2\/media\/10367"}],"wp:attachment":[{"href":"https:\/\/floranixena.it\/en\/wp-json\/wp\/v2\/media?parent=10368"}],"wp:term":[{"taxonomy":"product_brand","embeddable":true,"href":"https:\/\/floranixena.it\/en\/wp-json\/wp\/v2\/product_brand?post=10368"},{"taxonomy":"product_cat","embeddable":true,"href":"https:\/\/floranixena.it\/en\/wp-json\/wp\/v2\/product_cat?post=10368"},{"taxonomy":"product_tag","embeddable":true,"href":"https:\/\/floranixena.it\/en\/wp-json\/wp\/v2\/product_tag?post=10368"}],"curies":[{"name":"wp","href":"https:\/\/api.w.org\/{rel}","templated":true}]}}