{"id":10364,"date":"2024-07-19T08:57:33","date_gmt":"2024-07-19T06:57:33","guid":{"rendered":"https:\/\/floranixena.it\/product\/basket-of-roses\/"},"modified":"2025-09-17T12:19:43","modified_gmt":"2025-09-17T10:19:43","slug":"basket-of-roses","status":"publish","type":"product","link":"https:\/\/floranixena.it\/en\/product\/basket-of-roses\/","title":{"rendered":"Basket of Roses"},"content":{"rendered":"<p>Send a basket with 15<strong> red roses <\/strong>decorated with green to your loved ones in <a href=\"https:\/\/it.wikipedia.org\/wiki\/Italia\" target=\"_blank\" rel=\"noopener\"><strong>Italy<\/strong><\/a>. This wonderful <strong>floral composition<\/strong> will be able to express those thousand emotions that words cannot convey. Each rose is carefully chosen to ensure maximum beauty and freshness, while the decorative green adds a touch of elegance and harmony to the entire composition. <\/p>\n<p>Sending 15 red roses is the perfect gift for many <a href=\"https:\/\/floranixena.it\/en\/catalog\/flowers-for-events\/occasion\/\"><strong>special occasions.<\/strong><\/a> Whether it&#8217;s a <strong>birthday<\/strong>, an anniversary, a <strong>wedding <\/strong>or simply to let someone know how much you care about them, this gorgeous basket is the ideal choice. Each rose tells a story of love, affection and admiration, making this gesture even more significant.  <\/p>\n<p>Through <strong>FloraNixena<\/strong>, you can be sure that your<a href=\"https:\/\/floranixena.it\/en\/prodotto\/bouquet-of-red-roses-and-gypsophila\/\" target=\"_blank\" rel=\"noopener\"><strong> floral gift<\/strong><\/a> will be delivered with the utmost care and punctuality throughout Italy. Our expert florists prepare each composition with dedication and attention to detail, ensuring that each flower is perfect. <\/p>\n<p>To ensure the flowers stay fresh and gorgeous for several days, we use a damp sponge at the base of the basket. This system keeps the roses hydrated and alive, allowing those who receive them to enjoy their beauty for a long time. Surprise your loved ones with a gesture that speaks the <a href=\"https:\/\/floranixena.it\/en\/language-of-flowers\/\"><strong>universal language of flowers <\/strong><\/a>and lets red roses express your deepest feelings.  <\/p>\n","protected":false},"excerpt":{"rendered":"<ul>\n<li>Fine Wicker Basket Handmade (Handmade)<\/li>\n<li>15 Roses<\/li>\n<li>5 Green Trick<\/li>\n<li>Gypsophila<\/li>\n<li>Moist sponge to keep the roses fresh<\/li>\n<li>Decorative green<\/li>\n<li><span style=\"color: #008000;\"><strong>Free delivery on this product<\/strong><\/span><\/li>\n<\/ul>\n<p>Basket included<\/p>\n","protected":false},"featured_media":10363,"comment_status":"open","ping_status":"closed","template":"","meta":[],"product_brand":[],"product_cat":[2373,2356,2340,2357,2374,2420,2360,2359,2355,2358,2362,2377,2353,2387],"product_tag":[2363,2367,2366,2364],"class_list":{"0":"post-10364","1":"product","2":"type-product","3":"status-publish","4":"has-post-thumbnail","6":"product_cat-as-a-secret-fan","7":"product_cat-birthday","8":"product_cat-christmas","9":"product_cat-classic-and-romantic-flowers","10":"product_cat-eighteenth-birthday","11":"product_cat-for-mom","12":"product_cat-for-the-wife-or-girlfriend","13":"product_cat-for-wife-or-girlfriend","14":"product_cat-love-and-romance","15":"product_cat-occasion","16":"product_cat-roses","17":"product_cat-university-degree","18":"product_cat-valentines-day","19":"product_cat-womens-day","20":"product_tag-basket-of-red-roses","21":"product_tag-red-roses","22":"product_tag-romantic","23":"product_tag-wicker-basket","25":"first","26":"instock","27":"shipping-taxable","28":"purchasable","29":"product-type-simple"},"yoast_head":"<!-- This site is optimized with the Yoast SEO Premium plugin v27.5 (Yoast SEO v27.5) - https:\/\/yoast.com\/product\/yoast-seo-premium-wordpress\/ -->\n<title>Rose basket - FloraNixena - flower and plant delivery<\/title>\n<meta name=\"description\" content=\"Basket of red roses to send home, for birthdays, romantic events. The basket is wicker with red bow to adorn. Moist sponge included.\" \/>\n<meta name=\"robots\" content=\"index, follow, max-snippet:-1, max-image-preview:large, max-video-preview:-1\" \/>\n<link rel=\"canonical\" href=\"https:\/\/floranixena.it\/en\/product\/basket-of-roses\/\" \/>\n<meta property=\"og:locale\" content=\"en_US\" \/>\n<meta property=\"og:type\" content=\"article\" \/>\n<meta property=\"og:title\" content=\"Basket of Roses\" \/>\n<meta property=\"og:description\" content=\"Fine Wicker Basket Handmade (Handmade)  15 Roses  5 Green Trick  Gypsophila  Moist sponge to keep the roses fresh  Decorative green  Free delivery on this product Basket included\" \/>\n<meta property=\"og:url\" content=\"https:\/\/floranixena.it\/en\/product\/basket-of-roses\/\" \/>\n<meta property=\"og:site_name\" content=\"FloraNixena - flower and plant delivery\" \/>\n<meta property=\"article:publisher\" content=\"https:\/\/www.facebook.com\/FloraNixena\/\" \/>\n<meta property=\"article:modified_time\" content=\"2025-09-17T10:19:43+00:00\" \/>\n<meta property=\"og:image\" content=\"https:\/\/floranixena.it\/wp-content\/uploads\/2019\/01\/cesta-in-vimini-di-rose-rosse.webp\" \/>\n\t<meta property=\"og:image:width\" content=\"800\" \/>\n\t<meta property=\"og:image:height\" content=\"800\" \/>\n\t<meta property=\"og:image:type\" content=\"image\/webp\" \/>\n<meta name=\"twitter:card\" content=\"summary_large_image\" \/>\n<meta name=\"twitter:label1\" content=\"Est. reading time\" \/>\n\t<meta name=\"twitter:data1\" content=\"1 minute\" \/>\n<script type=\"application\/ld+json\" class=\"yoast-schema-graph\">{\"@context\":\"https:\\\/\\\/schema.org\",\"@graph\":[{\"@type\":\"WebPage\",\"@id\":\"https:\\\/\\\/floranixena.it\\\/en\\\/product\\\/basket-of-roses\\\/\",\"url\":\"https:\\\/\\\/floranixena.it\\\/en\\\/product\\\/basket-of-roses\\\/\",\"name\":\"Rose basket - FloraNixena - flower and plant delivery\",\"isPartOf\":{\"@id\":\"https:\\\/\\\/floranixena.it\\\/en\\\/#website\"},\"primaryImageOfPage\":{\"@id\":\"https:\\\/\\\/floranixena.it\\\/en\\\/product\\\/basket-of-roses\\\/#primaryimage\"},\"image\":{\"@id\":\"https:\\\/\\\/floranixena.it\\\/en\\\/product\\\/basket-of-roses\\\/#primaryimage\"},\"thumbnailUrl\":\"https:\\\/\\\/floranixena.it\\\/wp-content\\\/uploads\\\/2019\\\/01\\\/cesta-in-vimini-di-rose-rosse.webp\",\"datePublished\":\"2024-07-19T06:57:33+00:00\",\"dateModified\":\"2025-09-17T10:19:43+00:00\",\"description\":\"Basket of red roses to send home, for birthdays, romantic events. The basket is wicker with red bow to adorn. Moist sponge included.\",\"breadcrumb\":{\"@id\":\"https:\\\/\\\/floranixena.it\\\/en\\\/product\\\/basket-of-roses\\\/#breadcrumb\"},\"inLanguage\":\"en-US\",\"potentialAction\":[{\"@type\":\"ReadAction\",\"target\":[\"https:\\\/\\\/floranixena.it\\\/en\\\/product\\\/basket-of-roses\\\/\"]}]},{\"@type\":\"ImageObject\",\"inLanguage\":\"en-US\",\"@id\":\"https:\\\/\\\/floranixena.it\\\/en\\\/product\\\/basket-of-roses\\\/#primaryimage\",\"url\":\"https:\\\/\\\/floranixena.it\\\/wp-content\\\/uploads\\\/2019\\\/01\\\/cesta-in-vimini-di-rose-rosse.webp\",\"contentUrl\":\"https:\\\/\\\/floranixena.it\\\/wp-content\\\/uploads\\\/2019\\\/01\\\/cesta-in-vimini-di-rose-rosse.webp\",\"width\":800,\"height\":800,\"caption\":\"Un gesto che parla al cuore: rose rosse in cesta di vimini per emozionare con eleganza.\"},{\"@type\":\"BreadcrumbList\",\"@id\":\"https:\\\/\\\/floranixena.it\\\/en\\\/product\\\/basket-of-roses\\\/#breadcrumb\",\"itemListElement\":[{\"@type\":\"ListItem\",\"position\":1,\"name\":\"Home\",\"item\":\"https:\\\/\\\/floranixena.it\\\/en\\\/\"},{\"@type\":\"ListItem\",\"position\":2,\"name\":\"Shop\",\"item\":\"https:\\\/\\\/floranixena.it\\\/en\\\/shop\\\/\"},{\"@type\":\"ListItem\",\"position\":3,\"name\":\"Basket of Roses\"}]},{\"@type\":\"WebSite\",\"@id\":\"https:\\\/\\\/floranixena.it\\\/en\\\/#website\",\"url\":\"https:\\\/\\\/floranixena.it\\\/en\\\/\",\"name\":\"FloraNixena - Consegna fiori a domicilio in Italia\",\"description\":\"Invia fiori che raccontano storie\",\"publisher\":{\"@id\":\"https:\\\/\\\/floranixena.it\\\/en\\\/#organization\"},\"alternateName\":\"FloraNixena.it\",\"potentialAction\":[{\"@type\":\"SearchAction\",\"target\":{\"@type\":\"EntryPoint\",\"urlTemplate\":\"https:\\\/\\\/floranixena.it\\\/en\\\/?s={search_term_string}\"},\"query-input\":{\"@type\":\"PropertyValueSpecification\",\"valueRequired\":true,\"valueName\":\"search_term_string\"}}],\"inLanguage\":\"en-US\"},{\"@type\":\"Organization\",\"@id\":\"https:\\\/\\\/floranixena.it\\\/en\\\/#organization\",\"name\":\"FloraNixena.it - Consegna mazzi di fiori, bouquet e piante a domicilio\",\"url\":\"https:\\\/\\\/floranixena.it\\\/en\\\/\",\"logo\":{\"@type\":\"ImageObject\",\"inLanguage\":\"en-US\",\"@id\":\"https:\\\/\\\/floranixena.it\\\/en\\\/#\\\/schema\\\/logo\\\/image\\\/\",\"url\":\"https:\\\/\\\/floranixena.it\\\/wp-content\\\/uploads\\\/2018\\\/11\\\/logo-fucsia.png\",\"contentUrl\":\"https:\\\/\\\/floranixena.it\\\/wp-content\\\/uploads\\\/2018\\\/11\\\/logo-fucsia.png\",\"width\":315,\"height\":81,\"caption\":\"FloraNixena.it - Consegna mazzi di fiori, bouquet e piante a domicilio\"},\"image\":{\"@id\":\"https:\\\/\\\/floranixena.it\\\/en\\\/#\\\/schema\\\/logo\\\/image\\\/\"},\"sameAs\":[\"https:\\\/\\\/www.facebook.com\\\/FloraNixena\\\/\",\"https:\\\/\\\/www.instagram.com\\\/floranixena.it\\\/\",\"https:\\\/\\\/www.youtube.com\\\/channel\\\/UCAfCWXMBezO96jgPjiUgpkA\"],\"description\":\"Chi Siamo? FloraNixena \u00e8 il partner di fiducia per la consegna di fiori freschi a domicilio. Con anni di esperienza nel settore floreale, siamo dedicati a portare la bellezza e la freschezza dei fiori direttamente alla vostra porta. La Nostra Missione La nostra missione \u00e8 trasformare ogni occasione in un momento speciale attraverso la magia dei fiori. Crediamo che un bouquet possa dire pi\u00f9 di mille parole e lavoriamo instancabilmente per assicurarci che ogni consegna porti gioia, amore e bellezza. Cosa Offriamo? Fiori Freschi: Collaboriamo con i migliori fornitori locali per garantire che i nostri fiori siano sempre freschi e di alta qualit\u00e0. Consegna Rapida e Puntuale: Offriamo un servizio di consegna rapido e affidabile, con la possibilit\u00e0 di scegliere la fascia oraria che pi\u00f9 vi conviene. Ampia Selezione: Dalle rose classiche ai bouquet personalizzati, abbiamo una vasta gamma di opzioni per soddisfare ogni gusto e occasione. Assistenza Clienti: Il nostro team \u00e8 sempre a disposizione per assistervi nella scelta del bouquet perfetto e per garantire un'esperienza di acquisto senza intoppi. Perch\u00e9 Sceglierci? Qualit\u00e0 Garantita: Ogni bouquet \u00e8 realizzato con cura dai nostri esperti fioristi, garantendo che ogni composizione sia un'opera d'arte. Servizio Personalizzato: Che sia per un anniversario, un compleanno, una celebrazione o un momento di condoglianza, personalizziamo ogni ordine per rispondere alle vostre esigenze specifiche. Soddisfazione del Cliente: La vostra soddisfazione \u00e8 la nostra priorit\u00e0 assoluta. Facciamo tutto il possibile per assicurarci che ogni consegna superi le vostre aspettative.\",\"email\":\"amministrazione@floranixena.it\",\"telephone\":\"3806342394\",\"legalName\":\"Gaetano Votadoro\"}]}<\/script>\n<!-- \/ Yoast SEO Premium plugin. -->","yoast_head_json":{"title":"Rose basket - FloraNixena - flower and plant delivery","description":"Basket of red roses to send home, for birthdays, romantic events. The basket is wicker with red bow to adorn. Moist sponge included.","robots":{"index":"index","follow":"follow","max-snippet":"max-snippet:-1","max-image-preview":"max-image-preview:large","max-video-preview":"max-video-preview:-1"},"canonical":"https:\/\/floranixena.it\/en\/product\/basket-of-roses\/","og_locale":"en_US","og_type":"article","og_title":"Basket of Roses","og_description":"Fine Wicker Basket Handmade (Handmade)  15 Roses  5 Green Trick  Gypsophila  Moist sponge to keep the roses fresh  Decorative green  Free delivery on this product Basket included","og_url":"https:\/\/floranixena.it\/en\/product\/basket-of-roses\/","og_site_name":"FloraNixena - flower and plant delivery","article_publisher":"https:\/\/www.facebook.com\/FloraNixena\/","article_modified_time":"2025-09-17T10:19:43+00:00","og_image":[{"width":800,"height":800,"url":"https:\/\/floranixena.it\/wp-content\/uploads\/2019\/01\/cesta-in-vimini-di-rose-rosse.webp","type":"image\/webp"}],"twitter_card":"summary_large_image","twitter_misc":{"Est. reading time":"1 minute"},"schema":{"@context":"https:\/\/schema.org","@graph":[{"@type":"WebPage","@id":"https:\/\/floranixena.it\/en\/product\/basket-of-roses\/","url":"https:\/\/floranixena.it\/en\/product\/basket-of-roses\/","name":"Rose basket - FloraNixena - flower and plant delivery","isPartOf":{"@id":"https:\/\/floranixena.it\/en\/#website"},"primaryImageOfPage":{"@id":"https:\/\/floranixena.it\/en\/product\/basket-of-roses\/#primaryimage"},"image":{"@id":"https:\/\/floranixena.it\/en\/product\/basket-of-roses\/#primaryimage"},"thumbnailUrl":"https:\/\/floranixena.it\/wp-content\/uploads\/2019\/01\/cesta-in-vimini-di-rose-rosse.webp","datePublished":"2024-07-19T06:57:33+00:00","dateModified":"2025-09-17T10:19:43+00:00","description":"Basket of red roses to send home, for birthdays, romantic events. The basket is wicker with red bow to adorn. Moist sponge included.","breadcrumb":{"@id":"https:\/\/floranixena.it\/en\/product\/basket-of-roses\/#breadcrumb"},"inLanguage":"en-US","potentialAction":[{"@type":"ReadAction","target":["https:\/\/floranixena.it\/en\/product\/basket-of-roses\/"]}]},{"@type":"ImageObject","inLanguage":"en-US","@id":"https:\/\/floranixena.it\/en\/product\/basket-of-roses\/#primaryimage","url":"https:\/\/floranixena.it\/wp-content\/uploads\/2019\/01\/cesta-in-vimini-di-rose-rosse.webp","contentUrl":"https:\/\/floranixena.it\/wp-content\/uploads\/2019\/01\/cesta-in-vimini-di-rose-rosse.webp","width":800,"height":800,"caption":"Un gesto che parla al cuore: rose rosse in cesta di vimini per emozionare con eleganza."},{"@type":"BreadcrumbList","@id":"https:\/\/floranixena.it\/en\/product\/basket-of-roses\/#breadcrumb","itemListElement":[{"@type":"ListItem","position":1,"name":"Home","item":"https:\/\/floranixena.it\/en\/"},{"@type":"ListItem","position":2,"name":"Shop","item":"https:\/\/floranixena.it\/en\/shop\/"},{"@type":"ListItem","position":3,"name":"Basket of Roses"}]},{"@type":"WebSite","@id":"https:\/\/floranixena.it\/en\/#website","url":"https:\/\/floranixena.it\/en\/","name":"FloraNixena - Consegna fiori a domicilio in Italia","description":"Invia fiori che raccontano storie","publisher":{"@id":"https:\/\/floranixena.it\/en\/#organization"},"alternateName":"FloraNixena.it","potentialAction":[{"@type":"SearchAction","target":{"@type":"EntryPoint","urlTemplate":"https:\/\/floranixena.it\/en\/?s={search_term_string}"},"query-input":{"@type":"PropertyValueSpecification","valueRequired":true,"valueName":"search_term_string"}}],"inLanguage":"en-US"},{"@type":"Organization","@id":"https:\/\/floranixena.it\/en\/#organization","name":"FloraNixena.it - Consegna mazzi di fiori, bouquet e piante a domicilio","url":"https:\/\/floranixena.it\/en\/","logo":{"@type":"ImageObject","inLanguage":"en-US","@id":"https:\/\/floranixena.it\/en\/#\/schema\/logo\/image\/","url":"https:\/\/floranixena.it\/wp-content\/uploads\/2018\/11\/logo-fucsia.png","contentUrl":"https:\/\/floranixena.it\/wp-content\/uploads\/2018\/11\/logo-fucsia.png","width":315,"height":81,"caption":"FloraNixena.it - Consegna mazzi di fiori, bouquet e piante a domicilio"},"image":{"@id":"https:\/\/floranixena.it\/en\/#\/schema\/logo\/image\/"},"sameAs":["https:\/\/www.facebook.com\/FloraNixena\/","https:\/\/www.instagram.com\/floranixena.it\/","https:\/\/www.youtube.com\/channel\/UCAfCWXMBezO96jgPjiUgpkA"],"description":"Chi Siamo? FloraNixena \u00e8 il partner di fiducia per la consegna di fiori freschi a domicilio. Con anni di esperienza nel settore floreale, siamo dedicati a portare la bellezza e la freschezza dei fiori direttamente alla vostra porta. La Nostra Missione La nostra missione \u00e8 trasformare ogni occasione in un momento speciale attraverso la magia dei fiori. Crediamo che un bouquet possa dire pi\u00f9 di mille parole e lavoriamo instancabilmente per assicurarci che ogni consegna porti gioia, amore e bellezza. Cosa Offriamo? Fiori Freschi: Collaboriamo con i migliori fornitori locali per garantire che i nostri fiori siano sempre freschi e di alta qualit\u00e0. Consegna Rapida e Puntuale: Offriamo un servizio di consegna rapido e affidabile, con la possibilit\u00e0 di scegliere la fascia oraria che pi\u00f9 vi conviene. Ampia Selezione: Dalle rose classiche ai bouquet personalizzati, abbiamo una vasta gamma di opzioni per soddisfare ogni gusto e occasione. Assistenza Clienti: Il nostro team \u00e8 sempre a disposizione per assistervi nella scelta del bouquet perfetto e per garantire un'esperienza di acquisto senza intoppi. Perch\u00e9 Sceglierci? Qualit\u00e0 Garantita: Ogni bouquet \u00e8 realizzato con cura dai nostri esperti fioristi, garantendo che ogni composizione sia un'opera d'arte. Servizio Personalizzato: Che sia per un anniversario, un compleanno, una celebrazione o un momento di condoglianza, personalizziamo ogni ordine per rispondere alle vostre esigenze specifiche. Soddisfazione del Cliente: La vostra soddisfazione \u00e8 la nostra priorit\u00e0 assoluta. Facciamo tutto il possibile per assicurarci che ogni consegna superi le vostre aspettative.","email":"amministrazione@floranixena.it","telephone":"3806342394","legalName":"Gaetano Votadoro"}]}},"_links":{"self":[{"href":"https:\/\/floranixena.it\/en\/wp-json\/wp\/v2\/product\/10364","targetHints":{"allow":["GET"]}}],"collection":[{"href":"https:\/\/floranixena.it\/en\/wp-json\/wp\/v2\/product"}],"about":[{"href":"https:\/\/floranixena.it\/en\/wp-json\/wp\/v2\/types\/product"}],"replies":[{"embeddable":true,"href":"https:\/\/floranixena.it\/en\/wp-json\/wp\/v2\/comments?post=10364"}],"wp:featuredmedia":[{"embeddable":true,"href":"https:\/\/floranixena.it\/en\/wp-json\/wp\/v2\/media\/10363"}],"wp:attachment":[{"href":"https:\/\/floranixena.it\/en\/wp-json\/wp\/v2\/media?parent=10364"}],"wp:term":[{"taxonomy":"product_brand","embeddable":true,"href":"https:\/\/floranixena.it\/en\/wp-json\/wp\/v2\/product_brand?post=10364"},{"taxonomy":"product_cat","embeddable":true,"href":"https:\/\/floranixena.it\/en\/wp-json\/wp\/v2\/product_cat?post=10364"},{"taxonomy":"product_tag","embeddable":true,"href":"https:\/\/floranixena.it\/en\/wp-json\/wp\/v2\/product_tag?post=10364"}],"curies":[{"name":"wp","href":"https:\/\/api.w.org\/{rel}","templated":true}]}}