{"id":10334,"date":"2025-08-13T14:00:00","date_gmt":"2025-08-13T12:00:00","guid":{"rendered":"https:\/\/floranixena.it\/product\/sunflower-bouquet-and-seasonal-flowers\/"},"modified":"2025-09-11T11:37:57","modified_gmt":"2025-09-11T09:37:57","slug":"bouquet-of-sunflower-and-seasonal-flowers","status":"publish","type":"product","link":"https:\/\/floranixena.it\/en\/product\/bouquet-of-sunflower-and-seasonal-flowers\/","title":{"rendered":"Sunflower bouquet and seasonal flowers"},"content":{"rendered":"<h1>The deck with sunflowers<\/h1>\n<p style=\"text-align: justify;\">Bring a breath of spring to the home of the person you decided to send this <a href=\"https:\/\/floranixena.it\/en\/prodotto\/sun-roman\/\"><strong>bouquet of sunflower<\/strong><\/a> or even some sunshine to brighten their day with <strong><a href=\"https:\/\/floranixena.it\/en\/prodotto\/sun-roman\/\">sunflowers<\/a><\/strong>, red <strong>amaryllis <\/strong>and <strong>aspidistra <\/strong>leaves.<\/p>\n<p>Sunflowers, with their gold-like petals, are true bearers of joy and happiness. These <a href=\"https:\/\/floranixena.it\/en\/tag\/red-roses-and-gerberas\/\">beautiful flowers<\/a> not only add a touch of brightness and warmth to any environment, but also convey a message of optimism and positivity. <\/p>\n<p>Whether to celebrate a <a href=\"https:\/\/floranixena.it\/en\/catalog\/flowers-for-events\/birthday\/\" target=\"_blank\" rel=\"noopener\"><strong>birthday<\/strong><\/a>, an anniversary or simply to express affection, a bouquet of sunflowers is always a great choice. Their lively beauty and cheerful symbolism make them perfect for any occasion. <\/p>\n<h2 style=\"text-align: left;\">And don&#8217;t just stop at the bouquets!<\/h2>\n<p>The options are endless when it comes to giving away <strong><a href=\"https:\/\/floranixena.it\/en\/catalog\/flowers-by-species\/sunflower\/\" target=\"_blank\" rel=\"noopener\">sunflowers<\/a><\/strong>. You can opt for <a href=\"https:\/\/floranixena.it\/en\/prodotto\/wicker-christmas-basket\/\" target=\"_blank\" rel=\"noopener\"><strong>baskets decorated <\/strong><\/a>with these sunflowers and a touch of summer happiness, or delicious compositions that combine sunflowers with other flowers and leaves to create a harmony of colors and scents. <\/p>\n<p>If you&#8217;re looking for a longer-lasting gift, consider preserved sunflower garlands, which will bring a touch of nature and joy to any environment for a long time. And if you prefer something more classic, opt for an elegant sunflower bouquet, available in a wide range of varieties, from traditional yellows to vibrant oranges. <\/p>\n<p>In short, sunflowers are not just <a href=\"https:\/\/floranixena.it\/en\/prodotto\/bouquet-of-gerberas-and-carnations\/\">flowers<\/a>; they are messengers of joy, happiness and love. Whether you choose a <a href=\"https:\/\/floranixena.it\/en\/prodotto\/bouquet-of-carnations-and-gerberas\/\" target=\"_blank\" rel=\"noopener\"><strong>fresh bouquet,<\/strong><\/a> a preserved composition or a basket full of sunflowers, your gesture will surely be appreciated and will bring a smile to the face of the recipient. <\/p>\n","protected":false},"excerpt":{"rendered":"<ul>\n<li>5 Sunflowers<\/li>\n<li>Pink\/red amaryllis<\/li>\n<li>Aspidistra leaves<\/li>\n<li>Seasonal flowers<\/li>\n<\/ul>\n<p>Vase not included<\/p>\n<p><span style=\"color: #008000;\"><strong>Free Delivery on this product<\/strong><\/span><\/p>\n","protected":false},"featured_media":10333,"comment_status":"open","ping_status":"closed","template":"","meta":[],"product_brand":[],"product_cat":[2432,2433,2435,2379,2356,2372,2376,2440,2415,2465,2436,2358,2437,2423,2448,2454,2431,2377],"product_tag":[2763,2486,2764,2493,2765,2392,2389],"class_list":{"0":"post-10334","1":"product","2":"type-product","3":"status-publish","4":"has-post-thumbnail","6":"product_cat-25th-silver-wedding-anniversary","7":"product_cat-30th-wedding-anniversary-of-pearls","8":"product_cat-50th-golden-wedding-anniversary","9":"product_cat-apologies","10":"product_cat-birthday","11":"product_cat-congratulations","12":"product_cat-flowers-for-events","13":"product_cat-for-gay-couples","14":"product_cat-friendship","15":"product_cat-its-a-boy","16":"product_cat-its-a-girl","17":"product_cat-occasion","18":"product_cat-spring-flowers","19":"product_cat-summer-flowers","20":"product_cat-sunflower","21":"product_cat-thank-you","22":"product_cat-they-are-twins","23":"product_cat-university-degree","24":"product_tag-amaryllis-en","25":"product_tag-chrysanthemums","26":"product_tag-gift-flowers-for-birthday","27":"product_tag-spring-flowers","28":"product_tag-sunflower","29":"product_tag-sunflower-bouquet","30":"product_tag-tulips","32":"first","33":"instock","34":"shipping-taxable","35":"purchasable","36":"product-type-simple"},"yoast_head":"<!-- This site is optimized with the Yoast SEO Premium plugin v27.5 (Yoast SEO v27.5) - https:\/\/yoast.com\/product\/yoast-seo-premium-wordpress\/ -->\n<title>Sunflower bouquet and seasonal flowers FloraNixena - flower and plant delivery<\/title>\n<meta name=\"description\" content=\"Light up your loved one&#039;s day with a radiant bouquet of sunflowers. Symbol of happiness, these sunflowers bring joy and warmth on every occasion.\" \/>\n<meta name=\"robots\" content=\"index, follow, max-snippet:-1, max-image-preview:large, max-video-preview:-1\" \/>\n<link rel=\"canonical\" href=\"https:\/\/floranixena.it\/en\/product\/bouquet-of-sunflower-and-seasonal-flowers\/\" \/>\n<meta property=\"og:locale\" content=\"en_US\" \/>\n<meta property=\"og:type\" content=\"article\" \/>\n<meta property=\"og:title\" content=\"Sunflower bouquet and seasonal flowers\" \/>\n<meta property=\"og:description\" content=\"5 Sunflowers  Pink\/red amaryllis  Aspidistra leaves  Seasonal flowers Vase not included Free Delivery on this product\" \/>\n<meta property=\"og:url\" content=\"https:\/\/floranixena.it\/en\/product\/bouquet-of-sunflower-and-seasonal-flowers\/\" \/>\n<meta property=\"og:site_name\" content=\"FloraNixena - flower and plant delivery\" \/>\n<meta property=\"article:publisher\" content=\"https:\/\/www.facebook.com\/FloraNixena\/\" \/>\n<meta property=\"article:modified_time\" content=\"2025-09-11T09:37:57+00:00\" \/>\n<meta property=\"og:image\" content=\"https:\/\/floranixena.it\/wp-content\/uploads\/2020\/04\/bouquet-di-girasole-e-amaryllis.webp\" \/>\n\t<meta property=\"og:image:width\" content=\"800\" \/>\n\t<meta property=\"og:image:height\" content=\"800\" \/>\n\t<meta property=\"og:image:type\" content=\"image\/webp\" \/>\n<meta name=\"twitter:card\" content=\"summary_large_image\" \/>\n<meta name=\"twitter:label1\" content=\"Est. reading time\" \/>\n\t<meta name=\"twitter:data1\" content=\"1 minute\" \/>\n<script type=\"application\/ld+json\" class=\"yoast-schema-graph\">{\"@context\":\"https:\\\/\\\/schema.org\",\"@graph\":[{\"@type\":\"WebPage\",\"@id\":\"https:\\\/\\\/floranixena.it\\\/en\\\/product\\\/bouquet-of-sunflower-and-seasonal-flowers\\\/\",\"url\":\"https:\\\/\\\/floranixena.it\\\/en\\\/product\\\/bouquet-of-sunflower-and-seasonal-flowers\\\/\",\"name\":\"Sunflower bouquet and seasonal flowers FloraNixena - flower and plant delivery\",\"isPartOf\":{\"@id\":\"https:\\\/\\\/floranixena.it\\\/en\\\/#website\"},\"primaryImageOfPage\":{\"@id\":\"https:\\\/\\\/floranixena.it\\\/en\\\/product\\\/bouquet-of-sunflower-and-seasonal-flowers\\\/#primaryimage\"},\"image\":{\"@id\":\"https:\\\/\\\/floranixena.it\\\/en\\\/product\\\/bouquet-of-sunflower-and-seasonal-flowers\\\/#primaryimage\"},\"thumbnailUrl\":\"https:\\\/\\\/floranixena.it\\\/wp-content\\\/uploads\\\/2020\\\/04\\\/bouquet-di-girasole-e-amaryllis.webp\",\"datePublished\":\"2025-08-13T12:00:00+00:00\",\"dateModified\":\"2025-09-11T09:37:57+00:00\",\"description\":\"Light up your loved one's day with a radiant bouquet of sunflowers. Symbol of happiness, these sunflowers bring joy and warmth on every occasion.\",\"breadcrumb\":{\"@id\":\"https:\\\/\\\/floranixena.it\\\/en\\\/product\\\/bouquet-of-sunflower-and-seasonal-flowers\\\/#breadcrumb\"},\"inLanguage\":\"en-US\",\"potentialAction\":[{\"@type\":\"ReadAction\",\"target\":[\"https:\\\/\\\/floranixena.it\\\/en\\\/product\\\/bouquet-of-sunflower-and-seasonal-flowers\\\/\"]}]},{\"@type\":\"ImageObject\",\"inLanguage\":\"en-US\",\"@id\":\"https:\\\/\\\/floranixena.it\\\/en\\\/product\\\/bouquet-of-sunflower-and-seasonal-flowers\\\/#primaryimage\",\"url\":\"https:\\\/\\\/floranixena.it\\\/wp-content\\\/uploads\\\/2020\\\/04\\\/bouquet-di-girasole-e-amaryllis.webp\",\"contentUrl\":\"https:\\\/\\\/floranixena.it\\\/wp-content\\\/uploads\\\/2020\\\/04\\\/bouquet-di-girasole-e-amaryllis.webp\",\"width\":800,\"height\":800,\"caption\":\"Un incontro tra intensit\u00e0 e grazia: l\u2019Amaryllis regale, il girasole solare e l\u2019Aspidistra elegante.\"},{\"@type\":\"BreadcrumbList\",\"@id\":\"https:\\\/\\\/floranixena.it\\\/en\\\/product\\\/bouquet-of-sunflower-and-seasonal-flowers\\\/#breadcrumb\",\"itemListElement\":[{\"@type\":\"ListItem\",\"position\":1,\"name\":\"Home\",\"item\":\"https:\\\/\\\/floranixena.it\\\/en\\\/\"},{\"@type\":\"ListItem\",\"position\":2,\"name\":\"Shop\",\"item\":\"https:\\\/\\\/floranixena.it\\\/en\\\/shop\\\/\"},{\"@type\":\"ListItem\",\"position\":3,\"name\":\"Sunflower bouquet and seasonal flowers\"}]},{\"@type\":\"WebSite\",\"@id\":\"https:\\\/\\\/floranixena.it\\\/en\\\/#website\",\"url\":\"https:\\\/\\\/floranixena.it\\\/en\\\/\",\"name\":\"FloraNixena - Consegna fiori a domicilio in Italia\",\"description\":\"Invia fiori che raccontano storie\",\"publisher\":{\"@id\":\"https:\\\/\\\/floranixena.it\\\/en\\\/#organization\"},\"alternateName\":\"FloraNixena.it\",\"potentialAction\":[{\"@type\":\"SearchAction\",\"target\":{\"@type\":\"EntryPoint\",\"urlTemplate\":\"https:\\\/\\\/floranixena.it\\\/en\\\/?s={search_term_string}\"},\"query-input\":{\"@type\":\"PropertyValueSpecification\",\"valueRequired\":true,\"valueName\":\"search_term_string\"}}],\"inLanguage\":\"en-US\"},{\"@type\":\"Organization\",\"@id\":\"https:\\\/\\\/floranixena.it\\\/en\\\/#organization\",\"name\":\"FloraNixena.it - Consegna mazzi di fiori, bouquet e piante a domicilio\",\"url\":\"https:\\\/\\\/floranixena.it\\\/en\\\/\",\"logo\":{\"@type\":\"ImageObject\",\"inLanguage\":\"en-US\",\"@id\":\"https:\\\/\\\/floranixena.it\\\/en\\\/#\\\/schema\\\/logo\\\/image\\\/\",\"url\":\"https:\\\/\\\/floranixena.it\\\/wp-content\\\/uploads\\\/2018\\\/11\\\/logo-fucsia.png\",\"contentUrl\":\"https:\\\/\\\/floranixena.it\\\/wp-content\\\/uploads\\\/2018\\\/11\\\/logo-fucsia.png\",\"width\":315,\"height\":81,\"caption\":\"FloraNixena.it - Consegna mazzi di fiori, bouquet e piante a domicilio\"},\"image\":{\"@id\":\"https:\\\/\\\/floranixena.it\\\/en\\\/#\\\/schema\\\/logo\\\/image\\\/\"},\"sameAs\":[\"https:\\\/\\\/www.facebook.com\\\/FloraNixena\\\/\",\"https:\\\/\\\/www.instagram.com\\\/floranixena.it\\\/\",\"https:\\\/\\\/www.youtube.com\\\/channel\\\/UCAfCWXMBezO96jgPjiUgpkA\"],\"description\":\"Chi Siamo? FloraNixena \u00e8 il partner di fiducia per la consegna di fiori freschi a domicilio. Con anni di esperienza nel settore floreale, siamo dedicati a portare la bellezza e la freschezza dei fiori direttamente alla vostra porta. La Nostra Missione La nostra missione \u00e8 trasformare ogni occasione in un momento speciale attraverso la magia dei fiori. Crediamo che un bouquet possa dire pi\u00f9 di mille parole e lavoriamo instancabilmente per assicurarci che ogni consegna porti gioia, amore e bellezza. Cosa Offriamo? Fiori Freschi: Collaboriamo con i migliori fornitori locali per garantire che i nostri fiori siano sempre freschi e di alta qualit\u00e0. Consegna Rapida e Puntuale: Offriamo un servizio di consegna rapido e affidabile, con la possibilit\u00e0 di scegliere la fascia oraria che pi\u00f9 vi conviene. Ampia Selezione: Dalle rose classiche ai bouquet personalizzati, abbiamo una vasta gamma di opzioni per soddisfare ogni gusto e occasione. Assistenza Clienti: Il nostro team \u00e8 sempre a disposizione per assistervi nella scelta del bouquet perfetto e per garantire un'esperienza di acquisto senza intoppi. Perch\u00e9 Sceglierci? Qualit\u00e0 Garantita: Ogni bouquet \u00e8 realizzato con cura dai nostri esperti fioristi, garantendo che ogni composizione sia un'opera d'arte. Servizio Personalizzato: Che sia per un anniversario, un compleanno, una celebrazione o un momento di condoglianza, personalizziamo ogni ordine per rispondere alle vostre esigenze specifiche. Soddisfazione del Cliente: La vostra soddisfazione \u00e8 la nostra priorit\u00e0 assoluta. Facciamo tutto il possibile per assicurarci che ogni consegna superi le vostre aspettative.\",\"email\":\"amministrazione@floranixena.it\",\"telephone\":\"3806342394\",\"legalName\":\"Gaetano Votadoro\"}]}<\/script>\n<!-- \/ Yoast SEO Premium plugin. -->","yoast_head_json":{"title":"Sunflower bouquet and seasonal flowers FloraNixena - flower and plant delivery","description":"Light up your loved one's day with a radiant bouquet of sunflowers. Symbol of happiness, these sunflowers bring joy and warmth on every occasion.","robots":{"index":"index","follow":"follow","max-snippet":"max-snippet:-1","max-image-preview":"max-image-preview:large","max-video-preview":"max-video-preview:-1"},"canonical":"https:\/\/floranixena.it\/en\/product\/bouquet-of-sunflower-and-seasonal-flowers\/","og_locale":"en_US","og_type":"article","og_title":"Sunflower bouquet and seasonal flowers","og_description":"5 Sunflowers  Pink\/red amaryllis  Aspidistra leaves  Seasonal flowers Vase not included Free Delivery on this product","og_url":"https:\/\/floranixena.it\/en\/product\/bouquet-of-sunflower-and-seasonal-flowers\/","og_site_name":"FloraNixena - flower and plant delivery","article_publisher":"https:\/\/www.facebook.com\/FloraNixena\/","article_modified_time":"2025-09-11T09:37:57+00:00","og_image":[{"width":800,"height":800,"url":"https:\/\/floranixena.it\/wp-content\/uploads\/2020\/04\/bouquet-di-girasole-e-amaryllis.webp","type":"image\/webp"}],"twitter_card":"summary_large_image","twitter_misc":{"Est. reading time":"1 minute"},"schema":{"@context":"https:\/\/schema.org","@graph":[{"@type":"WebPage","@id":"https:\/\/floranixena.it\/en\/product\/bouquet-of-sunflower-and-seasonal-flowers\/","url":"https:\/\/floranixena.it\/en\/product\/bouquet-of-sunflower-and-seasonal-flowers\/","name":"Sunflower bouquet and seasonal flowers FloraNixena - flower and plant delivery","isPartOf":{"@id":"https:\/\/floranixena.it\/en\/#website"},"primaryImageOfPage":{"@id":"https:\/\/floranixena.it\/en\/product\/bouquet-of-sunflower-and-seasonal-flowers\/#primaryimage"},"image":{"@id":"https:\/\/floranixena.it\/en\/product\/bouquet-of-sunflower-and-seasonal-flowers\/#primaryimage"},"thumbnailUrl":"https:\/\/floranixena.it\/wp-content\/uploads\/2020\/04\/bouquet-di-girasole-e-amaryllis.webp","datePublished":"2025-08-13T12:00:00+00:00","dateModified":"2025-09-11T09:37:57+00:00","description":"Light up your loved one's day with a radiant bouquet of sunflowers. Symbol of happiness, these sunflowers bring joy and warmth on every occasion.","breadcrumb":{"@id":"https:\/\/floranixena.it\/en\/product\/bouquet-of-sunflower-and-seasonal-flowers\/#breadcrumb"},"inLanguage":"en-US","potentialAction":[{"@type":"ReadAction","target":["https:\/\/floranixena.it\/en\/product\/bouquet-of-sunflower-and-seasonal-flowers\/"]}]},{"@type":"ImageObject","inLanguage":"en-US","@id":"https:\/\/floranixena.it\/en\/product\/bouquet-of-sunflower-and-seasonal-flowers\/#primaryimage","url":"https:\/\/floranixena.it\/wp-content\/uploads\/2020\/04\/bouquet-di-girasole-e-amaryllis.webp","contentUrl":"https:\/\/floranixena.it\/wp-content\/uploads\/2020\/04\/bouquet-di-girasole-e-amaryllis.webp","width":800,"height":800,"caption":"Un incontro tra intensit\u00e0 e grazia: l\u2019Amaryllis regale, il girasole solare e l\u2019Aspidistra elegante."},{"@type":"BreadcrumbList","@id":"https:\/\/floranixena.it\/en\/product\/bouquet-of-sunflower-and-seasonal-flowers\/#breadcrumb","itemListElement":[{"@type":"ListItem","position":1,"name":"Home","item":"https:\/\/floranixena.it\/en\/"},{"@type":"ListItem","position":2,"name":"Shop","item":"https:\/\/floranixena.it\/en\/shop\/"},{"@type":"ListItem","position":3,"name":"Sunflower bouquet and seasonal flowers"}]},{"@type":"WebSite","@id":"https:\/\/floranixena.it\/en\/#website","url":"https:\/\/floranixena.it\/en\/","name":"FloraNixena - Consegna fiori a domicilio in Italia","description":"Invia fiori che raccontano storie","publisher":{"@id":"https:\/\/floranixena.it\/en\/#organization"},"alternateName":"FloraNixena.it","potentialAction":[{"@type":"SearchAction","target":{"@type":"EntryPoint","urlTemplate":"https:\/\/floranixena.it\/en\/?s={search_term_string}"},"query-input":{"@type":"PropertyValueSpecification","valueRequired":true,"valueName":"search_term_string"}}],"inLanguage":"en-US"},{"@type":"Organization","@id":"https:\/\/floranixena.it\/en\/#organization","name":"FloraNixena.it - Consegna mazzi di fiori, bouquet e piante a domicilio","url":"https:\/\/floranixena.it\/en\/","logo":{"@type":"ImageObject","inLanguage":"en-US","@id":"https:\/\/floranixena.it\/en\/#\/schema\/logo\/image\/","url":"https:\/\/floranixena.it\/wp-content\/uploads\/2018\/11\/logo-fucsia.png","contentUrl":"https:\/\/floranixena.it\/wp-content\/uploads\/2018\/11\/logo-fucsia.png","width":315,"height":81,"caption":"FloraNixena.it - Consegna mazzi di fiori, bouquet e piante a domicilio"},"image":{"@id":"https:\/\/floranixena.it\/en\/#\/schema\/logo\/image\/"},"sameAs":["https:\/\/www.facebook.com\/FloraNixena\/","https:\/\/www.instagram.com\/floranixena.it\/","https:\/\/www.youtube.com\/channel\/UCAfCWXMBezO96jgPjiUgpkA"],"description":"Chi Siamo? FloraNixena \u00e8 il partner di fiducia per la consegna di fiori freschi a domicilio. Con anni di esperienza nel settore floreale, siamo dedicati a portare la bellezza e la freschezza dei fiori direttamente alla vostra porta. La Nostra Missione La nostra missione \u00e8 trasformare ogni occasione in un momento speciale attraverso la magia dei fiori. Crediamo che un bouquet possa dire pi\u00f9 di mille parole e lavoriamo instancabilmente per assicurarci che ogni consegna porti gioia, amore e bellezza. Cosa Offriamo? Fiori Freschi: Collaboriamo con i migliori fornitori locali per garantire che i nostri fiori siano sempre freschi e di alta qualit\u00e0. Consegna Rapida e Puntuale: Offriamo un servizio di consegna rapido e affidabile, con la possibilit\u00e0 di scegliere la fascia oraria che pi\u00f9 vi conviene. Ampia Selezione: Dalle rose classiche ai bouquet personalizzati, abbiamo una vasta gamma di opzioni per soddisfare ogni gusto e occasione. Assistenza Clienti: Il nostro team \u00e8 sempre a disposizione per assistervi nella scelta del bouquet perfetto e per garantire un'esperienza di acquisto senza intoppi. Perch\u00e9 Sceglierci? Qualit\u00e0 Garantita: Ogni bouquet \u00e8 realizzato con cura dai nostri esperti fioristi, garantendo che ogni composizione sia un'opera d'arte. Servizio Personalizzato: Che sia per un anniversario, un compleanno, una celebrazione o un momento di condoglianza, personalizziamo ogni ordine per rispondere alle vostre esigenze specifiche. Soddisfazione del Cliente: La vostra soddisfazione \u00e8 la nostra priorit\u00e0 assoluta. Facciamo tutto il possibile per assicurarci che ogni consegna superi le vostre aspettative.","email":"amministrazione@floranixena.it","telephone":"3806342394","legalName":"Gaetano Votadoro"}]}},"_links":{"self":[{"href":"https:\/\/floranixena.it\/en\/wp-json\/wp\/v2\/product\/10334","targetHints":{"allow":["GET"]}}],"collection":[{"href":"https:\/\/floranixena.it\/en\/wp-json\/wp\/v2\/product"}],"about":[{"href":"https:\/\/floranixena.it\/en\/wp-json\/wp\/v2\/types\/product"}],"replies":[{"embeddable":true,"href":"https:\/\/floranixena.it\/en\/wp-json\/wp\/v2\/comments?post=10334"}],"wp:featuredmedia":[{"embeddable":true,"href":"https:\/\/floranixena.it\/en\/wp-json\/wp\/v2\/media\/10333"}],"wp:attachment":[{"href":"https:\/\/floranixena.it\/en\/wp-json\/wp\/v2\/media?parent=10334"}],"wp:term":[{"taxonomy":"product_brand","embeddable":true,"href":"https:\/\/floranixena.it\/en\/wp-json\/wp\/v2\/product_brand?post=10334"},{"taxonomy":"product_cat","embeddable":true,"href":"https:\/\/floranixena.it\/en\/wp-json\/wp\/v2\/product_cat?post=10334"},{"taxonomy":"product_tag","embeddable":true,"href":"https:\/\/floranixena.it\/en\/wp-json\/wp\/v2\/product_tag?post=10334"}],"curies":[{"name":"wp","href":"https:\/\/api.w.org\/{rel}","templated":true}]}}