{"id":10304,"date":"2025-06-17T08:40:47","date_gmt":"2025-06-17T06:40:47","guid":{"rendered":"https:\/\/floranixena.it\/product\/creama\/"},"modified":"2025-09-17T00:21:13","modified_gmt":"2025-09-16T22:21:13","slug":"bouquet-of-white-roses-and-gypsophila","status":"publish","type":"product","link":"https:\/\/floranixena.it\/en\/product\/bouquet-of-white-roses-and-gypsophila\/","title":{"rendered":"Bouquet 11 Roses Enchantment"},"content":{"rendered":"<div class=\"gtx-body\" style=\"text-align: justify;\">\n<p><strong>Give emotions with our Classic Pearl White Bouquet,<\/strong> a sophisticated combination of elegant Avalanche roses, Bride Veil accents and Ruscus leaves. An exceptional gift idea for friends, colleagues and family, perfect for expressing your deepest feelings. <\/p>\n<p>Our wonderful Incanto bouquet is made up exclusively of the most beautiful roses, carefully selected in our stores. Enriched with gypsophila and green leaves for a touch of elegance, it is packaged with refined jute for an ecological and green presentation. <strong>Home delivery available<\/strong> to give an unforgettable experience. <\/p>\n<p>In addition to its extraordinary visual beauty, our<strong><a href=\"https:\/\/floranixena.it\/en\/prodotto\/bouquet-of-red-and-white-roses-with-gypsophila\/\" target=\"_blank\" rel=\"noopener\"> Rose Bouquet<\/a><\/strong> carries with it profound emotional meaning. <a href=\"https:\/\/floranixena.it\/en\/prodotto\/20-roses-white\/\" target=\"_blank\" rel=\"noopener\"><strong>White roses, <\/strong><\/a>a symbol of purity and eternal love, communicate feelings of respect, devotion and gratitude.<\/p>\n<p>Furthermore, the delicacy of the petals and the enveloping scent of the flowers create an atmosphere of serenity and joy, transforming any environment into an oasis of peace and harmony. Whether you are celebrating a special moment or simply want to make someone important to you smile, our Classic Pearl White Bouquet is the perfect choice to bring emotions and <a href=\"https:\/\/floranixena.it\/en\/prodotto\/trunk-of-happiness\/\" target=\"_blank\" rel=\"noopener\"><strong>happiness <\/strong><\/a>into the lives of those you love. <\/p>\n<p>Jute, a biodegradable material with low environmental impact, reduces the impact on the Earth, offering an eco-friendly packaging option that reflects the values of care and respect for the environment.<\/p>\n<p>In this way, each bouquet is not just a gift of <strong><a href=\"https:\/\/floranixena.it\/en\/catalog\/love-and-romance\/classic-and-romantic-flowers\/\" target=\"_blank\" rel=\"noopener\">flowers<\/a><\/strong>, but a multisensory experience that involves sight, touch and smell, giving moments of joy and serenity to anyone who receives it.<\/p>\n<p><strong>Trust us<\/strong> to deliver not just a bouquet of flowers, but a message of love and appreciation that will be remembered forever.<\/p>\n<\/div>\n","protected":false},"excerpt":{"rendered":"<ul>\n<li>11 White Roses<\/li>\n<li>Gypshophila<\/li>\n<li>Decorative leaves<\/li>\n<li><span style=\"color: #339966;\"><strong>Shipping is free in this bouquet<\/strong><\/span><\/li>\n<\/ul>\n","protected":false},"featured_media":10303,"comment_status":"open","ping_status":"closed","template":"","meta":[],"product_brand":[],"product_cat":[2370,2369,2354,2371,2379,2373,2418,2356,2340,2357,2462,2376,2440,2420,2361,2457,2360,2455,2359,2415,2451,2355,2417,2378,2362,2437,2423,2454,2438,2375,2387],"product_tag":[2746,2747,2748,2712],"class_list":{"0":"post-10304","1":"product","2":"type-product","3":"status-publish","4":"has-post-thumbnail","6":"product_cat-10th-wedding-anniversary-tin","7":"product_cat-1st-wedding-anniversary-cotton","8":"product_cat-5th-anniversary-wedding-of-silk","9":"product_cat-anniversary","10":"product_cat-apologies","11":"product_cat-as-a-secret-fan","12":"product_cat-autumn-flowers","13":"product_cat-birthday","14":"product_cat-christmas","15":"product_cat-classic-and-romantic-flowers","16":"product_cat-easter-occasion","17":"product_cat-flowers-for-events","18":"product_cat-for-gay-couples","19":"product_cat-for-mom","20":"product_cat-for-new-revelations","21":"product_cat-for-the-sister","22":"product_cat-for-the-wife-or-girlfriend","23":"product_cat-for-uncles","24":"product_cat-for-wife-or-girlfriend","25":"product_cat-friendship","26":"product_cat-lisianthus-en","27":"product_cat-love-and-romance","28":"product_cat-mothers-day","29":"product_cat-name-day","30":"product_cat-roses","31":"product_cat-spring-flowers","32":"product_cat-summer-flowers","33":"product_cat-thank-you","34":"product_cat-wedding","35":"product_cat-winter-flowers","36":"product_cat-womens-day","37":"product_tag-bouquet-of-roses-and-lisianthus","38":"product_tag-flower-arrangement-with-cream-tones","39":"product_tag-white-lisianthus","40":"product_tag-white-roses","42":"first","43":"instock","44":"shipping-taxable","45":"purchasable","46":"product-type-simple"},"yoast_head":"<!-- This site is optimized with the Yoast SEO Premium plugin v27.5 (Yoast SEO v27.5) - https:\/\/yoast.com\/product\/yoast-seo-premium-wordpress\/ -->\n<title>Natural Enchantment Bouquet - FloraNixena - flower and plant delivery<\/title>\n<meta name=\"description\" content=\"&quot;Give thrills with our Enchantment Bouquet of 11 White Roses and Gypsophila! Perfect for birthdays, anniversaries and Mother&#039;s Day.\" \/>\n<meta name=\"robots\" content=\"index, follow, max-snippet:-1, max-image-preview:large, max-video-preview:-1\" \/>\n<link rel=\"canonical\" href=\"https:\/\/floranixena.it\/en\/product\/bouquet-of-white-roses-and-gypsophila\/\" \/>\n<meta property=\"og:locale\" content=\"en_US\" \/>\n<meta property=\"og:type\" content=\"article\" \/>\n<meta property=\"og:title\" content=\"Bouquet 11 Roses Enchantment\" \/>\n<meta property=\"og:description\" content=\"11 White Roses  Gypshophila  Decorative leaves  Shipping is free in this bouquet\" \/>\n<meta property=\"og:url\" content=\"https:\/\/floranixena.it\/en\/product\/bouquet-of-white-roses-and-gypsophila\/\" \/>\n<meta property=\"og:site_name\" content=\"FloraNixena - flower and plant delivery\" \/>\n<meta property=\"article:publisher\" content=\"https:\/\/www.facebook.com\/FloraNixena\/\" \/>\n<meta property=\"article:modified_time\" content=\"2025-09-16T22:21:13+00:00\" \/>\n<meta property=\"og:image\" content=\"https:\/\/floranixena.it\/wp-content\/uploads\/2020\/07\/bouquet-di-rose-bianche-e-gypsophyila.webp\" \/>\n\t<meta property=\"og:image:width\" content=\"800\" \/>\n\t<meta property=\"og:image:height\" content=\"800\" \/>\n\t<meta property=\"og:image:type\" content=\"image\/webp\" \/>\n<meta name=\"twitter:card\" content=\"summary_large_image\" \/>\n<meta name=\"twitter:label1\" content=\"Est. reading time\" \/>\n\t<meta name=\"twitter:data1\" content=\"1 minute\" \/>\n<script type=\"application\/ld+json\" class=\"yoast-schema-graph\">{\"@context\":\"https:\\\/\\\/schema.org\",\"@graph\":[{\"@type\":\"WebPage\",\"@id\":\"https:\\\/\\\/floranixena.it\\\/en\\\/product\\\/bouquet-of-white-roses-and-gypsophila\\\/\",\"url\":\"https:\\\/\\\/floranixena.it\\\/en\\\/product\\\/bouquet-of-white-roses-and-gypsophila\\\/\",\"name\":\"Natural Enchantment Bouquet - FloraNixena - flower and plant delivery\",\"isPartOf\":{\"@id\":\"https:\\\/\\\/floranixena.it\\\/en\\\/#website\"},\"primaryImageOfPage\":{\"@id\":\"https:\\\/\\\/floranixena.it\\\/en\\\/product\\\/bouquet-of-white-roses-and-gypsophila\\\/#primaryimage\"},\"image\":{\"@id\":\"https:\\\/\\\/floranixena.it\\\/en\\\/product\\\/bouquet-of-white-roses-and-gypsophila\\\/#primaryimage\"},\"thumbnailUrl\":\"https:\\\/\\\/floranixena.it\\\/wp-content\\\/uploads\\\/2020\\\/07\\\/bouquet-di-rose-bianche-e-gypsophyila.webp\",\"datePublished\":\"2025-06-17T06:40:47+00:00\",\"dateModified\":\"2025-09-16T22:21:13+00:00\",\"description\":\"\\\"Give thrills with our Enchantment Bouquet of 11 White Roses and Gypsophila! Perfect for birthdays, anniversaries and Mother's Day.\",\"breadcrumb\":{\"@id\":\"https:\\\/\\\/floranixena.it\\\/en\\\/product\\\/bouquet-of-white-roses-and-gypsophila\\\/#breadcrumb\"},\"inLanguage\":\"en-US\",\"potentialAction\":[{\"@type\":\"ReadAction\",\"target\":[\"https:\\\/\\\/floranixena.it\\\/en\\\/product\\\/bouquet-of-white-roses-and-gypsophila\\\/\"]}]},{\"@type\":\"ImageObject\",\"inLanguage\":\"en-US\",\"@id\":\"https:\\\/\\\/floranixena.it\\\/en\\\/product\\\/bouquet-of-white-roses-and-gypsophila\\\/#primaryimage\",\"url\":\"https:\\\/\\\/floranixena.it\\\/wp-content\\\/uploads\\\/2020\\\/07\\\/bouquet-di-rose-bianche-e-gypsophyila.webp\",\"contentUrl\":\"https:\\\/\\\/floranixena.it\\\/wp-content\\\/uploads\\\/2020\\\/07\\\/bouquet-di-rose-bianche-e-gypsophyila.webp\",\"width\":800,\"height\":800,\"caption\":\"Un gesto di grazia e luce: le rose bianche parlano di eleganza senza tempo.\"},{\"@type\":\"BreadcrumbList\",\"@id\":\"https:\\\/\\\/floranixena.it\\\/en\\\/product\\\/bouquet-of-white-roses-and-gypsophila\\\/#breadcrumb\",\"itemListElement\":[{\"@type\":\"ListItem\",\"position\":1,\"name\":\"Home\",\"item\":\"https:\\\/\\\/floranixena.it\\\/en\\\/\"},{\"@type\":\"ListItem\",\"position\":2,\"name\":\"Shop\",\"item\":\"https:\\\/\\\/floranixena.it\\\/en\\\/shop\\\/\"},{\"@type\":\"ListItem\",\"position\":3,\"name\":\"Bouquet 11 Roses Enchantment\"}]},{\"@type\":\"WebSite\",\"@id\":\"https:\\\/\\\/floranixena.it\\\/en\\\/#website\",\"url\":\"https:\\\/\\\/floranixena.it\\\/en\\\/\",\"name\":\"FloraNixena - Consegna fiori a domicilio in Italia\",\"description\":\"Invia fiori che raccontano storie\",\"publisher\":{\"@id\":\"https:\\\/\\\/floranixena.it\\\/en\\\/#organization\"},\"alternateName\":\"FloraNixena.it\",\"potentialAction\":[{\"@type\":\"SearchAction\",\"target\":{\"@type\":\"EntryPoint\",\"urlTemplate\":\"https:\\\/\\\/floranixena.it\\\/en\\\/?s={search_term_string}\"},\"query-input\":{\"@type\":\"PropertyValueSpecification\",\"valueRequired\":true,\"valueName\":\"search_term_string\"}}],\"inLanguage\":\"en-US\"},{\"@type\":\"Organization\",\"@id\":\"https:\\\/\\\/floranixena.it\\\/en\\\/#organization\",\"name\":\"FloraNixena.it - Consegna mazzi di fiori, bouquet e piante a domicilio\",\"url\":\"https:\\\/\\\/floranixena.it\\\/en\\\/\",\"logo\":{\"@type\":\"ImageObject\",\"inLanguage\":\"en-US\",\"@id\":\"https:\\\/\\\/floranixena.it\\\/en\\\/#\\\/schema\\\/logo\\\/image\\\/\",\"url\":\"https:\\\/\\\/floranixena.it\\\/wp-content\\\/uploads\\\/2018\\\/11\\\/logo-fucsia.png\",\"contentUrl\":\"https:\\\/\\\/floranixena.it\\\/wp-content\\\/uploads\\\/2018\\\/11\\\/logo-fucsia.png\",\"width\":315,\"height\":81,\"caption\":\"FloraNixena.it - Consegna mazzi di fiori, bouquet e piante a domicilio\"},\"image\":{\"@id\":\"https:\\\/\\\/floranixena.it\\\/en\\\/#\\\/schema\\\/logo\\\/image\\\/\"},\"sameAs\":[\"https:\\\/\\\/www.facebook.com\\\/FloraNixena\\\/\",\"https:\\\/\\\/www.instagram.com\\\/floranixena.it\\\/\",\"https:\\\/\\\/www.youtube.com\\\/channel\\\/UCAfCWXMBezO96jgPjiUgpkA\"],\"description\":\"Chi Siamo? FloraNixena \u00e8 il partner di fiducia per la consegna di fiori freschi a domicilio. Con anni di esperienza nel settore floreale, siamo dedicati a portare la bellezza e la freschezza dei fiori direttamente alla vostra porta. La Nostra Missione La nostra missione \u00e8 trasformare ogni occasione in un momento speciale attraverso la magia dei fiori. Crediamo che un bouquet possa dire pi\u00f9 di mille parole e lavoriamo instancabilmente per assicurarci che ogni consegna porti gioia, amore e bellezza. Cosa Offriamo? Fiori Freschi: Collaboriamo con i migliori fornitori locali per garantire che i nostri fiori siano sempre freschi e di alta qualit\u00e0. Consegna Rapida e Puntuale: Offriamo un servizio di consegna rapido e affidabile, con la possibilit\u00e0 di scegliere la fascia oraria che pi\u00f9 vi conviene. Ampia Selezione: Dalle rose classiche ai bouquet personalizzati, abbiamo una vasta gamma di opzioni per soddisfare ogni gusto e occasione. Assistenza Clienti: Il nostro team \u00e8 sempre a disposizione per assistervi nella scelta del bouquet perfetto e per garantire un'esperienza di acquisto senza intoppi. Perch\u00e9 Sceglierci? Qualit\u00e0 Garantita: Ogni bouquet \u00e8 realizzato con cura dai nostri esperti fioristi, garantendo che ogni composizione sia un'opera d'arte. Servizio Personalizzato: Che sia per un anniversario, un compleanno, una celebrazione o un momento di condoglianza, personalizziamo ogni ordine per rispondere alle vostre esigenze specifiche. Soddisfazione del Cliente: La vostra soddisfazione \u00e8 la nostra priorit\u00e0 assoluta. Facciamo tutto il possibile per assicurarci che ogni consegna superi le vostre aspettative.\",\"email\":\"amministrazione@floranixena.it\",\"telephone\":\"3806342394\",\"legalName\":\"Gaetano Votadoro\"}]}<\/script>\n<!-- \/ Yoast SEO Premium plugin. -->","yoast_head_json":{"title":"Natural Enchantment Bouquet - FloraNixena - flower and plant delivery","description":"\"Give thrills with our Enchantment Bouquet of 11 White Roses and Gypsophila! Perfect for birthdays, anniversaries and Mother's Day.","robots":{"index":"index","follow":"follow","max-snippet":"max-snippet:-1","max-image-preview":"max-image-preview:large","max-video-preview":"max-video-preview:-1"},"canonical":"https:\/\/floranixena.it\/en\/product\/bouquet-of-white-roses-and-gypsophila\/","og_locale":"en_US","og_type":"article","og_title":"Bouquet 11 Roses Enchantment","og_description":"11 White Roses  Gypshophila  Decorative leaves  Shipping is free in this bouquet","og_url":"https:\/\/floranixena.it\/en\/product\/bouquet-of-white-roses-and-gypsophila\/","og_site_name":"FloraNixena - flower and plant delivery","article_publisher":"https:\/\/www.facebook.com\/FloraNixena\/","article_modified_time":"2025-09-16T22:21:13+00:00","og_image":[{"width":800,"height":800,"url":"https:\/\/floranixena.it\/wp-content\/uploads\/2020\/07\/bouquet-di-rose-bianche-e-gypsophyila.webp","type":"image\/webp"}],"twitter_card":"summary_large_image","twitter_misc":{"Est. reading time":"1 minute"},"schema":{"@context":"https:\/\/schema.org","@graph":[{"@type":"WebPage","@id":"https:\/\/floranixena.it\/en\/product\/bouquet-of-white-roses-and-gypsophila\/","url":"https:\/\/floranixena.it\/en\/product\/bouquet-of-white-roses-and-gypsophila\/","name":"Natural Enchantment Bouquet - FloraNixena - flower and plant delivery","isPartOf":{"@id":"https:\/\/floranixena.it\/en\/#website"},"primaryImageOfPage":{"@id":"https:\/\/floranixena.it\/en\/product\/bouquet-of-white-roses-and-gypsophila\/#primaryimage"},"image":{"@id":"https:\/\/floranixena.it\/en\/product\/bouquet-of-white-roses-and-gypsophila\/#primaryimage"},"thumbnailUrl":"https:\/\/floranixena.it\/wp-content\/uploads\/2020\/07\/bouquet-di-rose-bianche-e-gypsophyila.webp","datePublished":"2025-06-17T06:40:47+00:00","dateModified":"2025-09-16T22:21:13+00:00","description":"\"Give thrills with our Enchantment Bouquet of 11 White Roses and Gypsophila! Perfect for birthdays, anniversaries and Mother's Day.","breadcrumb":{"@id":"https:\/\/floranixena.it\/en\/product\/bouquet-of-white-roses-and-gypsophila\/#breadcrumb"},"inLanguage":"en-US","potentialAction":[{"@type":"ReadAction","target":["https:\/\/floranixena.it\/en\/product\/bouquet-of-white-roses-and-gypsophila\/"]}]},{"@type":"ImageObject","inLanguage":"en-US","@id":"https:\/\/floranixena.it\/en\/product\/bouquet-of-white-roses-and-gypsophila\/#primaryimage","url":"https:\/\/floranixena.it\/wp-content\/uploads\/2020\/07\/bouquet-di-rose-bianche-e-gypsophyila.webp","contentUrl":"https:\/\/floranixena.it\/wp-content\/uploads\/2020\/07\/bouquet-di-rose-bianche-e-gypsophyila.webp","width":800,"height":800,"caption":"Un gesto di grazia e luce: le rose bianche parlano di eleganza senza tempo."},{"@type":"BreadcrumbList","@id":"https:\/\/floranixena.it\/en\/product\/bouquet-of-white-roses-and-gypsophila\/#breadcrumb","itemListElement":[{"@type":"ListItem","position":1,"name":"Home","item":"https:\/\/floranixena.it\/en\/"},{"@type":"ListItem","position":2,"name":"Shop","item":"https:\/\/floranixena.it\/en\/shop\/"},{"@type":"ListItem","position":3,"name":"Bouquet 11 Roses Enchantment"}]},{"@type":"WebSite","@id":"https:\/\/floranixena.it\/en\/#website","url":"https:\/\/floranixena.it\/en\/","name":"FloraNixena - Consegna fiori a domicilio in Italia","description":"Invia fiori che raccontano storie","publisher":{"@id":"https:\/\/floranixena.it\/en\/#organization"},"alternateName":"FloraNixena.it","potentialAction":[{"@type":"SearchAction","target":{"@type":"EntryPoint","urlTemplate":"https:\/\/floranixena.it\/en\/?s={search_term_string}"},"query-input":{"@type":"PropertyValueSpecification","valueRequired":true,"valueName":"search_term_string"}}],"inLanguage":"en-US"},{"@type":"Organization","@id":"https:\/\/floranixena.it\/en\/#organization","name":"FloraNixena.it - Consegna mazzi di fiori, bouquet e piante a domicilio","url":"https:\/\/floranixena.it\/en\/","logo":{"@type":"ImageObject","inLanguage":"en-US","@id":"https:\/\/floranixena.it\/en\/#\/schema\/logo\/image\/","url":"https:\/\/floranixena.it\/wp-content\/uploads\/2018\/11\/logo-fucsia.png","contentUrl":"https:\/\/floranixena.it\/wp-content\/uploads\/2018\/11\/logo-fucsia.png","width":315,"height":81,"caption":"FloraNixena.it - Consegna mazzi di fiori, bouquet e piante a domicilio"},"image":{"@id":"https:\/\/floranixena.it\/en\/#\/schema\/logo\/image\/"},"sameAs":["https:\/\/www.facebook.com\/FloraNixena\/","https:\/\/www.instagram.com\/floranixena.it\/","https:\/\/www.youtube.com\/channel\/UCAfCWXMBezO96jgPjiUgpkA"],"description":"Chi Siamo? FloraNixena \u00e8 il partner di fiducia per la consegna di fiori freschi a domicilio. Con anni di esperienza nel settore floreale, siamo dedicati a portare la bellezza e la freschezza dei fiori direttamente alla vostra porta. La Nostra Missione La nostra missione \u00e8 trasformare ogni occasione in un momento speciale attraverso la magia dei fiori. Crediamo che un bouquet possa dire pi\u00f9 di mille parole e lavoriamo instancabilmente per assicurarci che ogni consegna porti gioia, amore e bellezza. Cosa Offriamo? Fiori Freschi: Collaboriamo con i migliori fornitori locali per garantire che i nostri fiori siano sempre freschi e di alta qualit\u00e0. Consegna Rapida e Puntuale: Offriamo un servizio di consegna rapido e affidabile, con la possibilit\u00e0 di scegliere la fascia oraria che pi\u00f9 vi conviene. Ampia Selezione: Dalle rose classiche ai bouquet personalizzati, abbiamo una vasta gamma di opzioni per soddisfare ogni gusto e occasione. Assistenza Clienti: Il nostro team \u00e8 sempre a disposizione per assistervi nella scelta del bouquet perfetto e per garantire un'esperienza di acquisto senza intoppi. Perch\u00e9 Sceglierci? Qualit\u00e0 Garantita: Ogni bouquet \u00e8 realizzato con cura dai nostri esperti fioristi, garantendo che ogni composizione sia un'opera d'arte. Servizio Personalizzato: Che sia per un anniversario, un compleanno, una celebrazione o un momento di condoglianza, personalizziamo ogni ordine per rispondere alle vostre esigenze specifiche. Soddisfazione del Cliente: La vostra soddisfazione \u00e8 la nostra priorit\u00e0 assoluta. Facciamo tutto il possibile per assicurarci che ogni consegna superi le vostre aspettative.","email":"amministrazione@floranixena.it","telephone":"3806342394","legalName":"Gaetano Votadoro"}]}},"_links":{"self":[{"href":"https:\/\/floranixena.it\/en\/wp-json\/wp\/v2\/product\/10304","targetHints":{"allow":["GET"]}}],"collection":[{"href":"https:\/\/floranixena.it\/en\/wp-json\/wp\/v2\/product"}],"about":[{"href":"https:\/\/floranixena.it\/en\/wp-json\/wp\/v2\/types\/product"}],"replies":[{"embeddable":true,"href":"https:\/\/floranixena.it\/en\/wp-json\/wp\/v2\/comments?post=10304"}],"wp:featuredmedia":[{"embeddable":true,"href":"https:\/\/floranixena.it\/en\/wp-json\/wp\/v2\/media\/10303"}],"wp:attachment":[{"href":"https:\/\/floranixena.it\/en\/wp-json\/wp\/v2\/media?parent=10304"}],"wp:term":[{"taxonomy":"product_brand","embeddable":true,"href":"https:\/\/floranixena.it\/en\/wp-json\/wp\/v2\/product_brand?post=10304"},{"taxonomy":"product_cat","embeddable":true,"href":"https:\/\/floranixena.it\/en\/wp-json\/wp\/v2\/product_cat?post=10304"},{"taxonomy":"product_tag","embeddable":true,"href":"https:\/\/floranixena.it\/en\/wp-json\/wp\/v2\/product_tag?post=10304"}],"curies":[{"name":"wp","href":"https:\/\/api.w.org\/{rel}","templated":true}]}}