{"id":10152,"date":"2020-12-30T11:03:03","date_gmt":"2020-12-30T10:03:03","guid":{"rendered":"https:\/\/floranixena.it\/product\/rainbow-bouquets\/"},"modified":"2025-09-23T09:11:19","modified_gmt":"2025-09-23T07:11:19","slug":"multicolored-rose-bouquet","status":"publish","type":"product","link":"https:\/\/floranixena.it\/en\/product\/multicolored-rose-bouquet\/","title":{"rendered":"Rainbow bouquets"},"content":{"rendered":"<p style=\"text-align: justify;\">Give a luxurious and unique bouquet of <strong>rainbow roses<\/strong>. Each flower is perfectly painted to create a beautiful kaleidoscope of color that is sure to wow your recipient. Bring vibrancy and color to your recipient on the day of delivery with our stunning range of Rainbow Flowers.<\/p>\n<p style=\"text-align: justify;\">You can <strong>send this wonderful bouquet of rainbow roses<\/strong> with an explosion of shades of 6 colors, to the person you love, for an <strong><a href=\"https:\/\/floranixena.it\/en\/catalog\/flowers-for-events\/birthday\/eighteenth-birthday\/\">eighteenth <\/a><\/strong>birthday or an ideal friend for the LGBT community and express your love with our magical colored roses.<\/p>\n<p>our <strong>bouquet of rainbow roses<\/strong> it&#8217;s a wonderfully lively and colorful alternative to a simple one <strong><a href=\"https:\/\/floranixena.it\/en\/prodotto\/bouquet-with-18-red-roses-for-eighteenth-birthday\/\">bouquet of roses<\/a><\/strong>.<\/p>\n<p>Choosing the right stems is essential to creating beautiful floral arrangements and our experts are experts at this!<\/p>\n<p style=\"text-align: justify;\">You may be wondering how we create a <strong><a href=\"https:\/\/floranixena.it\/rosa-stabilizzata-multicolore\">rainbow rose<\/a><\/strong>? Believe it or not, it all starts with an ordinary <strong><a href=\"https:\/\/floranixena.it\/20-rose-bianche\/\">white rose!<\/a><\/strong> <strong><a href=\"https:\/\/floranixena.it\/bouquet-di-rose-multicolore\/\">Rainbow roses<\/a><\/strong> are created by applying natural dye to the petals using containers of water, colored this way we avoid damaging the petals with harmful chemicals. We divide each stem into several sections at the base and immerse each section in a differently colored container of water. The colored water is drawn up through the cut stems and absorbed by the petals, resulting in the beautiful <strong><a href=\"https:\/\/floranixena.it\/composizione-di-rose-colorate\/\">multi-coloured bouquets<\/a><\/strong> you see in our Rainbow Bouquets.<\/p>\n","protected":false},"excerpt":{"rendered":"<ul>\n<li>24 Rose Rainbow<\/li>\n<li>Jute fabric<\/li>\n<li>Pink ribbon<\/li>\n<li>Decorative leaves<\/li>\n<li>Prosecco Millesimato 0.75l bottle<\/li>\n<\/ul>\n<p><span style=\"color: #009700;\"><strong>Free delivery on this item<\/strong><\/span><\/p>\n<p>&nbsp;<\/p>\n<p><strong><span style=\"color: #ff8c00;\">We recommend ordering this item a few days in advance, as it may not be available for same-day delivery, or ask for availability via chat.<\/span><\/strong><\/p>\n<p>These Roses take on these particular colors due to a long and laborious chemical treatment.<\/p>\n<p><span style=\"color: #00d200;\"><strong><span style=\"color: #009700;\"> <\/span><\/strong><\/span><\/p>\n<p>Vase not included.<\/p>\n","protected":false},"featured_media":10029,"comment_status":"open","ping_status":"closed","template":"","meta":[],"product_brand":[],"product_cat":[2370,2379,2373,2356,2372,2462,2374,2461,2376,2459,2460,2440,2456,2420,2457,2455,2359,2415,2465,2436,2378,2358,2362,2437,2423,2454,2431,2458,2353,2380],"product_tag":[2486,2492,2489,2488,2490,2491,2493,2487],"class_list":{"0":"post-10152","1":"product","2":"type-product","3":"status-publish","4":"has-post-thumbnail","6":"product_cat-10th-wedding-anniversary-tin","7":"product_cat-apologies","8":"product_cat-as-a-secret-fan","9":"product_cat-birthday","10":"product_cat-congratulations","11":"product_cat-easter-occasion","12":"product_cat-eighteenth-birthday","13":"product_cat-fathers-day-occasion","14":"product_cat-flowers-for-events","15":"product_cat-for-a-co-worker-birthday","16":"product_cat-for-a-man-birthday","17":"product_cat-for-gay-couples","18":"product_cat-for-grandparents","19":"product_cat-for-mom","20":"product_cat-for-the-sister","21":"product_cat-for-uncles","22":"product_cat-for-wife-or-girlfriend","23":"product_cat-friendship","24":"product_cat-its-a-boy","25":"product_cat-its-a-girl","26":"product_cat-name-day","27":"product_cat-occasion","28":"product_cat-roses","29":"product_cat-spring-flowers","30":"product_cat-summer-flowers","31":"product_cat-thank-you","32":"product_cat-they-are-twins","33":"product_cat-to-a-friend","34":"product_cat-valentines-day","35":"product_cat-luxury-flowers","36":"product_tag-chrysanthemums","37":"product_tag-flowers-for-a-friend","38":"product_tag-flowers-for-gays","39":"product_tag-flowers-for-lesbian-girlfriend","40":"product_tag-flowers-for-lesbians","41":"product_tag-flowers-for-transsexuals","42":"product_tag-spring-flowers","43":"product_tag-summer-flowers","45":"first","46":"instock","47":"shipping-taxable","48":"purchasable","49":"product-type-variable","50":"has-default-attributes"},"yoast_head":"<!-- This site is optimized with the Yoast SEO Premium plugin v27.4 (Yoast SEO v27.4) - https:\/\/yoast.com\/product\/yoast-seo-premium-wordpress\/ -->\n<title>Bouquet of Rainbow Roses FloraNixena - flower and plant delivery<\/title>\n<meta name=\"description\" content=\"The rainbow rose bouquet takes its name from the color of the rainbow: each rose is made up of 6 colors to illuminate any room.\" \/>\n<meta name=\"robots\" content=\"index, follow, max-snippet:-1, max-image-preview:large, max-video-preview:-1\" \/>\n<link rel=\"canonical\" href=\"https:\/\/floranixena.it\/en\/product\/multicolored-rose-bouquet\/\" \/>\n<meta property=\"og:locale\" content=\"en_US\" \/>\n<meta property=\"og:type\" content=\"article\" \/>\n<meta property=\"og:title\" content=\"Rainbow bouquets\" \/>\n<meta property=\"og:description\" content=\"24 Rose Rainbow  Jute fabric  Pink ribbon  Decorative leaves  Prosecco Millesimato 0.75l bottle Free delivery on this item &nbsp; We recommend ordering this item a few days in advance, as it may not be available for same-day delivery, or ask for availability via chat. These Roses take on these particular colors due to a long and laborious chemical treatment.   Vase not included.\" \/>\n<meta property=\"og:url\" content=\"https:\/\/floranixena.it\/en\/product\/multicolored-rose-bouquet\/\" \/>\n<meta property=\"og:site_name\" content=\"FloraNixena - flower and plant delivery\" \/>\n<meta property=\"article:publisher\" content=\"https:\/\/www.facebook.com\/FloraNixena\/\" \/>\n<meta property=\"article:modified_time\" content=\"2025-09-23T07:11:19+00:00\" \/>\n<meta property=\"og:image\" content=\"https:\/\/floranixena.it\/wp-content\/uploads\/2020\/09\/Bouquet-di-rose-rainbow-multicolor-arcobaleno-speciale-VIP-con-spumante-Millesimato-Doc..jpg\" \/>\n\t<meta property=\"og:image:width\" content=\"800\" \/>\n\t<meta property=\"og:image:height\" content=\"800\" \/>\n\t<meta property=\"og:image:type\" content=\"image\/jpeg\" \/>\n<meta name=\"twitter:card\" content=\"summary_large_image\" \/>\n<meta name=\"twitter:label1\" content=\"Est. reading time\" \/>\n\t<meta name=\"twitter:data1\" content=\"2 minutes\" \/>\n<script type=\"application\/ld+json\" class=\"yoast-schema-graph\">{\"@context\":\"https:\\\/\\\/schema.org\",\"@graph\":[{\"@type\":\"WebPage\",\"@id\":\"https:\\\/\\\/floranixena.it\\\/en\\\/product\\\/multicolored-rose-bouquet\\\/\",\"url\":\"https:\\\/\\\/floranixena.it\\\/en\\\/product\\\/multicolored-rose-bouquet\\\/\",\"name\":\"Bouquet of Rainbow Roses FloraNixena - flower and plant delivery\",\"isPartOf\":{\"@id\":\"https:\\\/\\\/floranixena.it\\\/en\\\/#website\"},\"primaryImageOfPage\":{\"@id\":\"https:\\\/\\\/floranixena.it\\\/en\\\/product\\\/multicolored-rose-bouquet\\\/#primaryimage\"},\"image\":{\"@id\":\"https:\\\/\\\/floranixena.it\\\/en\\\/product\\\/multicolored-rose-bouquet\\\/#primaryimage\"},\"thumbnailUrl\":\"https:\\\/\\\/floranixena.it\\\/wp-content\\\/uploads\\\/2020\\\/09\\\/Bouquet-di-rose-rainbow-multicolor-arcobaleno-speciale-VIP-con-spumante-Millesimato-Doc..jpg\",\"datePublished\":\"2020-12-30T10:03:03+00:00\",\"dateModified\":\"2025-09-23T07:11:19+00:00\",\"description\":\"The rainbow rose bouquet takes its name from the color of the rainbow: each rose is made up of 6 colors to illuminate any room.\",\"breadcrumb\":{\"@id\":\"https:\\\/\\\/floranixena.it\\\/en\\\/product\\\/multicolored-rose-bouquet\\\/#breadcrumb\"},\"inLanguage\":\"en-US\",\"potentialAction\":[{\"@type\":\"ReadAction\",\"target\":[\"https:\\\/\\\/floranixena.it\\\/en\\\/product\\\/multicolored-rose-bouquet\\\/\"]}]},{\"@type\":\"ImageObject\",\"inLanguage\":\"en-US\",\"@id\":\"https:\\\/\\\/floranixena.it\\\/en\\\/product\\\/multicolored-rose-bouquet\\\/#primaryimage\",\"url\":\"https:\\\/\\\/floranixena.it\\\/wp-content\\\/uploads\\\/2020\\\/09\\\/Bouquet-di-rose-rainbow-multicolor-arcobaleno-speciale-VIP-con-spumante-Millesimato-Doc..jpg\",\"contentUrl\":\"https:\\\/\\\/floranixena.it\\\/wp-content\\\/uploads\\\/2020\\\/09\\\/Bouquet-di-rose-rainbow-multicolor-arcobaleno-speciale-VIP-con-spumante-Millesimato-Doc..jpg\",\"width\":800,\"height\":800,\"caption\":\"Colori, bollicine e emozioni: il regalo che celebra ogni momento con eleganza.\"},{\"@type\":\"BreadcrumbList\",\"@id\":\"https:\\\/\\\/floranixena.it\\\/en\\\/product\\\/multicolored-rose-bouquet\\\/#breadcrumb\",\"itemListElement\":[{\"@type\":\"ListItem\",\"position\":1,\"name\":\"Home\",\"item\":\"https:\\\/\\\/floranixena.it\\\/en\\\/\"},{\"@type\":\"ListItem\",\"position\":2,\"name\":\"Shop\",\"item\":\"https:\\\/\\\/floranixena.it\\\/en\\\/shop\\\/\"},{\"@type\":\"ListItem\",\"position\":3,\"name\":\"Rainbow bouquets\"}]},{\"@type\":\"WebSite\",\"@id\":\"https:\\\/\\\/floranixena.it\\\/en\\\/#website\",\"url\":\"https:\\\/\\\/floranixena.it\\\/en\\\/\",\"name\":\"FloraNixena - Consegna fiori a domicilio in Italia\",\"description\":\"Invia fiori che raccontano storie\",\"publisher\":{\"@id\":\"https:\\\/\\\/floranixena.it\\\/en\\\/#organization\"},\"alternateName\":\"FloraNixena.it\",\"potentialAction\":[{\"@type\":\"SearchAction\",\"target\":{\"@type\":\"EntryPoint\",\"urlTemplate\":\"https:\\\/\\\/floranixena.it\\\/en\\\/?s={search_term_string}\"},\"query-input\":{\"@type\":\"PropertyValueSpecification\",\"valueRequired\":true,\"valueName\":\"search_term_string\"}}],\"inLanguage\":\"en-US\"},{\"@type\":\"Organization\",\"@id\":\"https:\\\/\\\/floranixena.it\\\/en\\\/#organization\",\"name\":\"FloraNixena.it - Consegna mazzi di fiori, bouquet e piante a domicilio\",\"url\":\"https:\\\/\\\/floranixena.it\\\/en\\\/\",\"logo\":{\"@type\":\"ImageObject\",\"inLanguage\":\"en-US\",\"@id\":\"https:\\\/\\\/floranixena.it\\\/en\\\/#\\\/schema\\\/logo\\\/image\\\/\",\"url\":\"https:\\\/\\\/floranixena.it\\\/wp-content\\\/uploads\\\/2018\\\/11\\\/logo-fucsia.png\",\"contentUrl\":\"https:\\\/\\\/floranixena.it\\\/wp-content\\\/uploads\\\/2018\\\/11\\\/logo-fucsia.png\",\"width\":315,\"height\":81,\"caption\":\"FloraNixena.it - Consegna mazzi di fiori, bouquet e piante a domicilio\"},\"image\":{\"@id\":\"https:\\\/\\\/floranixena.it\\\/en\\\/#\\\/schema\\\/logo\\\/image\\\/\"},\"sameAs\":[\"https:\\\/\\\/www.facebook.com\\\/FloraNixena\\\/\",\"https:\\\/\\\/www.instagram.com\\\/floranixena.it\\\/\",\"https:\\\/\\\/www.youtube.com\\\/channel\\\/UCAfCWXMBezO96jgPjiUgpkA\"],\"description\":\"Chi Siamo? FloraNixena \u00e8 il partner di fiducia per la consegna di fiori freschi a domicilio. Con anni di esperienza nel settore floreale, siamo dedicati a portare la bellezza e la freschezza dei fiori direttamente alla vostra porta. La Nostra Missione La nostra missione \u00e8 trasformare ogni occasione in un momento speciale attraverso la magia dei fiori. Crediamo che un bouquet possa dire pi\u00f9 di mille parole e lavoriamo instancabilmente per assicurarci che ogni consegna porti gioia, amore e bellezza. Cosa Offriamo? Fiori Freschi: Collaboriamo con i migliori fornitori locali per garantire che i nostri fiori siano sempre freschi e di alta qualit\u00e0. Consegna Rapida e Puntuale: Offriamo un servizio di consegna rapido e affidabile, con la possibilit\u00e0 di scegliere la fascia oraria che pi\u00f9 vi conviene. Ampia Selezione: Dalle rose classiche ai bouquet personalizzati, abbiamo una vasta gamma di opzioni per soddisfare ogni gusto e occasione. Assistenza Clienti: Il nostro team \u00e8 sempre a disposizione per assistervi nella scelta del bouquet perfetto e per garantire un'esperienza di acquisto senza intoppi. Perch\u00e9 Sceglierci? Qualit\u00e0 Garantita: Ogni bouquet \u00e8 realizzato con cura dai nostri esperti fioristi, garantendo che ogni composizione sia un'opera d'arte. Servizio Personalizzato: Che sia per un anniversario, un compleanno, una celebrazione o un momento di condoglianza, personalizziamo ogni ordine per rispondere alle vostre esigenze specifiche. Soddisfazione del Cliente: La vostra soddisfazione \u00e8 la nostra priorit\u00e0 assoluta. Facciamo tutto il possibile per assicurarci che ogni consegna superi le vostre aspettative.\",\"email\":\"amministrazione@floranixena.it\",\"telephone\":\"3806342394\",\"legalName\":\"Gaetano Votadoro\"}]}<\/script>\n<!-- \/ Yoast SEO Premium plugin. -->","yoast_head_json":{"title":"Bouquet of Rainbow Roses FloraNixena - flower and plant delivery","description":"The rainbow rose bouquet takes its name from the color of the rainbow: each rose is made up of 6 colors to illuminate any room.","robots":{"index":"index","follow":"follow","max-snippet":"max-snippet:-1","max-image-preview":"max-image-preview:large","max-video-preview":"max-video-preview:-1"},"canonical":"https:\/\/floranixena.it\/en\/product\/multicolored-rose-bouquet\/","og_locale":"en_US","og_type":"article","og_title":"Rainbow bouquets","og_description":"24 Rose Rainbow  Jute fabric  Pink ribbon  Decorative leaves  Prosecco Millesimato 0.75l bottle Free delivery on this item &nbsp; We recommend ordering this item a few days in advance, as it may not be available for same-day delivery, or ask for availability via chat. These Roses take on these particular colors due to a long and laborious chemical treatment.   Vase not included.","og_url":"https:\/\/floranixena.it\/en\/product\/multicolored-rose-bouquet\/","og_site_name":"FloraNixena - flower and plant delivery","article_publisher":"https:\/\/www.facebook.com\/FloraNixena\/","article_modified_time":"2025-09-23T07:11:19+00:00","og_image":[{"width":800,"height":800,"url":"https:\/\/floranixena.it\/wp-content\/uploads\/2020\/09\/Bouquet-di-rose-rainbow-multicolor-arcobaleno-speciale-VIP-con-spumante-Millesimato-Doc..jpg","type":"image\/jpeg"}],"twitter_card":"summary_large_image","twitter_misc":{"Est. reading time":"2 minutes"},"schema":{"@context":"https:\/\/schema.org","@graph":[{"@type":"WebPage","@id":"https:\/\/floranixena.it\/en\/product\/multicolored-rose-bouquet\/","url":"https:\/\/floranixena.it\/en\/product\/multicolored-rose-bouquet\/","name":"Bouquet of Rainbow Roses FloraNixena - flower and plant delivery","isPartOf":{"@id":"https:\/\/floranixena.it\/en\/#website"},"primaryImageOfPage":{"@id":"https:\/\/floranixena.it\/en\/product\/multicolored-rose-bouquet\/#primaryimage"},"image":{"@id":"https:\/\/floranixena.it\/en\/product\/multicolored-rose-bouquet\/#primaryimage"},"thumbnailUrl":"https:\/\/floranixena.it\/wp-content\/uploads\/2020\/09\/Bouquet-di-rose-rainbow-multicolor-arcobaleno-speciale-VIP-con-spumante-Millesimato-Doc..jpg","datePublished":"2020-12-30T10:03:03+00:00","dateModified":"2025-09-23T07:11:19+00:00","description":"The rainbow rose bouquet takes its name from the color of the rainbow: each rose is made up of 6 colors to illuminate any room.","breadcrumb":{"@id":"https:\/\/floranixena.it\/en\/product\/multicolored-rose-bouquet\/#breadcrumb"},"inLanguage":"en-US","potentialAction":[{"@type":"ReadAction","target":["https:\/\/floranixena.it\/en\/product\/multicolored-rose-bouquet\/"]}]},{"@type":"ImageObject","inLanguage":"en-US","@id":"https:\/\/floranixena.it\/en\/product\/multicolored-rose-bouquet\/#primaryimage","url":"https:\/\/floranixena.it\/wp-content\/uploads\/2020\/09\/Bouquet-di-rose-rainbow-multicolor-arcobaleno-speciale-VIP-con-spumante-Millesimato-Doc..jpg","contentUrl":"https:\/\/floranixena.it\/wp-content\/uploads\/2020\/09\/Bouquet-di-rose-rainbow-multicolor-arcobaleno-speciale-VIP-con-spumante-Millesimato-Doc..jpg","width":800,"height":800,"caption":"Colori, bollicine e emozioni: il regalo che celebra ogni momento con eleganza."},{"@type":"BreadcrumbList","@id":"https:\/\/floranixena.it\/en\/product\/multicolored-rose-bouquet\/#breadcrumb","itemListElement":[{"@type":"ListItem","position":1,"name":"Home","item":"https:\/\/floranixena.it\/en\/"},{"@type":"ListItem","position":2,"name":"Shop","item":"https:\/\/floranixena.it\/en\/shop\/"},{"@type":"ListItem","position":3,"name":"Rainbow bouquets"}]},{"@type":"WebSite","@id":"https:\/\/floranixena.it\/en\/#website","url":"https:\/\/floranixena.it\/en\/","name":"FloraNixena - Consegna fiori a domicilio in Italia","description":"Invia fiori che raccontano storie","publisher":{"@id":"https:\/\/floranixena.it\/en\/#organization"},"alternateName":"FloraNixena.it","potentialAction":[{"@type":"SearchAction","target":{"@type":"EntryPoint","urlTemplate":"https:\/\/floranixena.it\/en\/?s={search_term_string}"},"query-input":{"@type":"PropertyValueSpecification","valueRequired":true,"valueName":"search_term_string"}}],"inLanguage":"en-US"},{"@type":"Organization","@id":"https:\/\/floranixena.it\/en\/#organization","name":"FloraNixena.it - Consegna mazzi di fiori, bouquet e piante a domicilio","url":"https:\/\/floranixena.it\/en\/","logo":{"@type":"ImageObject","inLanguage":"en-US","@id":"https:\/\/floranixena.it\/en\/#\/schema\/logo\/image\/","url":"https:\/\/floranixena.it\/wp-content\/uploads\/2018\/11\/logo-fucsia.png","contentUrl":"https:\/\/floranixena.it\/wp-content\/uploads\/2018\/11\/logo-fucsia.png","width":315,"height":81,"caption":"FloraNixena.it - Consegna mazzi di fiori, bouquet e piante a domicilio"},"image":{"@id":"https:\/\/floranixena.it\/en\/#\/schema\/logo\/image\/"},"sameAs":["https:\/\/www.facebook.com\/FloraNixena\/","https:\/\/www.instagram.com\/floranixena.it\/","https:\/\/www.youtube.com\/channel\/UCAfCWXMBezO96jgPjiUgpkA"],"description":"Chi Siamo? FloraNixena \u00e8 il partner di fiducia per la consegna di fiori freschi a domicilio. Con anni di esperienza nel settore floreale, siamo dedicati a portare la bellezza e la freschezza dei fiori direttamente alla vostra porta. La Nostra Missione La nostra missione \u00e8 trasformare ogni occasione in un momento speciale attraverso la magia dei fiori. Crediamo che un bouquet possa dire pi\u00f9 di mille parole e lavoriamo instancabilmente per assicurarci che ogni consegna porti gioia, amore e bellezza. Cosa Offriamo? Fiori Freschi: Collaboriamo con i migliori fornitori locali per garantire che i nostri fiori siano sempre freschi e di alta qualit\u00e0. Consegna Rapida e Puntuale: Offriamo un servizio di consegna rapido e affidabile, con la possibilit\u00e0 di scegliere la fascia oraria che pi\u00f9 vi conviene. Ampia Selezione: Dalle rose classiche ai bouquet personalizzati, abbiamo una vasta gamma di opzioni per soddisfare ogni gusto e occasione. Assistenza Clienti: Il nostro team \u00e8 sempre a disposizione per assistervi nella scelta del bouquet perfetto e per garantire un'esperienza di acquisto senza intoppi. Perch\u00e9 Sceglierci? Qualit\u00e0 Garantita: Ogni bouquet \u00e8 realizzato con cura dai nostri esperti fioristi, garantendo che ogni composizione sia un'opera d'arte. Servizio Personalizzato: Che sia per un anniversario, un compleanno, una celebrazione o un momento di condoglianza, personalizziamo ogni ordine per rispondere alle vostre esigenze specifiche. Soddisfazione del Cliente: La vostra soddisfazione \u00e8 la nostra priorit\u00e0 assoluta. Facciamo tutto il possibile per assicurarci che ogni consegna superi le vostre aspettative.","email":"amministrazione@floranixena.it","telephone":"3806342394","legalName":"Gaetano Votadoro"}]}},"_links":{"self":[{"href":"https:\/\/floranixena.it\/en\/wp-json\/wp\/v2\/product\/10152","targetHints":{"allow":["GET"]}}],"collection":[{"href":"https:\/\/floranixena.it\/en\/wp-json\/wp\/v2\/product"}],"about":[{"href":"https:\/\/floranixena.it\/en\/wp-json\/wp\/v2\/types\/product"}],"replies":[{"embeddable":true,"href":"https:\/\/floranixena.it\/en\/wp-json\/wp\/v2\/comments?post=10152"}],"wp:featuredmedia":[{"embeddable":true,"href":"https:\/\/floranixena.it\/en\/wp-json\/wp\/v2\/media\/10029"}],"wp:attachment":[{"href":"https:\/\/floranixena.it\/en\/wp-json\/wp\/v2\/media?parent=10152"}],"wp:term":[{"taxonomy":"product_brand","embeddable":true,"href":"https:\/\/floranixena.it\/en\/wp-json\/wp\/v2\/product_brand?post=10152"},{"taxonomy":"product_cat","embeddable":true,"href":"https:\/\/floranixena.it\/en\/wp-json\/wp\/v2\/product_cat?post=10152"},{"taxonomy":"product_tag","embeddable":true,"href":"https:\/\/floranixena.it\/en\/wp-json\/wp\/v2\/product_tag?post=10152"}],"curies":[{"name":"wp","href":"https:\/\/api.w.org\/{rel}","templated":true}]}}