{"id":10114,"date":"2025-09-15T10:39:38","date_gmt":"2025-09-15T08:39:38","guid":{"rendered":"https:\/\/floranixena.it\/invia-fiori-e-piante\/basket-of-wine-roses-and-berries\/"},"modified":"2025-08-21T11:39:02","modified_gmt":"2025-08-21T09:39:02","slug":"wicker-basket-with-roses-and-wine","status":"publish","type":"product","link":"https:\/\/floranixena.it\/en\/product\/wicker-basket-with-roses-and-wine\/","title":{"rendered":"Basket of wine, roses and berries"},"content":{"rendered":"<p>Are you thinking of the perfect gift for this <strong>Christmas<\/strong>?<br \/>\nThis basket is a perfect gift for those who love wine and flowers. The <strong>wicker basket <\/strong>is decorated with <strong>five beautiful<a href=\"https:\/\/floranixena.it\/en\/prodotto\/bouquet-of-red-roses-and-gypsophila\/\"> red roses<\/a><\/strong>, <strong>white and green daisies<\/strong> and <strong>red Ilex or Hypericum berries<\/strong>, all expertly arranged with<strong> gypsophila and aralia<\/strong> leaves to decorate the greenery. The flowers are placed inside a moistened sponge which keeps the quality of the flowers unchanged, keeping them fresh and lively for as long as possible. The basket also includes a<a href=\"https:\/\/floranixena.it\/en\/tag\/red-wine\/\" target=\"_blank\" rel=\"noopener\"> bottle of DOC red wine<\/a>, making it a perfect Christmas gift for those who love good wine and beautiful flowers. The wicker handle makes it easy to carry and carry, making it a great gift choice for any occasion.    <\/p>\n<p>Whether it&#8217;s a birthday, anniversary or any special occasion, this wicker basket with roses and wine will make your loved ones feel special and appreciated. It&#8217;s a great <a href=\"https:\/\/floranixena.it\/en\/catalog\/vases-and-gifts\/\" target=\"_blank\" rel=\"noopener\">gift <\/a>for anyone. <\/p>\n<p>Delivery of this product is free and guaranteed by our network of local florists.<\/p>\n<p>This basket has a truly unique floral arrangement and will give a touch of beauty to any environment in which you place it.<\/p>\n","protected":false},"excerpt":{"rendered":"<ul>\n<li>Basket with a wicker handle<\/li>\n<li>5 Red Roses<\/li>\n<li>White and green daisies<\/li>\n<li>Berries of Ilex or Red Hypericum<\/li>\n<li>Gypsophila<\/li>\n<li>Moist sponge<\/li>\n<li>Aralia Leaves (Decorative Green)<\/li>\n<li>1 bottle of red wine DOC<\/li>\n<li>The flowers are inserted inside a moistened sponge, that keeps the quality of the flowers unaltered, while the composition is set up with red organza and delivered with shiny cellophane and red bow.<\/li>\n<\/ul>\n<p><span style=\"color: #008000;\"><strong>Free delivery on this product<\/strong><\/span><\/p>\n","protected":false},"featured_media":10015,"comment_status":"open","ping_status":"closed","template":"","meta":[],"product_brand":[],"product_cat":[2354,2356,2340,2357,2361,2360,2359,2355,2358,2362,2353],"product_tag":[2363,2343,2365,2367,2366,2364,2368],"class_list":{"0":"post-10114","1":"product","2":"type-product","3":"status-publish","4":"has-post-thumbnail","6":"product_cat-5th-anniversary-wedding-of-silk","7":"product_cat-birthday","8":"product_cat-christmas","9":"product_cat-classic-and-romantic-flowers","10":"product_cat-for-new-revelations","11":"product_cat-for-the-wife-or-girlfriend","12":"product_cat-for-wife-or-girlfriend","13":"product_cat-love-and-romance","14":"product_cat-occasion","15":"product_cat-roses","16":"product_cat-valentines-day","17":"product_tag-basket-of-red-roses","18":"product_tag-christmas","19":"product_tag-christmas-basket","20":"product_tag-red-roses","21":"product_tag-romantic","22":"product_tag-wicker-basket","23":"product_tag-wine","25":"first","26":"instock","27":"shipping-taxable","28":"purchasable","29":"product-type-simple"},"yoast_head":"<!-- This site is optimized with the Yoast SEO Premium plugin v27.5 (Yoast SEO v27.5) - https:\/\/yoast.com\/product\/yoast-seo-premium-wordpress\/ -->\n<title>Wicker basket with red roses, berries and wine - FloraNixena<\/title>\n<meta name=\"description\" content=\"Wicker basket with roses and wine to send to your home for Christmas. The basket is made of wicker with a red bow and decorative balls to make it unique.\" \/>\n<meta name=\"robots\" content=\"index, follow, max-snippet:-1, max-image-preview:large, max-video-preview:-1\" \/>\n<link rel=\"canonical\" href=\"https:\/\/floranixena.it\/en\/product\/wicker-basket-with-roses-and-wine\/\" \/>\n<meta property=\"og:locale\" content=\"en_US\" \/>\n<meta property=\"og:type\" content=\"article\" \/>\n<meta property=\"og:title\" content=\"Basket of wine, roses and berries\" \/>\n<meta property=\"og:description\" content=\"Basket with a wicker handle  5 Red Roses  White and green daisies  Berries of Ilex or Red Hypericum  Gypsophila  Moist sponge  Aralia Leaves (Decorative Green)  1 bottle of red wine DOC  The flowers are inserted inside a moistened sponge, that keeps the quality of the flowers unaltered, while the composition is set up with red organza and delivered with shiny cellophane and red bow. Free delivery on this product\" \/>\n<meta property=\"og:url\" content=\"https:\/\/floranixena.it\/en\/product\/wicker-basket-with-roses-and-wine\/\" \/>\n<meta property=\"og:site_name\" content=\"FloraNixena - flower and plant delivery\" \/>\n<meta property=\"article:publisher\" content=\"https:\/\/www.facebook.com\/FloraNixena\/\" \/>\n<meta property=\"og:image\" content=\"https:\/\/floranixena.it\/wp-content\/uploads\/2020\/11\/Cesta-in-vimini-con-rose-rosse-e-vino.jpg\" \/>\n\t<meta property=\"og:image:width\" content=\"800\" \/>\n\t<meta property=\"og:image:height\" content=\"800\" \/>\n\t<meta property=\"og:image:type\" content=\"image\/jpeg\" \/>\n<meta name=\"twitter:card\" content=\"summary_large_image\" \/>\n<meta name=\"twitter:label1\" content=\"Est. reading time\" \/>\n\t<meta name=\"twitter:data1\" content=\"1 minute\" \/>\n<script type=\"application\/ld+json\" class=\"yoast-schema-graph\">{\"@context\":\"https:\\\/\\\/schema.org\",\"@graph\":[{\"@type\":\"WebPage\",\"@id\":\"https:\\\/\\\/floranixena.it\\\/en\\\/product\\\/wicker-basket-with-roses-and-wine\\\/\",\"url\":\"https:\\\/\\\/floranixena.it\\\/en\\\/product\\\/wicker-basket-with-roses-and-wine\\\/\",\"name\":\"Wicker basket with red roses, berries and wine - FloraNixena\",\"isPartOf\":{\"@id\":\"https:\\\/\\\/floranixena.it\\\/en\\\/#website\"},\"primaryImageOfPage\":{\"@id\":\"https:\\\/\\\/floranixena.it\\\/en\\\/product\\\/wicker-basket-with-roses-and-wine\\\/#primaryimage\"},\"image\":{\"@id\":\"https:\\\/\\\/floranixena.it\\\/en\\\/product\\\/wicker-basket-with-roses-and-wine\\\/#primaryimage\"},\"thumbnailUrl\":\"https:\\\/\\\/floranixena.it\\\/wp-content\\\/uploads\\\/2020\\\/11\\\/Cesta-in-vimini-con-rose-rosse-e-vino.jpg\",\"datePublished\":\"2025-09-15T08:39:38+00:00\",\"description\":\"Wicker basket with roses and wine to send to your home for Christmas. The basket is made of wicker with a red bow and decorative balls to make it unique.\",\"breadcrumb\":{\"@id\":\"https:\\\/\\\/floranixena.it\\\/en\\\/product\\\/wicker-basket-with-roses-and-wine\\\/#breadcrumb\"},\"inLanguage\":\"en-US\",\"potentialAction\":[{\"@type\":\"ReadAction\",\"target\":[\"https:\\\/\\\/floranixena.it\\\/en\\\/product\\\/wicker-basket-with-roses-and-wine\\\/\"]}]},{\"@type\":\"ImageObject\",\"inLanguage\":\"en-US\",\"@id\":\"https:\\\/\\\/floranixena.it\\\/en\\\/product\\\/wicker-basket-with-roses-and-wine\\\/#primaryimage\",\"url\":\"https:\\\/\\\/floranixena.it\\\/wp-content\\\/uploads\\\/2020\\\/11\\\/Cesta-in-vimini-con-rose-rosse-e-vino.jpg\",\"contentUrl\":\"https:\\\/\\\/floranixena.it\\\/wp-content\\\/uploads\\\/2020\\\/11\\\/Cesta-in-vimini-con-rose-rosse-e-vino.jpg\",\"width\":800,\"height\":800,\"caption\":\"Un brindisi alla bellezza: vino e fiori per emozioni che durano.\"},{\"@type\":\"BreadcrumbList\",\"@id\":\"https:\\\/\\\/floranixena.it\\\/en\\\/product\\\/wicker-basket-with-roses-and-wine\\\/#breadcrumb\",\"itemListElement\":[{\"@type\":\"ListItem\",\"position\":1,\"name\":\"Home\",\"item\":\"https:\\\/\\\/floranixena.it\\\/en\\\/\"},{\"@type\":\"ListItem\",\"position\":2,\"name\":\"Shop\",\"item\":\"https:\\\/\\\/floranixena.it\\\/en\\\/shop\\\/\"},{\"@type\":\"ListItem\",\"position\":3,\"name\":\"Basket of wine, roses and berries\"}]},{\"@type\":\"WebSite\",\"@id\":\"https:\\\/\\\/floranixena.it\\\/en\\\/#website\",\"url\":\"https:\\\/\\\/floranixena.it\\\/en\\\/\",\"name\":\"FloraNixena - Consegna fiori a domicilio in Italia\",\"description\":\"Invia fiori che raccontano storie\",\"publisher\":{\"@id\":\"https:\\\/\\\/floranixena.it\\\/en\\\/#organization\"},\"alternateName\":\"FloraNixena.it\",\"potentialAction\":[{\"@type\":\"SearchAction\",\"target\":{\"@type\":\"EntryPoint\",\"urlTemplate\":\"https:\\\/\\\/floranixena.it\\\/en\\\/?s={search_term_string}\"},\"query-input\":{\"@type\":\"PropertyValueSpecification\",\"valueRequired\":true,\"valueName\":\"search_term_string\"}}],\"inLanguage\":\"en-US\"},{\"@type\":\"Organization\",\"@id\":\"https:\\\/\\\/floranixena.it\\\/en\\\/#organization\",\"name\":\"FloraNixena.it - Consegna mazzi di fiori, bouquet e piante a domicilio\",\"url\":\"https:\\\/\\\/floranixena.it\\\/en\\\/\",\"logo\":{\"@type\":\"ImageObject\",\"inLanguage\":\"en-US\",\"@id\":\"https:\\\/\\\/floranixena.it\\\/en\\\/#\\\/schema\\\/logo\\\/image\\\/\",\"url\":\"https:\\\/\\\/floranixena.it\\\/wp-content\\\/uploads\\\/2018\\\/11\\\/logo-fucsia.png\",\"contentUrl\":\"https:\\\/\\\/floranixena.it\\\/wp-content\\\/uploads\\\/2018\\\/11\\\/logo-fucsia.png\",\"width\":315,\"height\":81,\"caption\":\"FloraNixena.it - Consegna mazzi di fiori, bouquet e piante a domicilio\"},\"image\":{\"@id\":\"https:\\\/\\\/floranixena.it\\\/en\\\/#\\\/schema\\\/logo\\\/image\\\/\"},\"sameAs\":[\"https:\\\/\\\/www.facebook.com\\\/FloraNixena\\\/\",\"https:\\\/\\\/www.instagram.com\\\/floranixena.it\\\/\",\"https:\\\/\\\/www.youtube.com\\\/channel\\\/UCAfCWXMBezO96jgPjiUgpkA\"],\"description\":\"Chi Siamo? FloraNixena \u00e8 il partner di fiducia per la consegna di fiori freschi a domicilio. Con anni di esperienza nel settore floreale, siamo dedicati a portare la bellezza e la freschezza dei fiori direttamente alla vostra porta. La Nostra Missione La nostra missione \u00e8 trasformare ogni occasione in un momento speciale attraverso la magia dei fiori. Crediamo che un bouquet possa dire pi\u00f9 di mille parole e lavoriamo instancabilmente per assicurarci che ogni consegna porti gioia, amore e bellezza. Cosa Offriamo? Fiori Freschi: Collaboriamo con i migliori fornitori locali per garantire che i nostri fiori siano sempre freschi e di alta qualit\u00e0. Consegna Rapida e Puntuale: Offriamo un servizio di consegna rapido e affidabile, con la possibilit\u00e0 di scegliere la fascia oraria che pi\u00f9 vi conviene. Ampia Selezione: Dalle rose classiche ai bouquet personalizzati, abbiamo una vasta gamma di opzioni per soddisfare ogni gusto e occasione. Assistenza Clienti: Il nostro team \u00e8 sempre a disposizione per assistervi nella scelta del bouquet perfetto e per garantire un'esperienza di acquisto senza intoppi. Perch\u00e9 Sceglierci? Qualit\u00e0 Garantita: Ogni bouquet \u00e8 realizzato con cura dai nostri esperti fioristi, garantendo che ogni composizione sia un'opera d'arte. Servizio Personalizzato: Che sia per un anniversario, un compleanno, una celebrazione o un momento di condoglianza, personalizziamo ogni ordine per rispondere alle vostre esigenze specifiche. Soddisfazione del Cliente: La vostra soddisfazione \u00e8 la nostra priorit\u00e0 assoluta. Facciamo tutto il possibile per assicurarci che ogni consegna superi le vostre aspettative.\",\"email\":\"amministrazione@floranixena.it\",\"telephone\":\"3806342394\",\"legalName\":\"Gaetano Votadoro\"}]}<\/script>\n<!-- \/ Yoast SEO Premium plugin. -->","yoast_head_json":{"title":"Wicker basket with red roses, berries and wine - FloraNixena","description":"Wicker basket with roses and wine to send to your home for Christmas. The basket is made of wicker with a red bow and decorative balls to make it unique.","robots":{"index":"index","follow":"follow","max-snippet":"max-snippet:-1","max-image-preview":"max-image-preview:large","max-video-preview":"max-video-preview:-1"},"canonical":"https:\/\/floranixena.it\/en\/product\/wicker-basket-with-roses-and-wine\/","og_locale":"en_US","og_type":"article","og_title":"Basket of wine, roses and berries","og_description":"Basket with a wicker handle  5 Red Roses  White and green daisies  Berries of Ilex or Red Hypericum  Gypsophila  Moist sponge  Aralia Leaves (Decorative Green)  1 bottle of red wine DOC  The flowers are inserted inside a moistened sponge, that keeps the quality of the flowers unaltered, while the composition is set up with red organza and delivered with shiny cellophane and red bow. Free delivery on this product","og_url":"https:\/\/floranixena.it\/en\/product\/wicker-basket-with-roses-and-wine\/","og_site_name":"FloraNixena - flower and plant delivery","article_publisher":"https:\/\/www.facebook.com\/FloraNixena\/","og_image":[{"width":800,"height":800,"url":"https:\/\/floranixena.it\/wp-content\/uploads\/2020\/11\/Cesta-in-vimini-con-rose-rosse-e-vino.jpg","type":"image\/jpeg"}],"twitter_card":"summary_large_image","twitter_misc":{"Est. reading time":"1 minute"},"schema":{"@context":"https:\/\/schema.org","@graph":[{"@type":"WebPage","@id":"https:\/\/floranixena.it\/en\/product\/wicker-basket-with-roses-and-wine\/","url":"https:\/\/floranixena.it\/en\/product\/wicker-basket-with-roses-and-wine\/","name":"Wicker basket with red roses, berries and wine - FloraNixena","isPartOf":{"@id":"https:\/\/floranixena.it\/en\/#website"},"primaryImageOfPage":{"@id":"https:\/\/floranixena.it\/en\/product\/wicker-basket-with-roses-and-wine\/#primaryimage"},"image":{"@id":"https:\/\/floranixena.it\/en\/product\/wicker-basket-with-roses-and-wine\/#primaryimage"},"thumbnailUrl":"https:\/\/floranixena.it\/wp-content\/uploads\/2020\/11\/Cesta-in-vimini-con-rose-rosse-e-vino.jpg","datePublished":"2025-09-15T08:39:38+00:00","description":"Wicker basket with roses and wine to send to your home for Christmas. The basket is made of wicker with a red bow and decorative balls to make it unique.","breadcrumb":{"@id":"https:\/\/floranixena.it\/en\/product\/wicker-basket-with-roses-and-wine\/#breadcrumb"},"inLanguage":"en-US","potentialAction":[{"@type":"ReadAction","target":["https:\/\/floranixena.it\/en\/product\/wicker-basket-with-roses-and-wine\/"]}]},{"@type":"ImageObject","inLanguage":"en-US","@id":"https:\/\/floranixena.it\/en\/product\/wicker-basket-with-roses-and-wine\/#primaryimage","url":"https:\/\/floranixena.it\/wp-content\/uploads\/2020\/11\/Cesta-in-vimini-con-rose-rosse-e-vino.jpg","contentUrl":"https:\/\/floranixena.it\/wp-content\/uploads\/2020\/11\/Cesta-in-vimini-con-rose-rosse-e-vino.jpg","width":800,"height":800,"caption":"Un brindisi alla bellezza: vino e fiori per emozioni che durano."},{"@type":"BreadcrumbList","@id":"https:\/\/floranixena.it\/en\/product\/wicker-basket-with-roses-and-wine\/#breadcrumb","itemListElement":[{"@type":"ListItem","position":1,"name":"Home","item":"https:\/\/floranixena.it\/en\/"},{"@type":"ListItem","position":2,"name":"Shop","item":"https:\/\/floranixena.it\/en\/shop\/"},{"@type":"ListItem","position":3,"name":"Basket of wine, roses and berries"}]},{"@type":"WebSite","@id":"https:\/\/floranixena.it\/en\/#website","url":"https:\/\/floranixena.it\/en\/","name":"FloraNixena - Consegna fiori a domicilio in Italia","description":"Invia fiori che raccontano storie","publisher":{"@id":"https:\/\/floranixena.it\/en\/#organization"},"alternateName":"FloraNixena.it","potentialAction":[{"@type":"SearchAction","target":{"@type":"EntryPoint","urlTemplate":"https:\/\/floranixena.it\/en\/?s={search_term_string}"},"query-input":{"@type":"PropertyValueSpecification","valueRequired":true,"valueName":"search_term_string"}}],"inLanguage":"en-US"},{"@type":"Organization","@id":"https:\/\/floranixena.it\/en\/#organization","name":"FloraNixena.it - Consegna mazzi di fiori, bouquet e piante a domicilio","url":"https:\/\/floranixena.it\/en\/","logo":{"@type":"ImageObject","inLanguage":"en-US","@id":"https:\/\/floranixena.it\/en\/#\/schema\/logo\/image\/","url":"https:\/\/floranixena.it\/wp-content\/uploads\/2018\/11\/logo-fucsia.png","contentUrl":"https:\/\/floranixena.it\/wp-content\/uploads\/2018\/11\/logo-fucsia.png","width":315,"height":81,"caption":"FloraNixena.it - Consegna mazzi di fiori, bouquet e piante a domicilio"},"image":{"@id":"https:\/\/floranixena.it\/en\/#\/schema\/logo\/image\/"},"sameAs":["https:\/\/www.facebook.com\/FloraNixena\/","https:\/\/www.instagram.com\/floranixena.it\/","https:\/\/www.youtube.com\/channel\/UCAfCWXMBezO96jgPjiUgpkA"],"description":"Chi Siamo? FloraNixena \u00e8 il partner di fiducia per la consegna di fiori freschi a domicilio. Con anni di esperienza nel settore floreale, siamo dedicati a portare la bellezza e la freschezza dei fiori direttamente alla vostra porta. La Nostra Missione La nostra missione \u00e8 trasformare ogni occasione in un momento speciale attraverso la magia dei fiori. Crediamo che un bouquet possa dire pi\u00f9 di mille parole e lavoriamo instancabilmente per assicurarci che ogni consegna porti gioia, amore e bellezza. Cosa Offriamo? Fiori Freschi: Collaboriamo con i migliori fornitori locali per garantire che i nostri fiori siano sempre freschi e di alta qualit\u00e0. Consegna Rapida e Puntuale: Offriamo un servizio di consegna rapido e affidabile, con la possibilit\u00e0 di scegliere la fascia oraria che pi\u00f9 vi conviene. Ampia Selezione: Dalle rose classiche ai bouquet personalizzati, abbiamo una vasta gamma di opzioni per soddisfare ogni gusto e occasione. Assistenza Clienti: Il nostro team \u00e8 sempre a disposizione per assistervi nella scelta del bouquet perfetto e per garantire un'esperienza di acquisto senza intoppi. Perch\u00e9 Sceglierci? Qualit\u00e0 Garantita: Ogni bouquet \u00e8 realizzato con cura dai nostri esperti fioristi, garantendo che ogni composizione sia un'opera d'arte. Servizio Personalizzato: Che sia per un anniversario, un compleanno, una celebrazione o un momento di condoglianza, personalizziamo ogni ordine per rispondere alle vostre esigenze specifiche. Soddisfazione del Cliente: La vostra soddisfazione \u00e8 la nostra priorit\u00e0 assoluta. Facciamo tutto il possibile per assicurarci che ogni consegna superi le vostre aspettative.","email":"amministrazione@floranixena.it","telephone":"3806342394","legalName":"Gaetano Votadoro"}]}},"_links":{"self":[{"href":"https:\/\/floranixena.it\/en\/wp-json\/wp\/v2\/product\/10114","targetHints":{"allow":["GET"]}}],"collection":[{"href":"https:\/\/floranixena.it\/en\/wp-json\/wp\/v2\/product"}],"about":[{"href":"https:\/\/floranixena.it\/en\/wp-json\/wp\/v2\/types\/product"}],"replies":[{"embeddable":true,"href":"https:\/\/floranixena.it\/en\/wp-json\/wp\/v2\/comments?post=10114"}],"wp:featuredmedia":[{"embeddable":true,"href":"https:\/\/floranixena.it\/en\/wp-json\/wp\/v2\/media\/10015"}],"wp:attachment":[{"href":"https:\/\/floranixena.it\/en\/wp-json\/wp\/v2\/media?parent=10114"}],"wp:term":[{"taxonomy":"product_brand","embeddable":true,"href":"https:\/\/floranixena.it\/en\/wp-json\/wp\/v2\/product_brand?post=10114"},{"taxonomy":"product_cat","embeddable":true,"href":"https:\/\/floranixena.it\/en\/wp-json\/wp\/v2\/product_cat?post=10114"},{"taxonomy":"product_tag","embeddable":true,"href":"https:\/\/floranixena.it\/en\/wp-json\/wp\/v2\/product_tag?post=10114"}],"curies":[{"name":"wp","href":"https:\/\/api.w.org\/{rel}","templated":true}]}}