{"id":10888,"date":"2025-11-18T15:46:40","date_gmt":"2025-11-18T14:46:40","guid":{"rendered":"https:\/\/floranixena.it\/methods-of-payment\/"},"modified":"2023-07-21T14:21:44","modified_gmt":"2023-07-21T12:21:44","slug":"methods-of-payment","status":"publish","type":"page","link":"https:\/\/floranixena.it\/en\/methods-of-payment\/","title":{"rendered":"Methods of payment"},"content":{"rendered":"<h1>Easy pay<\/h1>\n<ul>\n<li>Many ways to pay to meet your needs.<\/li>\n<li><strong>Online<\/strong> by Credit Card, PayPal, Bank Transfer*.<\/li>\n<li>100% <strong>Safe<\/strong><\/li>\n<\/ul>\n<hr>\n<h4 style=\"text-align: left;\">Main payment options we use<\/h4>\n<p><img loading=\"lazy\" decoding=\"async\" src=\"https:\/\/floranixena.it\/wp-content\/uploads\/2018\/12\/pagamenti-floranixena-2.png\" alt=\"\" width=\"400\" height=\"49\"> <img loading=\"lazy\" decoding=\"async\" src=\"https:\/\/floranixena.it\/wp-content\/uploads\/2018\/12\/pagamenti-floranixena-1.png\" alt=\"\" width=\"400\" height=\"49\"><\/p>\n<p>\t\t\t\t\t\t\t\t\t\t\t\t<img decoding=\"async\" width=\"520\" height=\"365\" src=\"https:\/\/floranixena.it\/wp-content\/uploads\/2018\/12\/pagamenti-sicuri-con-floranixena-paypal-mastercard-visa-american-express-bonifico-bancario.jpg\" alt=\"\" loading=\"lazy\" srcset=\"https:\/\/floranixena.it\/wp-content\/uploads\/2018\/12\/pagamenti-sicuri-con-floranixena-paypal-mastercard-visa-american-express-bonifico-bancario.jpg 520w, https:\/\/floranixena.it\/wp-content\/uploads\/2018\/12\/pagamenti-sicuri-con-floranixena-paypal-mastercard-visa-american-express-bonifico-bancario-500x351.jpg 500w\" sizes=\"auto, (max-width: 520px) 100vw, 520px\" \/>\t\t\t\t\t\t\t\t\t\t\t\t\t\t<\/p>\n<hr \/>\n<h3>Pay online now by Credit Card, Paypal or bank transfer<\/h3>\n<p>Wherever you are, even on the go and safely.<\/p>\n<ul>\n<li>Verify transaction thanks to payment confirmation email<\/li>\n<li>Choose PayPal and don&#8217;t use your credit card information<\/li>\n<li>For maximum convenience register your credit card. You are safe,secure and pay in one click<br \/>\n<hr \/>\n<\/li>\n<\/ul>\n","protected":false},"excerpt":{"rendered":"<p>Easy pay Many ways to pay to meet your needs. Online by Credit Card, PayPal, Bank Transfer*. 100% Safe Main payment options we use Pay online now by Credit Card, Paypal or bank transfer Wherever you are, even on the go and safely. Verify transaction thanks to payment confirmation email Choose PayPal and don&#8217;t use [&hellip;]<\/p>\n","protected":false},"author":2,"featured_media":0,"parent":0,"menu_order":0,"comment_status":"closed","ping_status":"closed","template":"","meta":{"footnotes":""},"class_list":["post-10888","page","type-page","status-publish","hentry"],"yoast_head":"<!-- This site is optimized with the Yoast SEO Premium plugin v27.5 (Yoast SEO v27.5) - https:\/\/yoast.com\/product\/yoast-seo-premium-wordpress\/ -->\n<title>Method of payment - FloraNixena - flower and plant delivery<\/title>\n<meta name=\"description\" content=\"On this page you will find all the details on how to pay for ordering bouquets and bouquets with floranixena, via payapal, visa, mastercard\" \/>\n<meta name=\"robots\" content=\"index, follow, max-snippet:-1, max-image-preview:large, max-video-preview:-1\" \/>\n<link rel=\"canonical\" href=\"https:\/\/floranixena.it\/en\/methods-of-payment\/\" \/>\n<meta property=\"og:locale\" content=\"en_US\" \/>\n<meta property=\"og:type\" content=\"article\" \/>\n<meta property=\"og:title\" content=\"Methods of payment\" \/>\n<meta property=\"og:description\" content=\"Easy pay Many ways to pay to meet your needs. Online by Credit Card, PayPal, Bank Transfer*. 100% Safe Main payment options we use Pay online now by\" \/>\n<meta property=\"og:url\" content=\"https:\/\/floranixena.it\/en\/methods-of-payment\/\" \/>\n<meta property=\"og:site_name\" content=\"FloraNixena - flower and plant delivery\" \/>\n<meta property=\"article:publisher\" content=\"https:\/\/www.facebook.com\/FloraNixena\/\" \/>\n<meta property=\"og:image\" content=\"https:\/\/floranixena.it\/wp-content\/uploads\/2018\/12\/pagamenti-floranixena-2.png\" \/>\n\t<meta property=\"og:image:width\" content=\"400\" \/>\n\t<meta property=\"og:image:height\" content=\"49\" \/>\n\t<meta property=\"og:image:type\" content=\"image\/png\" \/>\n<meta name=\"twitter:card\" content=\"summary_large_image\" \/>\n<meta name=\"twitter:label1\" content=\"Est. reading time\" \/>\n\t<meta name=\"twitter:data1\" content=\"1 minute\" \/>\n<script type=\"application\/ld+json\" class=\"yoast-schema-graph\">{\"@context\":\"https:\\\/\\\/schema.org\",\"@graph\":[{\"@type\":\"WebPage\",\"@id\":\"https:\\\/\\\/floranixena.it\\\/en\\\/methods-of-payment\\\/\",\"url\":\"https:\\\/\\\/floranixena.it\\\/en\\\/methods-of-payment\\\/\",\"name\":\"Method of payment - FloraNixena - flower and plant delivery\",\"isPartOf\":{\"@id\":\"https:\\\/\\\/floranixena.it\\\/en\\\/#website\"},\"primaryImageOfPage\":{\"@id\":\"https:\\\/\\\/floranixena.it\\\/en\\\/methods-of-payment\\\/#primaryimage\"},\"image\":{\"@id\":\"https:\\\/\\\/floranixena.it\\\/en\\\/methods-of-payment\\\/#primaryimage\"},\"thumbnailUrl\":\"https:\\\/\\\/floranixena.it\\\/wp-content\\\/uploads\\\/2018\\\/12\\\/pagamenti-floranixena-2.png\",\"datePublished\":\"2025-11-18T14:46:40+00:00\",\"description\":\"On this page you will find all the details on how to pay for ordering bouquets and bouquets with floranixena, via payapal, visa, mastercard\",\"breadcrumb\":{\"@id\":\"https:\\\/\\\/floranixena.it\\\/en\\\/methods-of-payment\\\/#breadcrumb\"},\"inLanguage\":\"en-US\",\"potentialAction\":[{\"@type\":\"ReadAction\",\"target\":[\"https:\\\/\\\/floranixena.it\\\/en\\\/methods-of-payment\\\/\"]}]},{\"@type\":\"ImageObject\",\"inLanguage\":\"en-US\",\"@id\":\"https:\\\/\\\/floranixena.it\\\/en\\\/methods-of-payment\\\/#primaryimage\",\"url\":\"https:\\\/\\\/floranixena.it\\\/wp-content\\\/uploads\\\/2018\\\/12\\\/pagamenti-floranixena-2.png\",\"contentUrl\":\"https:\\\/\\\/floranixena.it\\\/wp-content\\\/uploads\\\/2018\\\/12\\\/pagamenti-floranixena-2.png\"},{\"@type\":\"BreadcrumbList\",\"@id\":\"https:\\\/\\\/floranixena.it\\\/en\\\/methods-of-payment\\\/#breadcrumb\",\"itemListElement\":[{\"@type\":\"ListItem\",\"position\":1,\"name\":\"Home\",\"item\":\"https:\\\/\\\/floranixena.it\\\/en\\\/\"},{\"@type\":\"ListItem\",\"position\":2,\"name\":\"Methods of payment\"}]},{\"@type\":\"WebSite\",\"@id\":\"https:\\\/\\\/floranixena.it\\\/en\\\/#website\",\"url\":\"https:\\\/\\\/floranixena.it\\\/en\\\/\",\"name\":\"FloraNixena - Consegna fiori a domicilio in Italia\",\"description\":\"Invia fiori che raccontano storie\",\"publisher\":{\"@id\":\"https:\\\/\\\/floranixena.it\\\/en\\\/#organization\"},\"alternateName\":\"FloraNixena.it\",\"potentialAction\":[{\"@type\":\"SearchAction\",\"target\":{\"@type\":\"EntryPoint\",\"urlTemplate\":\"https:\\\/\\\/floranixena.it\\\/en\\\/?s={search_term_string}\"},\"query-input\":{\"@type\":\"PropertyValueSpecification\",\"valueRequired\":true,\"valueName\":\"search_term_string\"}}],\"inLanguage\":\"en-US\"},{\"@type\":\"Organization\",\"@id\":\"https:\\\/\\\/floranixena.it\\\/en\\\/#organization\",\"name\":\"FloraNixena.it - Consegna mazzi di fiori, bouquet e piante a domicilio\",\"url\":\"https:\\\/\\\/floranixena.it\\\/en\\\/\",\"logo\":{\"@type\":\"ImageObject\",\"inLanguage\":\"en-US\",\"@id\":\"https:\\\/\\\/floranixena.it\\\/en\\\/#\\\/schema\\\/logo\\\/image\\\/\",\"url\":\"https:\\\/\\\/floranixena.it\\\/wp-content\\\/uploads\\\/2018\\\/11\\\/logo-fucsia.png\",\"contentUrl\":\"https:\\\/\\\/floranixena.it\\\/wp-content\\\/uploads\\\/2018\\\/11\\\/logo-fucsia.png\",\"width\":315,\"height\":81,\"caption\":\"FloraNixena.it - Consegna mazzi di fiori, bouquet e piante a domicilio\"},\"image\":{\"@id\":\"https:\\\/\\\/floranixena.it\\\/en\\\/#\\\/schema\\\/logo\\\/image\\\/\"},\"sameAs\":[\"https:\\\/\\\/www.facebook.com\\\/FloraNixena\\\/\",\"https:\\\/\\\/www.instagram.com\\\/floranixena.it\\\/\",\"https:\\\/\\\/www.youtube.com\\\/channel\\\/UCAfCWXMBezO96jgPjiUgpkA\"],\"description\":\"Chi Siamo? FloraNixena \u00e8 il partner di fiducia per la consegna di fiori freschi a domicilio. Con anni di esperienza nel settore floreale, siamo dedicati a portare la bellezza e la freschezza dei fiori direttamente alla vostra porta. La Nostra Missione La nostra missione \u00e8 trasformare ogni occasione in un momento speciale attraverso la magia dei fiori. Crediamo che un bouquet possa dire pi\u00f9 di mille parole e lavoriamo instancabilmente per assicurarci che ogni consegna porti gioia, amore e bellezza. Cosa Offriamo? Fiori Freschi: Collaboriamo con i migliori fornitori locali per garantire che i nostri fiori siano sempre freschi e di alta qualit\u00e0. Consegna Rapida e Puntuale: Offriamo un servizio di consegna rapido e affidabile, con la possibilit\u00e0 di scegliere la fascia oraria che pi\u00f9 vi conviene. Ampia Selezione: Dalle rose classiche ai bouquet personalizzati, abbiamo una vasta gamma di opzioni per soddisfare ogni gusto e occasione. Assistenza Clienti: Il nostro team \u00e8 sempre a disposizione per assistervi nella scelta del bouquet perfetto e per garantire un'esperienza di acquisto senza intoppi. Perch\u00e9 Sceglierci? Qualit\u00e0 Garantita: Ogni bouquet \u00e8 realizzato con cura dai nostri esperti fioristi, garantendo che ogni composizione sia un'opera d'arte. Servizio Personalizzato: Che sia per un anniversario, un compleanno, una celebrazione o un momento di condoglianza, personalizziamo ogni ordine per rispondere alle vostre esigenze specifiche. Soddisfazione del Cliente: La vostra soddisfazione \u00e8 la nostra priorit\u00e0 assoluta. Facciamo tutto il possibile per assicurarci che ogni consegna superi le vostre aspettative.\",\"email\":\"amministrazione@floranixena.it\",\"telephone\":\"3806342394\",\"legalName\":\"Gaetano Votadoro\"}]}<\/script>\n<!-- \/ Yoast SEO Premium plugin. -->","yoast_head_json":{"title":"Method of payment - FloraNixena - flower and plant delivery","description":"On this page you will find all the details on how to pay for ordering bouquets and bouquets with floranixena, via payapal, visa, mastercard","robots":{"index":"index","follow":"follow","max-snippet":"max-snippet:-1","max-image-preview":"max-image-preview:large","max-video-preview":"max-video-preview:-1"},"canonical":"https:\/\/floranixena.it\/en\/methods-of-payment\/","og_locale":"en_US","og_type":"article","og_title":"Methods of payment","og_description":"Easy pay Many ways to pay to meet your needs. Online by Credit Card, PayPal, Bank Transfer*. 100% Safe Main payment options we use Pay online now by","og_url":"https:\/\/floranixena.it\/en\/methods-of-payment\/","og_site_name":"FloraNixena - flower and plant delivery","article_publisher":"https:\/\/www.facebook.com\/FloraNixena\/","og_image":[{"width":400,"height":49,"url":"https:\/\/floranixena.it\/wp-content\/uploads\/2018\/12\/pagamenti-floranixena-2.png","type":"image\/png"}],"twitter_card":"summary_large_image","twitter_misc":{"Est. reading time":"1 minute"},"schema":{"@context":"https:\/\/schema.org","@graph":[{"@type":"WebPage","@id":"https:\/\/floranixena.it\/en\/methods-of-payment\/","url":"https:\/\/floranixena.it\/en\/methods-of-payment\/","name":"Method of payment - FloraNixena - flower and plant delivery","isPartOf":{"@id":"https:\/\/floranixena.it\/en\/#website"},"primaryImageOfPage":{"@id":"https:\/\/floranixena.it\/en\/methods-of-payment\/#primaryimage"},"image":{"@id":"https:\/\/floranixena.it\/en\/methods-of-payment\/#primaryimage"},"thumbnailUrl":"https:\/\/floranixena.it\/wp-content\/uploads\/2018\/12\/pagamenti-floranixena-2.png","datePublished":"2025-11-18T14:46:40+00:00","description":"On this page you will find all the details on how to pay for ordering bouquets and bouquets with floranixena, via payapal, visa, mastercard","breadcrumb":{"@id":"https:\/\/floranixena.it\/en\/methods-of-payment\/#breadcrumb"},"inLanguage":"en-US","potentialAction":[{"@type":"ReadAction","target":["https:\/\/floranixena.it\/en\/methods-of-payment\/"]}]},{"@type":"ImageObject","inLanguage":"en-US","@id":"https:\/\/floranixena.it\/en\/methods-of-payment\/#primaryimage","url":"https:\/\/floranixena.it\/wp-content\/uploads\/2018\/12\/pagamenti-floranixena-2.png","contentUrl":"https:\/\/floranixena.it\/wp-content\/uploads\/2018\/12\/pagamenti-floranixena-2.png"},{"@type":"BreadcrumbList","@id":"https:\/\/floranixena.it\/en\/methods-of-payment\/#breadcrumb","itemListElement":[{"@type":"ListItem","position":1,"name":"Home","item":"https:\/\/floranixena.it\/en\/"},{"@type":"ListItem","position":2,"name":"Methods of payment"}]},{"@type":"WebSite","@id":"https:\/\/floranixena.it\/en\/#website","url":"https:\/\/floranixena.it\/en\/","name":"FloraNixena - Consegna fiori a domicilio in Italia","description":"Invia fiori che raccontano storie","publisher":{"@id":"https:\/\/floranixena.it\/en\/#organization"},"alternateName":"FloraNixena.it","potentialAction":[{"@type":"SearchAction","target":{"@type":"EntryPoint","urlTemplate":"https:\/\/floranixena.it\/en\/?s={search_term_string}"},"query-input":{"@type":"PropertyValueSpecification","valueRequired":true,"valueName":"search_term_string"}}],"inLanguage":"en-US"},{"@type":"Organization","@id":"https:\/\/floranixena.it\/en\/#organization","name":"FloraNixena.it - Consegna mazzi di fiori, bouquet e piante a domicilio","url":"https:\/\/floranixena.it\/en\/","logo":{"@type":"ImageObject","inLanguage":"en-US","@id":"https:\/\/floranixena.it\/en\/#\/schema\/logo\/image\/","url":"https:\/\/floranixena.it\/wp-content\/uploads\/2018\/11\/logo-fucsia.png","contentUrl":"https:\/\/floranixena.it\/wp-content\/uploads\/2018\/11\/logo-fucsia.png","width":315,"height":81,"caption":"FloraNixena.it - Consegna mazzi di fiori, bouquet e piante a domicilio"},"image":{"@id":"https:\/\/floranixena.it\/en\/#\/schema\/logo\/image\/"},"sameAs":["https:\/\/www.facebook.com\/FloraNixena\/","https:\/\/www.instagram.com\/floranixena.it\/","https:\/\/www.youtube.com\/channel\/UCAfCWXMBezO96jgPjiUgpkA"],"description":"Chi Siamo? FloraNixena \u00e8 il partner di fiducia per la consegna di fiori freschi a domicilio. Con anni di esperienza nel settore floreale, siamo dedicati a portare la bellezza e la freschezza dei fiori direttamente alla vostra porta. La Nostra Missione La nostra missione \u00e8 trasformare ogni occasione in un momento speciale attraverso la magia dei fiori. Crediamo che un bouquet possa dire pi\u00f9 di mille parole e lavoriamo instancabilmente per assicurarci che ogni consegna porti gioia, amore e bellezza. Cosa Offriamo? Fiori Freschi: Collaboriamo con i migliori fornitori locali per garantire che i nostri fiori siano sempre freschi e di alta qualit\u00e0. Consegna Rapida e Puntuale: Offriamo un servizio di consegna rapido e affidabile, con la possibilit\u00e0 di scegliere la fascia oraria che pi\u00f9 vi conviene. Ampia Selezione: Dalle rose classiche ai bouquet personalizzati, abbiamo una vasta gamma di opzioni per soddisfare ogni gusto e occasione. Assistenza Clienti: Il nostro team \u00e8 sempre a disposizione per assistervi nella scelta del bouquet perfetto e per garantire un'esperienza di acquisto senza intoppi. Perch\u00e9 Sceglierci? Qualit\u00e0 Garantita: Ogni bouquet \u00e8 realizzato con cura dai nostri esperti fioristi, garantendo che ogni composizione sia un'opera d'arte. Servizio Personalizzato: Che sia per un anniversario, un compleanno, una celebrazione o un momento di condoglianza, personalizziamo ogni ordine per rispondere alle vostre esigenze specifiche. Soddisfazione del Cliente: La vostra soddisfazione \u00e8 la nostra priorit\u00e0 assoluta. Facciamo tutto il possibile per assicurarci che ogni consegna superi le vostre aspettative.","email":"amministrazione@floranixena.it","telephone":"3806342394","legalName":"Gaetano Votadoro"}]}},"_links":{"self":[{"href":"https:\/\/floranixena.it\/en\/wp-json\/wp\/v2\/pages\/10888","targetHints":{"allow":["GET"]}}],"collection":[{"href":"https:\/\/floranixena.it\/en\/wp-json\/wp\/v2\/pages"}],"about":[{"href":"https:\/\/floranixena.it\/en\/wp-json\/wp\/v2\/types\/page"}],"author":[{"embeddable":true,"href":"https:\/\/floranixena.it\/en\/wp-json\/wp\/v2\/users\/2"}],"replies":[{"embeddable":true,"href":"https:\/\/floranixena.it\/en\/wp-json\/wp\/v2\/comments?post=10888"}],"version-history":[{"count":0,"href":"https:\/\/floranixena.it\/en\/wp-json\/wp\/v2\/pages\/10888\/revisions"}],"wp:attachment":[{"href":"https:\/\/floranixena.it\/en\/wp-json\/wp\/v2\/media?parent=10888"}],"curies":[{"name":"wp","href":"https:\/\/api.w.org\/{rel}","templated":true}]}}